{"id":6642,"date":"2024-09-01T13:41:22","date_gmt":"2024-09-01T12:41:22","guid":{"rendered":"https:\/\/butterfly-editions.com\/?post_type=product&#038;p=6642"},"modified":"2026-01-29T11:18:17","modified_gmt":"2026-01-29T10:18:17","slug":"bad-boy-or-hero-de-mady-flynn","status":"publish","type":"product","link":"https:\/\/butterfly-editions.com\/index.php\/produit\/bad-boy-or-hero-de-mady-flynn\/","title":{"rendered":"Bad Boy or Hero ?"},"content":{"rendered":"<p><strong>Succomber au bad boy qui hante ses r\u00eaves ? Ce n&rsquo;\u00e9tait pas dans ses plans, et pourtant&#8230;<\/strong><\/p>\n<p>Owen, bad boy tatou\u00e9, sauve Claire, dix-sept ans, qui se fait agresser \u00e0 la sortie du lyc\u00e9e. Malgr\u00e9 une force de caract\u00e8re et un charisme \u00e9vident, il dispara\u00eet aussi vite qu&rsquo;il est apparu, ne laissant pas \u00e0 la jeune femme le temps de le remercier.<\/p>\n<p>Il a beau lui avoir \u00e9vit\u00e9 un viol collectif, elle plonge en Enfer. Une seule personne peut la sauver, lui.<\/p>\n<p>Quelle n&rsquo;est pas sa surprise quand elle le d\u00e9couvre, un soir, sur le pas de sa porte.<\/p>\n<p>Au gr\u00e9 de leurs rencontres, ils tissent un lien unique, fort, \u00e9vident.<\/p>\n<p>Entre tatouages et vieilles cicatrices, Owen cache pourtant un lourd passif.<\/p>\n<p><em>Et si ses secrets faisaient de lui l&rsquo;\u00e2me la plus bris\u00e9e des deux ?<\/em><\/p>\n<hr \/>\n<p>\u00ab\u00a0La plume de Mady Flynn est extr\u00eamement douce et fluide. Elle a su me faire ressentir les \u00e9motions des personnages qui sont tr\u00e8s attachants. J&rsquo;ai absolument tout ador\u00e9 dans ce roman.\u00a0\u00bb matchoumaya<\/p>\n<div id=\"richProductInformation_feature_div\" class=\"celwidget\" data-feature-name=\"richProductInformation\" data-csa-c-id=\"b27tmy-282sjt-giqord-oqi624\" data-cel-widget=\"richProductInformation_feature_div\"><\/div>\n","protected":false},"excerpt":{"rendered":"<p>Succomber au bad boy qui hante ses r\u00eaves ? Ce n&rsquo;\u00e9tait pas dans ses plans, et pourtant&#8230; Owen, bad boy tatou\u00e9, sauve Claire, dix-sept ans, qui se fait agresser \u00e0 la sortie du lyc\u00e9e. Malgr\u00e9 une force de caract\u00e8re et un charisme \u00e9vident, il dispara\u00eet aussi vite qu&rsquo;il est apparu, ne laissant pas \u00e0 la [&hellip;]<\/p>\n","protected":false},"featured_media":6722,"comment_status":"open","ping_status":"closed","template":"","meta":{"_acf_changed":false,"content-type":""},"product_brand":[],"product_cat":[461],"product_tag":[],"class_list":{"0":"post-6642","1":"product","2":"type-product","3":"status-publish","4":"has-post-thumbnail","6":"product_cat-romance-contemporaine","8":"first","9":"instock","10":"taxable","11":"shipping-taxable","12":"purchasable","13":"product-type-variable"},"acf":{"auteur":"Mady Flynn","date_parution":"20210716","bestseller":false,"librairie":false},"aioseo_notices":[],"_links":{"self":[{"href":"https:\/\/butterfly-editions.com\/index.php\/wp-json\/wp\/v2\/product\/6642","targetHints":{"allow":["GET"]}}],"collection":[{"href":"https:\/\/butterfly-editions.com\/index.php\/wp-json\/wp\/v2\/product"}],"about":[{"href":"https:\/\/butterfly-editions.com\/index.php\/wp-json\/wp\/v2\/types\/product"}],"replies":[{"embeddable":true,"href":"https:\/\/butterfly-editions.com\/index.php\/wp-json\/wp\/v2\/comments?post=6642"}],"wp:featuredmedia":[{"embeddable":true,"href":"https:\/\/butterfly-editions.com\/index.php\/wp-json\/wp\/v2\/media\/6722"}],"wp:attachment":[{"href":"https:\/\/butterfly-editions.com\/index.php\/wp-json\/wp\/v2\/media?parent=6642"}],"wp:term":[{"taxonomy":"product_brand","embeddable":true,"href":"https:\/\/butterfly-editions.com\/index.php\/wp-json\/wp\/v2\/product_brand?post=6642"},{"taxonomy":"product_cat","embeddable":true,"href":"https:\/\/butterfly-editions.com\/index.php\/wp-json\/wp\/v2\/product_cat?post=6642"},{"taxonomy":"product_tag","embeddable":true,"href":"https:\/\/butterfly-editions.com\/index.php\/wp-json\/wp\/v2\/product_tag?post=6642"}],"curies":[{"name":"wp","href":"https:\/\/api.w.org\/{rel}","templated":true}]}}