{"id":6641,"date":"2024-09-01T13:41:22","date_gmt":"2024-09-01T12:41:22","guid":{"rendered":"https:\/\/butterfly-editions.com\/?post_type=product&#038;p=6641"},"modified":"2026-01-29T11:13:04","modified_gmt":"2026-01-29T10:13:04","slug":"infiltree-de-mady-flynn","status":"publish","type":"product","link":"https:\/\/butterfly-editions.com\/index.php\/produit\/infiltree-de-mady-flynn\/","title":{"rendered":"Infiltr\u00e9e"},"content":{"rendered":"<p><strong>Accepter un deal pour ne pas sombrer dans la pauvret\u00e9. Check.<\/strong><\/p>\n<p><strong>S&rsquo;infiltrer chez deux colocs, magnats de l&rsquo;informatique. Loading&#8230;<\/strong><\/p>\n<p><strong>Tomber&#8230; amoureuse&#8230; Warning !<\/strong><\/p>\n<p>En acceptant de s&rsquo;infiltrer chez Alexander Miles, Harper est bien d\u00e9cid\u00e9e \u00e0 mener sa mission \u00e0 bien. Apr\u00e8s tout, d\u00e9rober un ordinateur ne devrait pas trop lui poser de probl\u00e8me&#8230; Surtout quand on vole pour manger depuis des ann\u00e9es.<br \/>\nLe deal est clair : un simple piratage contre des \u00e9tudes \u00e0 Yale, nourrie, blanchie et log\u00e9e !<br \/>\nMais, en devenant agent double, Harper, jeune femme inexp\u00e9riment\u00e9e, n&rsquo;avait pas pr\u00e9vu de tomber sous le charme de Will, coloc&rsquo; d&rsquo;Alexander, tout en \u00e9tant \u00e9trangement attir\u00e9e par le second&#8230;<\/p>\n<p><em>Et si sa mission s&rsquo;av\u00e9rait bien plus compliqu\u00e9e et dangereuse que pr\u00e9vue ?<\/em><\/p>\n<div id=\"richProductInformation_feature_div\" class=\"celwidget\" data-feature-name=\"richProductInformation\" data-csa-c-id=\"b27tmy-282sjt-giqord-oqi624\" data-cel-widget=\"richProductInformation_feature_div\"><\/div>\n<div data-csa-c-id=\"19wyq6-cgerxe-l6z22f-r8purq\" data-cel-widget=\"rich_product_information\"><\/div>\n","protected":false},"excerpt":{"rendered":"<p>Accepter un deal pour ne pas sombrer dans la pauvret\u00e9. Check. S&rsquo;infiltrer chez deux colocs, magnats de l&rsquo;informatique. Loading&#8230; Tomber&#8230; amoureuse&#8230; Warning ! En acceptant de s&rsquo;infiltrer chez Alexander Miles, Harper est bien d\u00e9cid\u00e9e \u00e0 mener sa mission \u00e0 bien. Apr\u00e8s tout, d\u00e9rober un ordinateur ne devrait pas trop lui poser de probl\u00e8me&#8230; Surtout quand [&hellip;]<\/p>\n","protected":false},"featured_media":6677,"comment_status":"open","ping_status":"closed","template":"","meta":{"_acf_changed":false,"content-type":""},"product_brand":[],"product_cat":[461],"product_tag":[],"class_list":{"0":"post-6641","1":"product","2":"type-product","3":"status-publish","4":"has-post-thumbnail","6":"product_cat-romance-contemporaine","8":"first","9":"instock","10":"sold-individually","11":"taxable","12":"shipping-taxable","13":"purchasable","14":"product-type-variable"},"acf":{"auteur":"Mady Flynn","date_parution":"20200713","bestseller":false,"librairie":false},"aioseo_notices":[],"_links":{"self":[{"href":"https:\/\/butterfly-editions.com\/index.php\/wp-json\/wp\/v2\/product\/6641","targetHints":{"allow":["GET"]}}],"collection":[{"href":"https:\/\/butterfly-editions.com\/index.php\/wp-json\/wp\/v2\/product"}],"about":[{"href":"https:\/\/butterfly-editions.com\/index.php\/wp-json\/wp\/v2\/types\/product"}],"replies":[{"embeddable":true,"href":"https:\/\/butterfly-editions.com\/index.php\/wp-json\/wp\/v2\/comments?post=6641"}],"wp:featuredmedia":[{"embeddable":true,"href":"https:\/\/butterfly-editions.com\/index.php\/wp-json\/wp\/v2\/media\/6677"}],"wp:attachment":[{"href":"https:\/\/butterfly-editions.com\/index.php\/wp-json\/wp\/v2\/media?parent=6641"}],"wp:term":[{"taxonomy":"product_brand","embeddable":true,"href":"https:\/\/butterfly-editions.com\/index.php\/wp-json\/wp\/v2\/product_brand?post=6641"},{"taxonomy":"product_cat","embeddable":true,"href":"https:\/\/butterfly-editions.com\/index.php\/wp-json\/wp\/v2\/product_cat?post=6641"},{"taxonomy":"product_tag","embeddable":true,"href":"https:\/\/butterfly-editions.com\/index.php\/wp-json\/wp\/v2\/product_tag?post=6641"}],"curies":[{"name":"wp","href":"https:\/\/api.w.org\/{rel}","templated":true}]}}