{"id":6640,"date":"2024-09-01T13:41:22","date_gmt":"2024-09-01T12:41:22","guid":{"rendered":"https:\/\/butterfly-editions.com\/?post_type=product&#038;p=6640"},"modified":"2024-09-01T13:44:37","modified_gmt":"2024-09-01T12:44:37","slug":"mon-pire-cadeau-un-connard-sexy-de-eva-baldaras","status":"publish","type":"product","link":"https:\/\/butterfly-editions.com\/index.php\/produit\/mon-pire-cadeau-un-connard-sexy-de-eva-baldaras\/","title":{"rendered":"Mon pire cadeau, un connard sexy ! de Eva Baldaras"},"content":{"rendered":"<p><b>Leur\u00a0<i>deal\u00a0<\/i>? Une nuit magique&#8230;<\/b><\/p>\n<p><b>Leur promesse ? Aucune attente, aucune obligation, aucun engagement et aucune d\u00e9ception&#8230;<\/b><\/p>\n<p>&nbsp;<\/p>\n<p>\u00c9la d\u00e9teste les impr\u00e9vus. Surtout quand, lors d&rsquo;un d\u00eener entre amis, elle retrouve Max, le policier sexy, qui l&rsquo;avait arr\u00eat\u00e9e quelques heures plus t\u00f4t lors d&rsquo;un contr\u00f4le routier.<\/p>\n<p>Si elle le d\u00e9couvre culott\u00e9 et connard \u00e0 souhait, Max, lui, comprend qu&rsquo;elle lui a menti pour \u00e9viter la verbalisation. Cependant, entre eux, l&rsquo;\u00e9nervement et l&rsquo;incompr\u00e9hension laissent rapidement place au plus br\u00fblant des d\u00e9sirs. Quoi de mieux qu&rsquo;une nuit magique, une seule, pour combler cette subite attirance ?<\/p>\n<p>M\u00eame s&rsquo;ils s&rsquo;\u00e9taient promis de ne jamais se revoir, ils se retrouvent quelques jours plus tard en Finlande, pour f\u00eater No\u00ebl avec leurs amis respectifs.<\/p>\n<p>&nbsp;<\/p>\n<p><i>D\u00e8s lors, \u00c9la n\u2019a plus qu\u2019une seule id\u00e9e en t\u00eate : que ce joli policier devienne son mec sex toy vivant, sans se soucier des cons\u00e9quences !<\/i><\/p>\n<div id=\"richProductInformation_feature_div\" class=\"celwidget\" data-feature-name=\"richProductInformation\" data-csa-c-id=\"b27tmy-282sjt-giqord-oqi624\" data-cel-widget=\"richProductInformation_feature_div\">\n<div id=\"rich_product_information\" class=\"a-section a-spacing-none celwidget\" data-csa-c-id=\"19wyq6-cgerxe-l6z22f-r8purq\" data-cel-widget=\"rich_product_information\" data-wp-editing=\"1\"><a href=\"https:\/\/www.amazon.fr\/Mon-pire-cadeau-connard-sexy-ebook\/dp\/B09MFK6H3H\/ref=sr_1_1?__mk_fr_FR=%C3%85M%C3%85%C5%BD%C3%95%C3%91&amp;keywords=mon+pire+cadeau+un+connard+sexy&amp;qid=1638968658&amp;sr=8-1\"><img loading=\"lazy\" decoding=\"async\" class=\"n3VNCb alignleft\" src=\"https:\/\/logos-world.net\/wp-content\/uploads\/2020\/03\/Amazon-Kindle-Symbol.png\" alt=\"Amazon Kindle Logo, history, meaning, symbol, PNG\" width=\"94\" height=\"53\" data-noaft=\"1\" \/><\/a><a href=\"https:\/\/play.google.com\/store\/books\/details\/Eva_Baldaras_Mon_pire_cadeau_un_connard_sexy?id=3zlQEAAAQBAJ\"><img loading=\"lazy\" decoding=\"async\" class=\"alignleft\" src=\"https:\/\/upload.wikimedia.org\/wikipedia\/commons\/3\/3b\/Google_livres.png\" alt=\"\" width=\"106\" height=\"40\" \/><\/a><a href=\"https:\/\/www.kobo.com\/fr\/fr\/ebook\/mon-pire-cadeau-un-connard-sexy\"><img loading=\"lazy\" decoding=\"async\" class=\"alignleft\" src=\"https:\/\/download.logo.wine\/logo\/Kobo_eReader\/Kobo_eReader-Logo.wine.png\" alt=\"\" width=\"90\" height=\"60\" \/><\/a><a href=\"https:\/\/books.apple.com\/fr\/book\/mon-pire-cadeau-un-c-d-sexy\/id1596728022\"><img loading=\"lazy\" decoding=\"async\" class=\"alignleft\" src=\"https:\/\/support.apple.com\/content\/dam\/edam\/applecare\/images\/en_US\/social\/thumbnail\/ios11-ibooks-app_2x.png\" alt=\"\" width=\"52\" height=\"52\" \/><\/a><\/div>\n<\/div>\n<div data-csa-c-id=\"19wyq6-cgerxe-l6z22f-r8purq\" data-cel-widget=\"rich_product_information\"><\/div>\n<div data-csa-c-id=\"19wyq6-cgerxe-l6z22f-r8purq\" data-cel-widget=\"rich_product_information\"><\/div>\n","protected":false},"excerpt":{"rendered":"<p>Leur\u00a0deal\u00a0? Une nuit magique&#8230; Leur promesse ? Aucune attente, aucune obligation, aucun engagement et aucune d\u00e9ception&#8230; &nbsp; \u00c9la d\u00e9teste les impr\u00e9vus. Surtout quand, lors d&rsquo;un d\u00eener entre amis, elle retrouve Max, le policier sexy, qui l&rsquo;avait arr\u00eat\u00e9e quelques heures plus t\u00f4t lors d&rsquo;un contr\u00f4le routier. Si elle le d\u00e9couvre culott\u00e9 et connard \u00e0 souhait, Max, [&hellip;]<\/p>\n","protected":false},"featured_media":6751,"comment_status":"open","ping_status":"closed","template":"","meta":{"_acf_changed":false,"content-type":""},"product_brand":[],"product_cat":[59],"product_tag":[],"class_list":{"0":"post-6640","1":"product","2":"type-product","3":"status-publish","4":"has-post-thumbnail","6":"product_cat-non-classe","8":"first","9":"instock","10":"taxable","11":"shipping-taxable","12":"purchasable","13":"product-type-simple"},"acf":{"auteur":"","date_parution":null,"bestseller":false,"librairie":false},"aioseo_notices":[],"_links":{"self":[{"href":"https:\/\/butterfly-editions.com\/index.php\/wp-json\/wp\/v2\/product\/6640","targetHints":{"allow":["GET"]}}],"collection":[{"href":"https:\/\/butterfly-editions.com\/index.php\/wp-json\/wp\/v2\/product"}],"about":[{"href":"https:\/\/butterfly-editions.com\/index.php\/wp-json\/wp\/v2\/types\/product"}],"replies":[{"embeddable":true,"href":"https:\/\/butterfly-editions.com\/index.php\/wp-json\/wp\/v2\/comments?post=6640"}],"wp:featuredmedia":[{"embeddable":true,"href":"https:\/\/butterfly-editions.com\/index.php\/wp-json\/wp\/v2\/media\/6751"}],"wp:attachment":[{"href":"https:\/\/butterfly-editions.com\/index.php\/wp-json\/wp\/v2\/media?parent=6640"}],"wp:term":[{"taxonomy":"product_brand","embeddable":true,"href":"https:\/\/butterfly-editions.com\/index.php\/wp-json\/wp\/v2\/product_brand?post=6640"},{"taxonomy":"product_cat","embeddable":true,"href":"https:\/\/butterfly-editions.com\/index.php\/wp-json\/wp\/v2\/product_cat?post=6640"},{"taxonomy":"product_tag","embeddable":true,"href":"https:\/\/butterfly-editions.com\/index.php\/wp-json\/wp\/v2\/product_tag?post=6640"}],"curies":[{"name":"wp","href":"https:\/\/api.w.org\/{rel}","templated":true}]}}