{"id":6639,"date":"2024-09-01T13:41:22","date_gmt":"2024-09-01T12:41:22","guid":{"rendered":"https:\/\/butterfly-editions.com\/?post_type=product&#038;p=6639"},"modified":"2026-01-29T11:20:03","modified_gmt":"2026-01-29T10:20:03","slug":"love-war-de-mady-flynn","status":"publish","type":"product","link":"https:\/\/butterfly-editions.com\/index.php\/produit\/love-war-de-mady-flynn\/","title":{"rendered":"Love War"},"content":{"rendered":"<p><b>Militaire, Spencer est habitu\u00e9 \u00e0 partir en mission.<\/b><\/p>\n<p><b>Solitaire, Clay ne croit pas vraiment \u00e0 l&rsquo;amour.<\/b><\/p>\n<p><b>Quand ces deux \u00e2mes \u00e9corch\u00e9es se rencontrent, peu avant No\u00ebl, leurs certitudes s&rsquo;effondrent&#8230;<\/b><\/p>\n<p>&nbsp;<\/p>\n<p>Ses missions militaires lui prenant beaucoup de temps, Spencer est tr\u00e8s peu chez lui. Une vie de couple ? Il n&rsquo;y pense m\u00eame pas.<\/p>\n<p>Clay, elle, ne se sent pas \u00e0 l&rsquo;aise avec le commun des mortels. Surtout avec les hommes. Elle pr\u00e9f\u00e8re voyager au travers de ses lectures et s&rsquo;investir \u00e0 100% dans son travail que de s&rsquo;enfermer dans une relation.<\/p>\n<p>Voulant \u00e9chapper \u00e0 leur quotidien, ils se rencontrent au sein d&rsquo;une association caritative. Leur mission ? Emballer des cadeaux pour les plus d\u00e9favoris\u00e9s.<\/p>\n<p>&nbsp;<\/p>\n<p><i>Et si, au d\u00e9tour d&rsquo;un ruban dor\u00e9 et de quelques morceaux de papier-cadeau, la magie de No\u00ebl finissait par rapprocher ces deux \u00eatres tourment\u00e9s ?<\/i><\/p>\n<div id=\"richProductInformation_feature_div\" class=\"celwidget\" data-feature-name=\"richProductInformation\" data-csa-c-id=\"b27tmy-282sjt-giqord-oqi624\" data-cel-widget=\"richProductInformation_feature_div\"><\/div>\n<div data-csa-c-id=\"19wyq6-cgerxe-l6z22f-r8purq\" data-cel-widget=\"rich_product_information\"><\/div>\n","protected":false},"excerpt":{"rendered":"<p>Militaire, Spencer est habitu\u00e9 \u00e0 partir en mission. Solitaire, Clay ne croit pas vraiment \u00e0 l&rsquo;amour. Quand ces deux \u00e2mes \u00e9corch\u00e9es se rencontrent, peu avant No\u00ebl, leurs certitudes s&rsquo;effondrent&#8230; &nbsp; Ses missions militaires lui prenant beaucoup de temps, Spencer est tr\u00e8s peu chez lui. Une vie de couple ? Il n&rsquo;y pense m\u00eame pas. Clay, [&hellip;]<\/p>\n","protected":false},"featured_media":6740,"comment_status":"open","ping_status":"closed","template":"","meta":{"_acf_changed":false,"content-type":""},"product_brand":[],"product_cat":[461],"product_tag":[],"class_list":{"0":"post-6639","1":"product","2":"type-product","3":"status-publish","4":"has-post-thumbnail","6":"product_cat-romance-contemporaine","8":"first","9":"instock","10":"taxable","11":"shipping-taxable","12":"purchasable","13":"product-type-variable"},"acf":{"auteur":"Mady Flynn","date_parution":"20211119","bestseller":false,"librairie":false},"aioseo_notices":[],"_links":{"self":[{"href":"https:\/\/butterfly-editions.com\/index.php\/wp-json\/wp\/v2\/product\/6639","targetHints":{"allow":["GET"]}}],"collection":[{"href":"https:\/\/butterfly-editions.com\/index.php\/wp-json\/wp\/v2\/product"}],"about":[{"href":"https:\/\/butterfly-editions.com\/index.php\/wp-json\/wp\/v2\/types\/product"}],"replies":[{"embeddable":true,"href":"https:\/\/butterfly-editions.com\/index.php\/wp-json\/wp\/v2\/comments?post=6639"}],"wp:featuredmedia":[{"embeddable":true,"href":"https:\/\/butterfly-editions.com\/index.php\/wp-json\/wp\/v2\/media\/6740"}],"wp:attachment":[{"href":"https:\/\/butterfly-editions.com\/index.php\/wp-json\/wp\/v2\/media?parent=6639"}],"wp:term":[{"taxonomy":"product_brand","embeddable":true,"href":"https:\/\/butterfly-editions.com\/index.php\/wp-json\/wp\/v2\/product_brand?post=6639"},{"taxonomy":"product_cat","embeddable":true,"href":"https:\/\/butterfly-editions.com\/index.php\/wp-json\/wp\/v2\/product_cat?post=6639"},{"taxonomy":"product_tag","embeddable":true,"href":"https:\/\/butterfly-editions.com\/index.php\/wp-json\/wp\/v2\/product_tag?post=6639"}],"curies":[{"name":"wp","href":"https:\/\/api.w.org\/{rel}","templated":true}]}}