{"id":6638,"date":"2024-09-01T13:41:22","date_gmt":"2024-09-01T12:41:22","guid":{"rendered":"https:\/\/butterfly-editions.com\/?post_type=product&#038;p=6638"},"modified":"2024-09-01T13:44:21","modified_gmt":"2024-09-01T12:44:21","slug":"king-of-desire-de-amandine-halba","status":"publish","type":"product","link":"https:\/\/butterfly-editions.com\/index.php\/produit\/king-of-desire-de-amandine-halba\/","title":{"rendered":"King of Desire de Amandine Halba"},"content":{"rendered":"<p><b>Deux univers qui s\u2019entrechoquent&#8230;<\/b><\/p>\n<p><b>Il est le futur Roi d\u2019Arkhamy et n\u2019a jamais r\u00e9ussi \u00e0 l\u2019oublier&#8230;<\/b><\/p>\n<p><b>Elle ne croit plus en l\u2019amour et s\u2019attend \u00e0 tout sauf \u00e0 le retrouver&#8230;<\/b><\/p>\n<p>&nbsp;<\/p>\n<p>Gabriel, futur Roi d&rsquo;Arkhamy, ne faillit jamais au protocole&#8230; sauf lorsqu&rsquo;il succombe \u00e0 Juliette, jeune \u00e9tudiante. Il a beau \u00eatre sous son charme, un \u00e9v\u00e9nement inattendu le pousse \u00e0 rentrer dans son pays. Le c\u0153ur en miettes, il dispara\u00eet du jour au lendemain, sans pouvoir lui confier sa v\u00e9ritable identit\u00e9.<\/p>\n<p>Des ann\u00e9es plus tard, alors que Gabriel s\u2019appr\u00eate \u00e0 monter sur le tr\u00f4ne, leurs chemins se croisent \u00e0 nouveau.<\/p>\n<p>Juliette, d\u00e9sormais journaliste, peine \u00e0 joindre les deux bouts malgr\u00e9 un double emploi.. Bien que leur rupture ait \u00e9t\u00e9 aussi inattendue que douloureuse, elle n\u2019a jamais r\u00e9ussi \u00e0 oublier Gabriel, son premier amour. Aujourd\u2019hui, une chose est s\u00fbre : les histoires de Prince charmant, tr\u00e8s peu pour elle !<\/p>\n<p><i>Entre secrets, faux-semblants et d\u00e9sir br\u00fblant, leurs retrouvailles vont \u00eatre&#8230; explosives&#8230;<\/i><\/p>\n<div id=\"richProductInformation_feature_div\" class=\"celwidget\" data-feature-name=\"richProductInformation\" data-csa-c-id=\"b27tmy-282sjt-giqord-oqi624\" data-cel-widget=\"richProductInformation_feature_div\">\n<div id=\"rich_product_information\" class=\"a-section a-spacing-none celwidget\" data-csa-c-id=\"19wyq6-cgerxe-l6z22f-r8purq\" data-cel-widget=\"rich_product_information\"><a href=\"https:\/\/www.amazon.fr\/King-Desire-Amandine-Halba-ebook\/dp\/B09JP1WJC8\/ref=sr_1_1?__mk_fr_FR=%C3%85M%C3%85%C5%BD%C3%95%C3%91&amp;crid=1H12LDFH86I9R&amp;keywords=king+of+desire&amp;qid=1638969427&amp;sprefix=king+of+de%2Caps%2C168&amp;sr=8-1\"><img loading=\"lazy\" decoding=\"async\" class=\"n3VNCb alignleft\" src=\"https:\/\/logos-world.net\/wp-content\/uploads\/2020\/03\/Amazon-Kindle-Symbol.png\" alt=\"Amazon Kindle Logo, history, meaning, symbol, PNG\" width=\"94\" height=\"53\" data-noaft=\"1\" \/><\/a><a href=\"https:\/\/play.google.com\/store\/books\/details\/Amandine_Halba_King_of_Desire?id=T-hIEAAAQBAJ\"><img loading=\"lazy\" decoding=\"async\" class=\"alignleft\" src=\"https:\/\/upload.wikimedia.org\/wikipedia\/commons\/3\/3b\/Google_livres.png\" alt=\"\" width=\"106\" height=\"40\" \/><\/a><a href=\"https:\/\/www.kobo.com\/fr\/fr\/ebook\/king-of-desire\"><img loading=\"lazy\" decoding=\"async\" class=\"alignleft\" src=\"https:\/\/download.logo.wine\/logo\/Kobo_eReader\/Kobo_eReader-Logo.wine.png\" alt=\"\" width=\"90\" height=\"60\" \/><\/a><a href=\"https:\/\/books.apple.com\/fr\/book\/king-of-desire\/id1590825096\"><img loading=\"lazy\" decoding=\"async\" class=\"alignleft\" src=\"https:\/\/support.apple.com\/content\/dam\/edam\/applecare\/images\/en_US\/social\/thumbnail\/ios11-ibooks-app_2x.png\" alt=\"\" width=\"52\" height=\"52\" \/><\/a><\/div>\n<\/div>\n<div data-csa-c-id=\"19wyq6-cgerxe-l6z22f-r8purq\" data-cel-widget=\"rich_product_information\"><\/div>\n<div data-csa-c-id=\"19wyq6-cgerxe-l6z22f-r8purq\" data-cel-widget=\"rich_product_information\"><\/div>\n","protected":false},"excerpt":{"rendered":"<p>Deux univers qui s\u2019entrechoquent&#8230; Il est le futur Roi d\u2019Arkhamy et n\u2019a jamais r\u00e9ussi \u00e0 l\u2019oublier&#8230; Elle ne croit plus en l\u2019amour et s\u2019attend \u00e0 tout sauf \u00e0 le retrouver&#8230; &nbsp; Gabriel, futur Roi d&rsquo;Arkhamy, ne faillit jamais au protocole&#8230; sauf lorsqu&rsquo;il succombe \u00e0 Juliette, jeune \u00e9tudiante. Il a beau \u00eatre sous son charme, un [&hellip;]<\/p>\n","protected":false},"featured_media":6736,"comment_status":"open","ping_status":"closed","template":"","meta":{"_acf_changed":false,"content-type":""},"product_brand":[],"product_cat":[59],"product_tag":[],"class_list":{"0":"post-6638","1":"product","2":"type-product","3":"status-publish","4":"has-post-thumbnail","6":"product_cat-non-classe","8":"first","9":"instock","10":"taxable","11":"shipping-taxable","12":"purchasable","13":"product-type-simple"},"acf":{"auteur":"","date_parution":null,"bestseller":false,"librairie":false},"aioseo_notices":[],"_links":{"self":[{"href":"https:\/\/butterfly-editions.com\/index.php\/wp-json\/wp\/v2\/product\/6638","targetHints":{"allow":["GET"]}}],"collection":[{"href":"https:\/\/butterfly-editions.com\/index.php\/wp-json\/wp\/v2\/product"}],"about":[{"href":"https:\/\/butterfly-editions.com\/index.php\/wp-json\/wp\/v2\/types\/product"}],"replies":[{"embeddable":true,"href":"https:\/\/butterfly-editions.com\/index.php\/wp-json\/wp\/v2\/comments?post=6638"}],"wp:featuredmedia":[{"embeddable":true,"href":"https:\/\/butterfly-editions.com\/index.php\/wp-json\/wp\/v2\/media\/6736"}],"wp:attachment":[{"href":"https:\/\/butterfly-editions.com\/index.php\/wp-json\/wp\/v2\/media?parent=6638"}],"wp:term":[{"taxonomy":"product_brand","embeddable":true,"href":"https:\/\/butterfly-editions.com\/index.php\/wp-json\/wp\/v2\/product_brand?post=6638"},{"taxonomy":"product_cat","embeddable":true,"href":"https:\/\/butterfly-editions.com\/index.php\/wp-json\/wp\/v2\/product_cat?post=6638"},{"taxonomy":"product_tag","embeddable":true,"href":"https:\/\/butterfly-editions.com\/index.php\/wp-json\/wp\/v2\/product_tag?post=6638"}],"curies":[{"name":"wp","href":"https:\/\/api.w.org\/{rel}","templated":true}]}}