{"id":6626,"date":"2024-09-01T13:41:00","date_gmt":"2024-09-01T12:41:00","guid":{"rendered":"https:\/\/butterfly-editions.com\/?post_type=product&#038;p=6626"},"modified":"2026-01-29T10:38:17","modified_gmt":"2026-01-29T09:38:17","slug":"souviens-toi-de-lorelei-c","status":"publish","type":"product","link":"https:\/\/butterfly-editions.com\/index.php\/produit\/souviens-toi-de-lorelei-c\/","title":{"rendered":"Souviens-toi"},"content":{"rendered":"<p><strong>Il croit tout contr\u00f4ler. Elle va le d\u00e9router.<\/strong><\/p>\n<p>Apr\u00e8s plusieurs ann\u00e9es \u00e0 travailler pour le compte de Drake, puissant trafiquant d\u2019armes et de drogues, Xavier d\u00e9sire recouvrir sa libert\u00e9. Le deal entre eux est alors clair : une derni\u00e8re mission \u00e0 effectuer. Retrouver et kidnapper, Alexia Lazio. Pourquoi ? Il n\u2019en sait rien. Cependant, il doit la ramener, vivante co\u00fbte que co\u00fbte. Ce dernier n\u2019a pas le droit d\u2019\u00e9chouer, et, surtout, de la toucher&#8230;<\/p>\n<p>Alexia Lazio, elle, vit \u00e0 Sacramento depuis toujours. Enfin, d\u2019apr\u00e8s ses plus vieux souvenirs&#8230; Une zone d\u2019ombres demeure dans sa m\u00e9moire, alors quand elle se fait enlever, elle reste persuad\u00e9e que son pass\u00e9 y est li\u00e9.<\/p>\n<p>Elle n\u2019a rien de la femme douce et fragile que le jeune homme esp\u00e9rait rencontrer. Alexia est born\u00e9e, directe, franche et sans d\u00e9tour. Elle ne compte pas lui faciliter la t\u00e2che, quant \u00e0 lui, il ne d\u00e9sire pas abandonner ses projets. Mais c\u2019est sans compter sur la tension qui r\u00e8gne entre eux et les met \u00e0 rude \u00e9preuve.<\/p>\n<p><em>Un d\u00e9mon contre une teigne. Qui peut sortir vainqueur d\u2019un tel combat ?<\/em><\/p>\n<div id=\"richProductInformation_feature_div\" class=\"celwidget\" data-feature-name=\"richProductInformation\" data-csa-c-id=\"b27tmy-282sjt-giqord-oqi624\" data-cel-widget=\"richProductInformation_feature_div\"><\/div>\n<div data-csa-c-id=\"19wyq6-cgerxe-l6z22f-r8purq\" data-cel-widget=\"rich_product_information\"><\/div>\n","protected":false},"excerpt":{"rendered":"<p>Il croit tout contr\u00f4ler. Elle va le d\u00e9router. Apr\u00e8s plusieurs ann\u00e9es \u00e0 travailler pour le compte de Drake, puissant trafiquant d\u2019armes et de drogues, Xavier d\u00e9sire recouvrir sa libert\u00e9. Le deal entre eux est alors clair : une derni\u00e8re mission \u00e0 effectuer. Retrouver et kidnapper, Alexia Lazio. Pourquoi ? Il n\u2019en sait rien. Cependant, il [&hellip;]<\/p>\n","protected":false},"featured_media":6689,"comment_status":"open","ping_status":"closed","template":"","meta":{"_acf_changed":false,"content-type":""},"product_brand":[],"product_cat":[461],"product_tag":[],"class_list":{"0":"post-6626","1":"product","2":"type-product","3":"status-publish","4":"has-post-thumbnail","6":"product_cat-romance-contemporaine","8":"first","9":"instock","10":"taxable","11":"shipping-taxable","12":"purchasable","13":"product-type-variable"},"acf":{"auteur":"Lorelei C.","date_parution":"20200129","bestseller":false,"librairie":false},"aioseo_notices":[],"_links":{"self":[{"href":"https:\/\/butterfly-editions.com\/index.php\/wp-json\/wp\/v2\/product\/6626","targetHints":{"allow":["GET"]}}],"collection":[{"href":"https:\/\/butterfly-editions.com\/index.php\/wp-json\/wp\/v2\/product"}],"about":[{"href":"https:\/\/butterfly-editions.com\/index.php\/wp-json\/wp\/v2\/types\/product"}],"replies":[{"embeddable":true,"href":"https:\/\/butterfly-editions.com\/index.php\/wp-json\/wp\/v2\/comments?post=6626"}],"wp:featuredmedia":[{"embeddable":true,"href":"https:\/\/butterfly-editions.com\/index.php\/wp-json\/wp\/v2\/media\/6689"}],"wp:attachment":[{"href":"https:\/\/butterfly-editions.com\/index.php\/wp-json\/wp\/v2\/media?parent=6626"}],"wp:term":[{"taxonomy":"product_brand","embeddable":true,"href":"https:\/\/butterfly-editions.com\/index.php\/wp-json\/wp\/v2\/product_brand?post=6626"},{"taxonomy":"product_cat","embeddable":true,"href":"https:\/\/butterfly-editions.com\/index.php\/wp-json\/wp\/v2\/product_cat?post=6626"},{"taxonomy":"product_tag","embeddable":true,"href":"https:\/\/butterfly-editions.com\/index.php\/wp-json\/wp\/v2\/product_tag?post=6626"}],"curies":[{"name":"wp","href":"https:\/\/api.w.org\/{rel}","templated":true}]}}