{"id":6624,"date":"2024-09-01T13:41:00","date_gmt":"2024-09-01T12:41:00","guid":{"rendered":"https:\/\/butterfly-editions.com\/?post_type=product&#038;p=6624"},"modified":"2024-09-01T13:44:02","modified_gmt":"2024-09-01T12:44:02","slug":"stepbrother-on-campus-de-wendy-roy","status":"publish","type":"product","link":"https:\/\/butterfly-editions.com\/index.php\/produit\/stepbrother-on-campus-de-wendy-roy\/","title":{"rendered":"Stepbrother On Campus de Wendy Roy"},"content":{"rendered":"<p><strong>Il est son plus grand interdit&#8230; Sera-t-il aussi sa perte ?<\/strong><\/p>\n<p>Hazel n\u2019a de place pour personne dans sa vie. Prise entre un pass\u00e9 chaotique et un avenir incertain, elle s\u2019\u00e9chine \u00e0 repousser tout le monde. Jusqu\u2019\u00e0 lui. Braxton. Son demi-fr\u00e8re. Il lui tient t\u00eate, refuse de reculer, se place toujours sur son chemin.<\/p>\n<p><em>Entre eux, rien n\u2019est possible. Pourtant, l\u2019attraction est explosive ! C\u00e9der n\u2019est pas envisageable&#8230; Mais n\u2019a jamais \u00e9t\u00e9 aussi tentant !<\/em><\/p>\n<hr \/>\n<p>\u00ab\u00a0Prenez une romance contemporaine et ajoutez-y le th\u00e8me stepbrother. Incorporez un zeste de suspense et la plume de Wendy Roy. M\u00e9langez le tout. Vous obtiendrez Stepbrother on campus, un pur d\u00e9lice \u00e0 consommer sans mod\u00e9ration ! La plume de l&rsquo;auteure est fluide et a un c\u00f4t\u00e9 po\u00e9tique. Ce roman \u00e0 deux voix qu&rsquo;elle nous offre est captivant d\u00e8s le prologue et ne faiblit pas en intensit\u00e9. La romance en elle-m\u00eame et le suspense rendent le r\u00e9cit totalement addictif.\u00a0\u00bb matchoumaya<\/p>\n<div id=\"richProductInformation_feature_div\" class=\"celwidget\" data-feature-name=\"richProductInformation\" data-csa-c-id=\"b27tmy-282sjt-giqord-oqi624\" data-cel-widget=\"richProductInformation_feature_div\">\n<div id=\"rich_product_information\" class=\"a-section a-spacing-none celwidget\" data-csa-c-id=\"19wyq6-cgerxe-l6z22f-r8purq\" data-cel-widget=\"rich_product_information\"><a href=\"https:\/\/www.amazon.fr\/Stepbrother-Campus-Wendy-Roy-ebook\/dp\/B098NV5L2P\/ref=sr_1_1?__mk_fr_FR=%C3%85M%C3%85%C5%BD%C3%95%C3%91&amp;crid=2WYAGCM9B5BYN&amp;keywords=stepbrother+on+campus&amp;qid=1638970350&amp;sprefix=stepbrother+%2Caps%2C162&amp;sr=8-1\"><img loading=\"lazy\" decoding=\"async\" class=\"n3VNCb alignleft\" src=\"https:\/\/logos-world.net\/wp-content\/uploads\/2020\/03\/Amazon-Kindle-Symbol.png\" alt=\"Amazon Kindle Logo, history, meaning, symbol, PNG\" width=\"94\" height=\"53\" data-noaft=\"1\" \/><\/a><a href=\"https:\/\/play.google.com\/store\/books\/details\/Wendy_Roy_Stepbrother_On_Campus?id=md82EAAAQBAJ\"><img loading=\"lazy\" decoding=\"async\" class=\"alignleft\" src=\"https:\/\/upload.wikimedia.org\/wikipedia\/commons\/3\/3b\/Google_livres.png\" alt=\"\" width=\"106\" height=\"40\" \/><\/a><a href=\"https:\/\/www.kobo.com\/fr\/fr\/ebook\/stepbrother-on-campus\"><img loading=\"lazy\" decoding=\"async\" class=\"alignleft\" src=\"https:\/\/download.logo.wine\/logo\/Kobo_eReader\/Kobo_eReader-Logo.wine.png\" alt=\"\" width=\"90\" height=\"60\" \/><\/a><a href=\"https:\/\/books.apple.com\/fr\/book\/stepbrother-on-campus\/id1575184552\"><img loading=\"lazy\" decoding=\"async\" class=\"alignleft\" src=\"https:\/\/support.apple.com\/content\/dam\/edam\/applecare\/images\/en_US\/social\/thumbnail\/ios11-ibooks-app_2x.png\" alt=\"\" width=\"52\" height=\"52\" \/><\/a><\/div>\n<\/div>\n<div data-csa-c-id=\"19wyq6-cgerxe-l6z22f-r8purq\" data-cel-widget=\"rich_product_information\"><\/div>\n<div data-csa-c-id=\"19wyq6-cgerxe-l6z22f-r8purq\" data-cel-widget=\"rich_product_information\"><\/div>\n","protected":false},"excerpt":{"rendered":"<p>Il est son plus grand interdit&#8230; Sera-t-il aussi sa perte ? Hazel n\u2019a de place pour personne dans sa vie. Prise entre un pass\u00e9 chaotique et un avenir incertain, elle s\u2019\u00e9chine \u00e0 repousser tout le monde. Jusqu\u2019\u00e0 lui. Braxton. Son demi-fr\u00e8re. Il lui tient t\u00eate, refuse de reculer, se place toujours sur son chemin. Entre [&hellip;]<\/p>\n","protected":false},"featured_media":6721,"comment_status":"open","ping_status":"closed","template":"","meta":{"_acf_changed":false,"content-type":""},"product_brand":[],"product_cat":[59],"product_tag":[],"class_list":{"0":"post-6624","1":"product","2":"type-product","3":"status-publish","4":"has-post-thumbnail","6":"product_cat-non-classe","8":"first","9":"instock","10":"taxable","11":"shipping-taxable","12":"purchasable","13":"product-type-simple"},"acf":{"auteur":"","date_parution":null,"bestseller":false,"librairie":false},"aioseo_notices":[],"_links":{"self":[{"href":"https:\/\/butterfly-editions.com\/index.php\/wp-json\/wp\/v2\/product\/6624","targetHints":{"allow":["GET"]}}],"collection":[{"href":"https:\/\/butterfly-editions.com\/index.php\/wp-json\/wp\/v2\/product"}],"about":[{"href":"https:\/\/butterfly-editions.com\/index.php\/wp-json\/wp\/v2\/types\/product"}],"replies":[{"embeddable":true,"href":"https:\/\/butterfly-editions.com\/index.php\/wp-json\/wp\/v2\/comments?post=6624"}],"wp:featuredmedia":[{"embeddable":true,"href":"https:\/\/butterfly-editions.com\/index.php\/wp-json\/wp\/v2\/media\/6721"}],"wp:attachment":[{"href":"https:\/\/butterfly-editions.com\/index.php\/wp-json\/wp\/v2\/media?parent=6624"}],"wp:term":[{"taxonomy":"product_brand","embeddable":true,"href":"https:\/\/butterfly-editions.com\/index.php\/wp-json\/wp\/v2\/product_brand?post=6624"},{"taxonomy":"product_cat","embeddable":true,"href":"https:\/\/butterfly-editions.com\/index.php\/wp-json\/wp\/v2\/product_cat?post=6624"},{"taxonomy":"product_tag","embeddable":true,"href":"https:\/\/butterfly-editions.com\/index.php\/wp-json\/wp\/v2\/product_tag?post=6624"}],"curies":[{"name":"wp","href":"https:\/\/api.w.org\/{rel}","templated":true}]}}