{"id":6623,"date":"2024-09-01T13:41:00","date_gmt":"2024-09-01T12:41:00","guid":{"rendered":"https:\/\/butterfly-editions.com\/?post_type=product&#038;p=6623"},"modified":"2026-01-27T10:38:48","modified_gmt":"2026-01-27T09:38:48","slug":"northman-rhapsody-de-milyi-kind","status":"publish","type":"product","link":"https:\/\/butterfly-editions.com\/index.php\/produit\/northman-rhapsody-de-milyi-kind\/","title":{"rendered":"Northman Rhapsody"},"content":{"rendered":"<p>\u00c0 l&rsquo;\u00e2ge de quatre ans, un drame a boulevers\u00e9 la vie de Keir. Seule une petite fille aux mains collantes et aux poches pleines de bonbons saura l&rsquo;apaiser au point de lui faire tout oublier. Des ann\u00e9es plus tard, alors qu&rsquo;il s&rsquo;appr\u00eate \u00e0 rejoindre les rangs de l&rsquo;IRA, comme ses parents avant lui, l&rsquo;Irlandais doit quitter Belfast. Parce qu&rsquo;il fuit. Belfast. Sa famille. Ses id\u00e9aux.<br \/>\nVoil\u00e0 maintenant dix ans que Keir s&rsquo;est reconstruit un semblant d&rsquo;existence loin des siens. Mais le destin n&rsquo;\u00e9pargne jamais un Kinsella. Un \u00e9v\u00e9nement tragique l&rsquo;oblige \u00e0 repartir dans sa ville natale. L\u00e0-bas, rien n&rsquo;a chang\u00e9. Ni les conflits. Encore moins la violence. Et surtout&#8230; surtout, elle. Seena. Sa soeur. La seule qu&rsquo;il ait jamais d\u00e9sir\u00e9e. La seule qui lui soit interdite. Entre une famille qu&rsquo;il ne conna\u00eet plus vraiment, l&rsquo;IRA toujours active et le poison de ses sentiments envers Seena, Keir devra, une fois de plus, faire un choix.<br \/>\n\u00ab\u00a0Des v\u00e9rit\u00e9s, il y en a \u00e0 la pelle, mo fairy. Toutes diff\u00e9rentes. Pour blesser. Pour aimer. Pour tuer. J&rsquo;en ai une pour chaque jour avec toi. Sans toi. Parce que chaque pas est une agression. Chaque geste, une torture. Une bataille dans la guerre que nous menons.\u00a0\u00bb<\/p>\n<p>***<\/p>\n<p><em>\u00ab\u00a0\u2014 Ne recommence pas comme lorsque nous \u00e9tions ados. Ne me fuis pas en couchant avec elle.<\/em><\/p>\n<p><em>\u2014 Il n\u2019y a rien entre nous, Seesee.<\/em><\/p>\n<p><em>\u2014 Il y a toujours eu un nous, Keir, je le corrige du tac au tac. Il y aura toujours ce nous. Je suis \u00e9puis\u00e9e de faire semblant. En \u00eatre conscients et le combattre sont deux choses diff\u00e9rentes&#8230; Tu es l\u00e0 depuis seulement quelques heures, et je n\u2019en peux d\u00e9j\u00e0 plus de&#8230;<\/em><\/p>\n<p><em>Je ne termine pas ma phrase, la laisse en suspens dans ce silence hurlant qui nous \u00e9touffe.<\/em><\/p>\n<p><em>\u2014 Je serai certainement reparti dans&#8230;<\/em><\/p>\n<p><em>\u2014 Justement. Je te perdrai. Encore.<\/em><\/p>\n<p><em>Il soupire, ses doigts broient ma hanche, tapissent mon derme de chair de poule. Apr\u00e8s une seconde de r\u00e9flexion, il me colle rapidement sur le front un baiser chaste avant de s\u2019\u00e9loigner de moi d\u2019un pas.<\/em><\/p>\n<p><em>\u2014 Si je ne la baise pas, il ne te touche plus jusqu\u2019\u00e0 mon d\u00e9part, souffle Keir, ses iris aussi sombres que les miens.\u00a0\u00bb<\/em><\/p>\n<div id=\"richProductInformation_feature_div\" class=\"celwidget\" data-feature-name=\"richProductInformation\" data-csa-c-id=\"b27tmy-282sjt-giqord-oqi624\" data-cel-widget=\"richProductInformation_feature_div\">\n<div id=\"rich_product_information\" class=\"a-section a-spacing-none celwidget\" data-csa-c-id=\"19wyq6-cgerxe-l6z22f-r8purq\" data-cel-widget=\"rich_product_information\"><a href=\"https:\/\/www.amazon.fr\/Northman-Rhapsody-Milyi-Kind-ebook\/dp\/B082HZCT8S\/ref=sr_1_1?__mk_fr_FR=%C3%85M%C3%85%C5%BD%C3%95%C3%91&amp;crid=W5B6LKKEJQTM&amp;keywords=northman+rhapsody&amp;qid=1638978170&amp;sprefix=northman+r%2Caps%2C166&amp;sr=8-1\"><img loading=\"lazy\" decoding=\"async\" class=\"n3VNCb alignleft\" src=\"https:\/\/logos-world.net\/wp-content\/uploads\/2020\/03\/Amazon-Kindle-Symbol.png\" alt=\"Amazon Kindle Logo, history, meaning, symbol, PNG\" width=\"94\" height=\"53\" data-noaft=\"1\" \/><\/a><a href=\"https:\/\/play.google.com\/store\/books\/details\/Milyi_Kind_Northman_Rhapsody?id=LIjCDwAAQBAJ\"><img loading=\"lazy\" decoding=\"async\" class=\"alignleft\" src=\"https:\/\/upload.wikimedia.org\/wikipedia\/commons\/3\/3b\/Google_livres.png\" alt=\"\" width=\"106\" height=\"40\" \/><\/a><a href=\"https:\/\/www.kobo.com\/fr\/fr\/ebook\/northman-rhapsody\"><img loading=\"lazy\" decoding=\"async\" class=\"alignleft\" src=\"https:\/\/download.logo.wine\/logo\/Kobo_eReader\/Kobo_eReader-Logo.wine.png\" alt=\"\" width=\"90\" height=\"60\" \/><\/a><a href=\"https:\/\/books.apple.com\/fr\/book\/northman-rhapsody\/id1490846468\"><img loading=\"lazy\" decoding=\"async\" class=\"alignleft\" src=\"https:\/\/support.apple.com\/content\/dam\/edam\/applecare\/images\/en_US\/social\/thumbnail\/ios11-ibooks-app_2x.png\" alt=\"\" width=\"52\" height=\"52\" \/><\/a><\/div>\n<\/div>\n<div data-csa-c-id=\"19wyq6-cgerxe-l6z22f-r8purq\" data-cel-widget=\"rich_product_information\"><\/div>\n<div data-csa-c-id=\"19wyq6-cgerxe-l6z22f-r8purq\" data-cel-widget=\"rich_product_information\"><\/div>\n","protected":false},"excerpt":{"rendered":"<p>\u00c0 l&rsquo;\u00e2ge de quatre ans, un drame a boulevers\u00e9 la vie de Keir. Seule une petite fille aux mains collantes et aux poches pleines de bonbons saura l&rsquo;apaiser au point de lui faire tout oublier. Des ann\u00e9es plus tard, alors qu&rsquo;il s&rsquo;appr\u00eate \u00e0 rejoindre les rangs de l&rsquo;IRA, comme ses parents avant lui, l&rsquo;Irlandais doit [&hellip;]<\/p>\n","protected":false},"featured_media":6662,"comment_status":"open","ping_status":"closed","template":"","meta":{"_acf_changed":false,"content-type":""},"product_brand":[],"product_cat":[461],"product_tag":[490,491,510,497],"class_list":{"0":"post-6623","1":"product","2":"type-product","3":"status-publish","4":"has-post-thumbnail","6":"product_cat-romance-contemporaine","7":"product_tag-passion","8":"product_tag-spicy","9":"product_tag-stepbrother","10":"product_tag-suspense","12":"first","13":"outofstock","14":"sold-individually","15":"taxable","16":"shipping-taxable","17":"purchasable","18":"product-type-variable"},"acf":{"auteur":"Milyi Kind","date_parution":"20191211","bestseller":false,"librairie":false},"aioseo_notices":[],"_links":{"self":[{"href":"https:\/\/butterfly-editions.com\/index.php\/wp-json\/wp\/v2\/product\/6623","targetHints":{"allow":["GET"]}}],"collection":[{"href":"https:\/\/butterfly-editions.com\/index.php\/wp-json\/wp\/v2\/product"}],"about":[{"href":"https:\/\/butterfly-editions.com\/index.php\/wp-json\/wp\/v2\/types\/product"}],"replies":[{"embeddable":true,"href":"https:\/\/butterfly-editions.com\/index.php\/wp-json\/wp\/v2\/comments?post=6623"}],"wp:featuredmedia":[{"embeddable":true,"href":"https:\/\/butterfly-editions.com\/index.php\/wp-json\/wp\/v2\/media\/6662"}],"wp:attachment":[{"href":"https:\/\/butterfly-editions.com\/index.php\/wp-json\/wp\/v2\/media?parent=6623"}],"wp:term":[{"taxonomy":"product_brand","embeddable":true,"href":"https:\/\/butterfly-editions.com\/index.php\/wp-json\/wp\/v2\/product_brand?post=6623"},{"taxonomy":"product_cat","embeddable":true,"href":"https:\/\/butterfly-editions.com\/index.php\/wp-json\/wp\/v2\/product_cat?post=6623"},{"taxonomy":"product_tag","embeddable":true,"href":"https:\/\/butterfly-editions.com\/index.php\/wp-json\/wp\/v2\/product_tag?post=6623"}],"curies":[{"name":"wp","href":"https:\/\/api.w.org\/{rel}","templated":true}]}}