{"id":6621,"date":"2024-09-01T13:40:59","date_gmt":"2024-09-01T12:40:59","guid":{"rendered":"https:\/\/butterfly-editions.com\/?post_type=product&#038;p=6621"},"modified":"2026-01-27T15:57:16","modified_gmt":"2026-01-27T14:57:16","slug":"my-perfect-hipster-de-vanessa-degardin","status":"publish","type":"product","link":"https:\/\/butterfly-editions.com\/index.php\/produit\/my-perfect-hipster-de-vanessa-degardin\/","title":{"rendered":"Les fr\u00e8res Priest T3 &#8211; My Perfect Hipster"},"content":{"rendered":"<p><strong>Sexy, tatou\u00e9&#8230; et envo\u00fbtant&#8230;<\/strong><\/p>\n<p>Solal accumule les conqu\u00eates. S&rsquo;attacher ? M\u00eame pas en r\u00eave ! Entre son entreprise dans l&rsquo;immobilier et les cours de self-d\u00e9fense qu&rsquo;il donne quotidiennement, il n&rsquo;a pas de temps \u00e0 consacrer \u00e0 une femme.<\/p>\n<p>Jusqu&rsquo;\u00e0 ce que Nell, agent immobilier, d\u00e9barque dans sa vie telle une tornade. Apr\u00e8s une nuit pass\u00e9e ensemble, elle met \u00e0 mal toutes ses certitudes.<\/p>\n<p>Il veut la revoir, elle refuse. Plus il abat ses cartes, plus elle fuit&#8230;<\/p>\n<p>Ce qu&rsquo;il ne sait pas, c&rsquo;est que Nell cache un terrible secret. Un secret qui la conduit tout droit vers les cours de Solal&#8230;<\/p>\n<p><em>Cette fois-ci, impossible pour elle de lui \u00e9chapper&#8230;<\/em><\/p>\n<hr \/>\n<p>\u00ab\u00a0La plume de l&rsquo;auteure est tr\u00e8s belle, fluide et addictive. Vanessa est pour moi une valeur s\u00fbre et elle le prouve de nouveau avec ce roman que j&rsquo;ai d\u00e9vor\u00e9. D\u00e8s le d\u00e9but on est happ\u00e9 dans l&rsquo;histoire tant c&rsquo;est entra\u00eenant, rythm\u00e9, on ne voit pas les pages d\u00e9filer. L&rsquo;auteure nous transmet tout un tas d&rsquo;\u00e9motions durant cette romance, entre rires, col\u00e8re et tristesse c&rsquo;est un coup de c\u0153ur garanti ! Foncez lire cette merveille, vous ne serez pas d\u00e9\u00e7u !\u00a0\u00bb les_livres_de_titia<\/p>\n<div id=\"richProductInformation_feature_div\" class=\"celwidget\" data-feature-name=\"richProductInformation\" data-csa-c-id=\"b27tmy-282sjt-giqord-oqi624\" data-cel-widget=\"richProductInformation_feature_div\"><\/div>\n","protected":false},"excerpt":{"rendered":"<p>Sexy, tatou\u00e9&#8230; et envo\u00fbtant&#8230; Solal accumule les conqu\u00eates. S&rsquo;attacher ? M\u00eame pas en r\u00eave ! Entre son entreprise dans l&rsquo;immobilier et les cours de self-d\u00e9fense qu&rsquo;il donne quotidiennement, il n&rsquo;a pas de temps \u00e0 consacrer \u00e0 une femme. Jusqu&rsquo;\u00e0 ce que Nell, agent immobilier, d\u00e9barque dans sa vie telle une tornade. Apr\u00e8s une nuit pass\u00e9e [&hellip;]<\/p>\n","protected":false},"featured_media":6707,"comment_status":"open","ping_status":"closed","template":"","meta":{"_acf_changed":false,"content-type":""},"product_brand":[],"product_cat":[461],"product_tag":[],"class_list":{"0":"post-6621","1":"product","2":"type-product","3":"status-publish","4":"has-post-thumbnail","6":"product_cat-romance-contemporaine","8":"first","9":"instock","10":"taxable","11":"shipping-taxable","12":"purchasable","13":"product-type-variable"},"acf":{"auteur":"Vanessa Degardin","date_parution":"20210521","bestseller":true,"librairie":false},"aioseo_notices":[],"_links":{"self":[{"href":"https:\/\/butterfly-editions.com\/index.php\/wp-json\/wp\/v2\/product\/6621","targetHints":{"allow":["GET"]}}],"collection":[{"href":"https:\/\/butterfly-editions.com\/index.php\/wp-json\/wp\/v2\/product"}],"about":[{"href":"https:\/\/butterfly-editions.com\/index.php\/wp-json\/wp\/v2\/types\/product"}],"replies":[{"embeddable":true,"href":"https:\/\/butterfly-editions.com\/index.php\/wp-json\/wp\/v2\/comments?post=6621"}],"wp:featuredmedia":[{"embeddable":true,"href":"https:\/\/butterfly-editions.com\/index.php\/wp-json\/wp\/v2\/media\/6707"}],"wp:attachment":[{"href":"https:\/\/butterfly-editions.com\/index.php\/wp-json\/wp\/v2\/media?parent=6621"}],"wp:term":[{"taxonomy":"product_brand","embeddable":true,"href":"https:\/\/butterfly-editions.com\/index.php\/wp-json\/wp\/v2\/product_brand?post=6621"},{"taxonomy":"product_cat","embeddable":true,"href":"https:\/\/butterfly-editions.com\/index.php\/wp-json\/wp\/v2\/product_cat?post=6621"},{"taxonomy":"product_tag","embeddable":true,"href":"https:\/\/butterfly-editions.com\/index.php\/wp-json\/wp\/v2\/product_tag?post=6621"}],"curies":[{"name":"wp","href":"https:\/\/api.w.org\/{rel}","templated":true}]}}