{"id":6608,"date":"2024-09-01T13:40:37","date_gmt":"2024-09-01T12:40:37","guid":{"rendered":"https:\/\/butterfly-editions.com\/?post_type=product&#038;p=6608"},"modified":"2026-01-29T11:16:09","modified_gmt":"2026-01-29T10:16:09","slug":"my-philove-teacher-de-mady-flynn","status":"publish","type":"product","link":"https:\/\/butterfly-editions.com\/index.php\/produit\/my-philove-teacher-de-mady-flynn\/","title":{"rendered":"My Philove Teacher"},"content":{"rendered":"<p><strong>Elle l&rsquo;aime en secret.<\/strong><\/p>\n<p><strong>Il est son professeur.<\/strong><\/p>\n<p><strong>Deux \u00eatres que tout oppose&#8230; et pourtant&#8230;<\/strong><\/p>\n<p>Faith est jeune, timide et tr\u00e8s secr\u00e8te. Vivre un coup de foudre ? Celui qui vous terrasse de l&rsquo;int\u00e9rieur ? Elle ne pensait jamais y \u00eatre confront\u00e9e&#8230; avant de croiser Glenn Miller dans les couloirs de son lyc\u00e9e.<\/p>\n<p>Glenn est reconnu de tous dans sa profession. Il vit l&rsquo;enseignement de sa mati\u00e8re, la philosophie, comme une v\u00e9ritable vocation. Ses \u00e9l\u00e8ves ? Il n&rsquo;a qu&rsquo;un but, les ouvrir au d\u00e9bat afin de les initier du mieux possible au monde qui les entoure.<\/p>\n<p>D\u00e8s qu&rsquo;ils se retrouvent dans la m\u00eame salle de classe, elle le d\u00e9vore des yeux. Litt\u00e9ralement.<\/p>\n<p>Il n&rsquo;en laisse rien para\u00eetre.<\/p>\n<p><em>Il est l&rsquo;adulte, pourtant, c&rsquo;est elle qui va mener la danse&#8230;<\/em><\/p>\n<p>&#8212;&#8212;<\/p>\n<p><em>\u00ab\u00a0Pour moi, l\u2019amour a un visage. Grand, brun, barbu et charismatique \u00e0 souhait dans ses costumes qui semblent avoir \u00e9t\u00e9 taill\u00e9s pour lui.<\/em><\/p>\n<p><em>Cet amour a un nom. Glenn Miller. Quand je le prononce, seule le soir, dans mon lit, c\u2019est comme si je go\u00fbtais \u00e0 la plus exquise des friandises de ce monde.<\/em><\/p>\n<p><em>Cet amour est surtout interdit : Glenn est mon Professeur de philosophie. My philove teacher&#8230;<\/em><\/p>\n<p><em>Laissez-moi vous raconter mon histoire. Notre histoire.\u00a0\u00bb<\/em><\/p>\n<div id=\"richProductInformation_feature_div\" class=\"celwidget\" data-feature-name=\"richProductInformation\" data-csa-c-id=\"b27tmy-282sjt-giqord-oqi624\" data-cel-widget=\"richProductInformation_feature_div\"><\/div>\n<div data-csa-c-id=\"19wyq6-cgerxe-l6z22f-r8purq\" data-cel-widget=\"rich_product_information\"><\/div>\n","protected":false},"excerpt":{"rendered":"<p>Elle l&rsquo;aime en secret. Il est son professeur. Deux \u00eatres que tout oppose&#8230; et pourtant&#8230; Faith est jeune, timide et tr\u00e8s secr\u00e8te. Vivre un coup de foudre ? Celui qui vous terrasse de l&rsquo;int\u00e9rieur ? Elle ne pensait jamais y \u00eatre confront\u00e9e&#8230; avant de croiser Glenn Miller dans les couloirs de son lyc\u00e9e. Glenn est [&hellip;]<\/p>\n","protected":false},"featured_media":6691,"comment_status":"open","ping_status":"closed","template":"","meta":{"_acf_changed":false,"content-type":""},"product_brand":[],"product_cat":[461],"product_tag":[],"class_list":{"0":"post-6608","1":"product","2":"type-product","3":"status-publish","4":"has-post-thumbnail","6":"product_cat-romance-contemporaine","8":"first","9":"instock","10":"taxable","11":"shipping-taxable","12":"purchasable","13":"product-type-variable"},"acf":{"auteur":"Mady Flynn","date_parution":"20210115","bestseller":false,"librairie":false},"aioseo_notices":[],"_links":{"self":[{"href":"https:\/\/butterfly-editions.com\/index.php\/wp-json\/wp\/v2\/product\/6608","targetHints":{"allow":["GET"]}}],"collection":[{"href":"https:\/\/butterfly-editions.com\/index.php\/wp-json\/wp\/v2\/product"}],"about":[{"href":"https:\/\/butterfly-editions.com\/index.php\/wp-json\/wp\/v2\/types\/product"}],"replies":[{"embeddable":true,"href":"https:\/\/butterfly-editions.com\/index.php\/wp-json\/wp\/v2\/comments?post=6608"}],"wp:featuredmedia":[{"embeddable":true,"href":"https:\/\/butterfly-editions.com\/index.php\/wp-json\/wp\/v2\/media\/6691"}],"wp:attachment":[{"href":"https:\/\/butterfly-editions.com\/index.php\/wp-json\/wp\/v2\/media?parent=6608"}],"wp:term":[{"taxonomy":"product_brand","embeddable":true,"href":"https:\/\/butterfly-editions.com\/index.php\/wp-json\/wp\/v2\/product_brand?post=6608"},{"taxonomy":"product_cat","embeddable":true,"href":"https:\/\/butterfly-editions.com\/index.php\/wp-json\/wp\/v2\/product_cat?post=6608"},{"taxonomy":"product_tag","embeddable":true,"href":"https:\/\/butterfly-editions.com\/index.php\/wp-json\/wp\/v2\/product_tag?post=6608"}],"curies":[{"name":"wp","href":"https:\/\/api.w.org\/{rel}","templated":true}]}}