{"id":6607,"date":"2024-09-01T13:40:37","date_gmt":"2024-09-01T12:40:37","guid":{"rendered":"https:\/\/butterfly-editions.com\/?post_type=product&#038;p=6607"},"modified":"2026-01-28T17:41:45","modified_gmt":"2026-01-28T16:41:45","slug":"devious-souls-de-ellie-ach","status":"publish","type":"product","link":"https:\/\/butterfly-editions.com\/index.php\/produit\/devious-souls-de-ellie-ach\/","title":{"rendered":"Devious Souls T1"},"content":{"rendered":"<p><strong>Sa nouvelle mission : prot\u00e9ger la fille de son Pr\u00e9sident.<\/strong><\/p>\n<p><strong>Sa seule contrainte : ne JAMAIS la s\u00e9duire.<\/strong><\/p>\n<p>Suite au d\u00e9c\u00e8s brutal de sa m\u00e8re, Silver, dix-sept ans, est oblig\u00e9e d&rsquo;aller vivre chez son p\u00e8re, Mac Weadon, pr\u00e9sident des Devious Souls, l&rsquo;un des clubs de bikers les plus influents du Nevada.<\/p>\n<p>Hiro, la vingtaine, est l&rsquo;homme de main de Mac. Sombre, dangereux, il ferait tout pour prot\u00e9ger son clan. M\u00eame accepter de s&rsquo;occuper de la fille de son Boss, une teigne bien trop sexy \u00e0 son go\u00fbt.<\/p>\n<p>Silver n&rsquo;a qu&rsquo;une id\u00e9e en t\u00eate : fuir ce club d\u00e8s sa majorit\u00e9 malgr\u00e9 l&rsquo;attirance \u00e9vidente qu&rsquo;elle ressent pour Hiro.<br \/>\nCe dernier n&rsquo;a qu&rsquo;un but : veiller sur elle tout en gardant ses mains et sa bouche le plus loin possible de cette peau qu&rsquo;il r\u00eave de go\u00fbter.<\/p>\n<p><em>Leur attirance sera-t-elle plus forte que la raison ?<\/em><\/p>\n<p>&#8212;&#8212;&#8211;<\/p>\n<p><em>\u00ab\u00a0Silver assise sur mon lit. Silver qui m\u2019envo\u00fbte avec ses grands yeux bleus. Silver dont la bouche \u00e9tait si proche que j\u2019ai la sensation d\u2019en avoir le go\u00fbt sur mes l\u00e8vres.<\/em><br \/>\n<em>Silver. Silver. Silver.<\/em><br \/>\n<em>Pourquoi je n\u2019arrive pas \u00e0 me la sortir de la t\u00eate ? Elle n\u2019a pourtant rien d\u2019extraordinaire ! Hormis le fait qu\u2019elle soit incroyablement belle. Et intelligente. Et dr\u00f4le. Avec ce putain de caract\u00e8re qui me rend dingue. Si forte et si fragile \u00e0 la fois.<\/em><br \/>\n<em>Silver&#8230;\u00a0\u00bb<\/em><\/p>\n","protected":false},"excerpt":{"rendered":"<p>Sa nouvelle mission : prot\u00e9ger la fille de son Pr\u00e9sident. Sa seule contrainte : ne JAMAIS la s\u00e9duire. Suite au d\u00e9c\u00e8s brutal de sa m\u00e8re, Silver, dix-sept ans, est oblig\u00e9e d&rsquo;aller vivre chez son p\u00e8re, Mac Weadon, pr\u00e9sident des Devious Souls, l&rsquo;un des clubs de bikers les plus influents du Nevada. Hiro, la vingtaine, est [&hellip;]<\/p>\n","protected":false},"featured_media":6673,"comment_status":"open","ping_status":"closed","template":"","meta":{"_acf_changed":false,"content-type":""},"product_brand":[],"product_cat":[466],"product_tag":[470],"class_list":{"0":"post-6607","1":"product","2":"type-product","3":"status-publish","4":"has-post-thumbnail","6":"product_cat-romance-sombre","7":"product_tag-bikers","9":"first","10":"instock","11":"sold-individually","12":"taxable","13":"shipping-taxable","14":"purchasable","15":"product-type-variable"},"acf":{"auteur":"Ellie Ach","date_parution":"20201204","bestseller":true,"librairie":false},"aioseo_notices":[],"_links":{"self":[{"href":"https:\/\/butterfly-editions.com\/index.php\/wp-json\/wp\/v2\/product\/6607","targetHints":{"allow":["GET"]}}],"collection":[{"href":"https:\/\/butterfly-editions.com\/index.php\/wp-json\/wp\/v2\/product"}],"about":[{"href":"https:\/\/butterfly-editions.com\/index.php\/wp-json\/wp\/v2\/types\/product"}],"replies":[{"embeddable":true,"href":"https:\/\/butterfly-editions.com\/index.php\/wp-json\/wp\/v2\/comments?post=6607"}],"wp:featuredmedia":[{"embeddable":true,"href":"https:\/\/butterfly-editions.com\/index.php\/wp-json\/wp\/v2\/media\/6673"}],"wp:attachment":[{"href":"https:\/\/butterfly-editions.com\/index.php\/wp-json\/wp\/v2\/media?parent=6607"}],"wp:term":[{"taxonomy":"product_brand","embeddable":true,"href":"https:\/\/butterfly-editions.com\/index.php\/wp-json\/wp\/v2\/product_brand?post=6607"},{"taxonomy":"product_cat","embeddable":true,"href":"https:\/\/butterfly-editions.com\/index.php\/wp-json\/wp\/v2\/product_cat?post=6607"},{"taxonomy":"product_tag","embeddable":true,"href":"https:\/\/butterfly-editions.com\/index.php\/wp-json\/wp\/v2\/product_tag?post=6607"}],"curies":[{"name":"wp","href":"https:\/\/api.w.org\/{rel}","templated":true}]}}