{"id":6606,"date":"2024-09-01T13:40:37","date_gmt":"2024-09-01T12:40:37","guid":{"rendered":"https:\/\/butterfly-editions.com\/?post_type=product&#038;p=6606"},"modified":"2026-01-28T17:31:49","modified_gmt":"2026-01-28T16:31:49","slug":"colocs-protect-de-ellie-ach","status":"publish","type":"product","link":"https:\/\/butterfly-editions.com\/index.php\/produit\/colocs-protect-de-ellie-ach\/","title":{"rendered":"Coloc&rsquo;s Protect"},"content":{"rendered":"<p><strong>Quand succomber au plus puissant des d\u00e9sirs met deux vies en danger&#8230;<\/strong><\/p>\n<p>Apr\u00e8s avoir assist\u00e9 \u00e0 un meurtre , \u00c8ve entre dans le syst\u00e8me de protection de t\u00e9moins. Pour ne pas \u00eatre rep\u00e9r\u00e9e, elle n&rsquo;a d&rsquo;autre choix que de changer d&rsquo;identit\u00e9, de visage, de r\u00e9gion, accompagn\u00e9e de son nouvel ange gardien, Cabe, un flic aussi troublant que sexy.<\/p>\n<p>Adieu Phoenix, bonjour le Yukon !<\/p>\n<p>Cabe, lui, n&rsquo;en est pas \u00e0 son coup d&rsquo;essai. La protection de t\u00e9moins, c&rsquo;est son domaine. Cohabiter avec eux pendant des mois ? Aucun probl\u00e8me, il g\u00e8re \u00e7a d&rsquo;une main de ma\u00eetre. Enfin, c&rsquo;est ce qu&rsquo;il croyait&#8230;<\/p>\n<p>\u00c8ve, cette femme inattendue, le pousse dans ses pires retranchements. De nouvelle colocataire \u00e0 amante, il n&rsquo;y a qu&rsquo;un pas. Un tout petit que son \u00e9thique professionnelle lui interdit, qu&rsquo;il se promet de ne pas franchir. Co\u00fbte que co\u00fbte&#8230;<\/p>\n<p><em>Leur attirance sera-t-elle plus forte que tout ? Les poussera-t-elle tout droit dans la gueule du loup ?<\/em><\/p>\n<hr \/>\n<p>\u00ab\u00a0J\u2019ai \u00e9t\u00e9 hypnotis\u00e9 par l\u2019histoire d\u00e8s le d\u00e9but, elle se lit tellement bien et tr\u00e8s facilement que je l\u2019ai d\u00e9vor\u00e9 en un rien de temps. Il est addictif ! \u00c7a a \u00e9t\u00e9 pour moi un coup de coeur. Chaque chapitre en am\u00e8ne un autre sans jamais pouvoir l\u00e2cher le livre une seule seconde. La plume de l\u2019auteure est tr\u00e8s fluide, ce que j\u2019ai beaucoup aim\u00e9. Je vous recommande vivement ce roman qui est explosif dans tous les sens du terme\u2026 Accrochez-vous !\u00a0\u00bb addictivesbooks<\/p>\n<div id=\"richProductInformation_feature_div\" class=\"celwidget\" data-feature-name=\"richProductInformation\" data-csa-c-id=\"b27tmy-282sjt-giqord-oqi624\" data-cel-widget=\"richProductInformation_feature_div\"><\/div>\n<div data-csa-c-id=\"19wyq6-cgerxe-l6z22f-r8purq\" data-cel-widget=\"rich_product_information\"><\/div>\n","protected":false},"excerpt":{"rendered":"<p>Quand succomber au plus puissant des d\u00e9sirs met deux vies en danger&#8230; Apr\u00e8s avoir assist\u00e9 \u00e0 un meurtre , \u00c8ve entre dans le syst\u00e8me de protection de t\u00e9moins. Pour ne pas \u00eatre rep\u00e9r\u00e9e, elle n&rsquo;a d&rsquo;autre choix que de changer d&rsquo;identit\u00e9, de visage, de r\u00e9gion, accompagn\u00e9e de son nouvel ange gardien, Cabe, un flic aussi [&hellip;]<\/p>\n","protected":false},"featured_media":6706,"comment_status":"open","ping_status":"closed","template":"","meta":{"_acf_changed":false,"content-type":""},"product_brand":[],"product_cat":[461],"product_tag":[],"class_list":{"0":"post-6606","1":"product","2":"type-product","3":"status-publish","4":"has-post-thumbnail","6":"product_cat-romance-contemporaine","8":"first","9":"instock","10":"taxable","11":"shipping-taxable","12":"purchasable","13":"product-type-variable"},"acf":{"auteur":"Ellie Ach","date_parution":"20210514","bestseller":true,"librairie":false},"aioseo_notices":[],"_links":{"self":[{"href":"https:\/\/butterfly-editions.com\/index.php\/wp-json\/wp\/v2\/product\/6606","targetHints":{"allow":["GET"]}}],"collection":[{"href":"https:\/\/butterfly-editions.com\/index.php\/wp-json\/wp\/v2\/product"}],"about":[{"href":"https:\/\/butterfly-editions.com\/index.php\/wp-json\/wp\/v2\/types\/product"}],"replies":[{"embeddable":true,"href":"https:\/\/butterfly-editions.com\/index.php\/wp-json\/wp\/v2\/comments?post=6606"}],"wp:featuredmedia":[{"embeddable":true,"href":"https:\/\/butterfly-editions.com\/index.php\/wp-json\/wp\/v2\/media\/6706"}],"wp:attachment":[{"href":"https:\/\/butterfly-editions.com\/index.php\/wp-json\/wp\/v2\/media?parent=6606"}],"wp:term":[{"taxonomy":"product_brand","embeddable":true,"href":"https:\/\/butterfly-editions.com\/index.php\/wp-json\/wp\/v2\/product_brand?post=6606"},{"taxonomy":"product_cat","embeddable":true,"href":"https:\/\/butterfly-editions.com\/index.php\/wp-json\/wp\/v2\/product_cat?post=6606"},{"taxonomy":"product_tag","embeddable":true,"href":"https:\/\/butterfly-editions.com\/index.php\/wp-json\/wp\/v2\/product_tag?post=6606"}],"curies":[{"name":"wp","href":"https:\/\/api.w.org\/{rel}","templated":true}]}}