{"id":6603,"date":"2024-09-01T13:40:37","date_gmt":"2024-09-01T12:40:37","guid":{"rendered":"https:\/\/butterfly-editions.com\/?post_type=product&#038;p=6603"},"modified":"2026-01-29T09:57:58","modified_gmt":"2026-01-29T08:57:58","slug":"the-ugliness-of-beauty-de-jessica-hailey","status":"publish","type":"product","link":"https:\/\/butterfly-editions.com\/index.php\/produit\/the-ugliness-of-beauty-de-jessica-hailey\/","title":{"rendered":"Viscious Beauty"},"content":{"rendered":"<p><strong>Luxure. Beaut\u00e9. Superficialit\u00e9.<\/strong><\/p>\n<p>Trois mots qui r\u00e9gissent la vie d&rsquo;America. Trois mots qu&rsquo;elle d\u00e9teste. Trois mots qui l&rsquo;effraient.<\/p>\n<p>Fille unique du Directeur de l&rsquo;agence de mannequinat la plus r\u00e9put\u00e9e de New York, son p\u00e8re, Tom Walder, est d\u00e9termin\u00e9 \u00e0 ce qu&rsquo;elle reprenne les r\u00eanes de l&#8217;empire qu&rsquo;il a forg\u00e9. Cela, d\u00e8s la fin de ses \u00e9tudes. Suite \u00e0 une \u00e9ni\u00e8me dispute \u00e0 ce sujet, America doit se rendre \u00e0 l&rsquo;\u00e9vidence : adieu, sa passion pour l&rsquo;art ; bonjour, le dipl\u00f4me de management. Bien d\u00e9cid\u00e9e \u00e0 noyer sa col\u00e8re dans l&rsquo;alcool &#8211; et pourquoi pas dans les bras d&rsquo;un parfait inconnu -, elle rejoint le Stout, un bar hupp\u00e9 du centre-ville. Elle y croise l&rsquo;homme id\u00e9al, Elijah : regard \u00e9lectrique, sourire \u00e0 tomber, un brin sarcastique&#8230; Quoi demander de mieux pour une histoire sans lendemain ?<\/p>\n<p>Seulement, Elijah sait \u00e0 qui il a affaire. Pour rien au monde, il ne raterait cette occasion en or de d\u00e9marrer sa carri\u00e8re.<\/p>\n<p>Luxure. Beaut\u00e9. Superficialit\u00e9.<\/p>\n<p><em>Trois mots qui sont siens. Trois mots qu&rsquo;il s&rsquo;est appropri\u00e9. Trois mots qu&rsquo;il s&rsquo;est promis d&rsquo;\u00e9riger au sommet de ses ambitions.<\/em><\/p>\n<hr \/>\n<p>\u00ab\u00a0Waouh, c\u2019est un GROS coup de c\u0153ur pour ce roman engag\u00e9 qui nous emporte dans l\u2019envers du d\u00e9cor du mannequinat.\u00a0\u00bb eleonore_book_<\/p>\n<div id=\"richProductInformation_feature_div\" class=\"celwidget\" data-feature-name=\"richProductInformation\" data-csa-c-id=\"b27tmy-282sjt-giqord-oqi624\" data-cel-widget=\"richProductInformation_feature_div\">\n<div id=\"rich_product_information\" class=\"a-section a-spacing-none celwidget\" data-csa-c-id=\"19wyq6-cgerxe-l6z22f-r8purq\" data-cel-widget=\"rich_product_information\"><a href=\"https:\/\/www.amazon.fr\/Ugliness-Beauty-Jessica-Hailey-ebook\/dp\/B08VWFMCJ8\/ref=sr_1_1?__mk_fr_FR=%C3%85M%C3%85%C5%BD%C3%95%C3%91&amp;crid=2MR9JIRQ3ASPR&amp;keywords=the+ugliness+of+beauty&amp;qid=1638974296&amp;sprefix=the+ugliness%2Caps%2C144&amp;sr=8-1\"><img loading=\"lazy\" decoding=\"async\" class=\"n3VNCb alignleft\" src=\"https:\/\/logos-world.net\/wp-content\/uploads\/2020\/03\/Amazon-Kindle-Symbol.png\" alt=\"Amazon Kindle Logo, history, meaning, symbol, PNG\" width=\"94\" height=\"53\" data-noaft=\"1\" \/><\/a><a href=\"https:\/\/play.google.com\/store\/books\/details\/Jessica_Hailey_The_Ugliness_of_Beauty?id=ocEZEAAAQBAJ\"><img loading=\"lazy\" decoding=\"async\" class=\"alignleft\" src=\"https:\/\/upload.wikimedia.org\/wikipedia\/commons\/3\/3b\/Google_livres.png\" alt=\"\" width=\"106\" height=\"40\" \/><\/a><a href=\"https:\/\/www.kobo.com\/fr\/fr\/ebook\/the-ugliness-of-beauty-2\"><img loading=\"lazy\" decoding=\"async\" class=\"alignleft\" src=\"https:\/\/download.logo.wine\/logo\/Kobo_eReader\/Kobo_eReader-Logo.wine.png\" alt=\"\" width=\"90\" height=\"60\" \/><\/a><a href=\"https:\/\/books.apple.com\/fr\/book\/the-ugliness-of-beauty\/id1552224053\"><img loading=\"lazy\" decoding=\"async\" class=\"alignleft\" src=\"https:\/\/support.apple.com\/content\/dam\/edam\/applecare\/images\/en_US\/social\/thumbnail\/ios11-ibooks-app_2x.png\" alt=\"\" width=\"52\" height=\"52\" \/><\/a><\/div>\n<\/div>\n<div data-csa-c-id=\"19wyq6-cgerxe-l6z22f-r8purq\" data-cel-widget=\"rich_product_information\"><\/div>\n<div data-csa-c-id=\"19wyq6-cgerxe-l6z22f-r8purq\" data-cel-widget=\"rich_product_information\"><\/div>\n","protected":false},"excerpt":{"rendered":"<p>Luxure. Beaut\u00e9. Superficialit\u00e9. Trois mots qui r\u00e9gissent la vie d&rsquo;America. Trois mots qu&rsquo;elle d\u00e9teste. Trois mots qui l&rsquo;effraient. Fille unique du Directeur de l&rsquo;agence de mannequinat la plus r\u00e9put\u00e9e de New York, son p\u00e8re, Tom Walder, est d\u00e9termin\u00e9 \u00e0 ce qu&rsquo;elle reprenne les r\u00eanes de l&#8217;empire qu&rsquo;il a forg\u00e9. Cela, d\u00e8s la fin de ses [&hellip;]<\/p>\n","protected":false},"featured_media":10045,"comment_status":"open","ping_status":"closed","template":"","meta":{"_acf_changed":false,"content-type":""},"product_brand":[],"product_cat":[461],"product_tag":[],"class_list":{"0":"post-6603","1":"product","2":"type-product","3":"status-publish","4":"has-post-thumbnail","6":"product_cat-romance-contemporaine","8":"first","9":"instock","10":"downloadable","11":"virtual","12":"sold-individually","13":"taxable","14":"purchasable","15":"product-type-simple"},"acf":{"auteur":"Jessica Hailey","date_parution":"20230705","bestseller":false,"librairie":false},"aioseo_notices":[],"_links":{"self":[{"href":"https:\/\/butterfly-editions.com\/index.php\/wp-json\/wp\/v2\/product\/6603","targetHints":{"allow":["GET"]}}],"collection":[{"href":"https:\/\/butterfly-editions.com\/index.php\/wp-json\/wp\/v2\/product"}],"about":[{"href":"https:\/\/butterfly-editions.com\/index.php\/wp-json\/wp\/v2\/types\/product"}],"replies":[{"embeddable":true,"href":"https:\/\/butterfly-editions.com\/index.php\/wp-json\/wp\/v2\/comments?post=6603"}],"wp:featuredmedia":[{"embeddable":true,"href":"https:\/\/butterfly-editions.com\/index.php\/wp-json\/wp\/v2\/media\/10045"}],"wp:attachment":[{"href":"https:\/\/butterfly-editions.com\/index.php\/wp-json\/wp\/v2\/media?parent=6603"}],"wp:term":[{"taxonomy":"product_brand","embeddable":true,"href":"https:\/\/butterfly-editions.com\/index.php\/wp-json\/wp\/v2\/product_brand?post=6603"},{"taxonomy":"product_cat","embeddable":true,"href":"https:\/\/butterfly-editions.com\/index.php\/wp-json\/wp\/v2\/product_cat?post=6603"},{"taxonomy":"product_tag","embeddable":true,"href":"https:\/\/butterfly-editions.com\/index.php\/wp-json\/wp\/v2\/product_tag?post=6603"}],"curies":[{"name":"wp","href":"https:\/\/api.w.org\/{rel}","templated":true}]}}