{"id":6602,"date":"2024-09-01T13:40:37","date_gmt":"2024-09-01T12:40:37","guid":{"rendered":"https:\/\/butterfly-editions.com\/?post_type=product&#038;p=6602"},"modified":"2026-01-29T09:53:56","modified_gmt":"2026-01-29T08:53:56","slug":"a-jamais-plus-de-cinq-centimetres-2-de-jessica-hailey","status":"publish","type":"product","link":"https:\/\/butterfly-editions.com\/index.php\/produit\/a-jamais-plus-de-cinq-centimetres-2-de-jessica-hailey\/","title":{"rendered":"\u00c0 jamais plus de T2 &#8211; \u00c0 jamais plus de cinq centim\u00e8tres"},"content":{"rendered":"<p><strong>Des retrouvailles inattendues, intenses&#8230; bouleversantes&#8230;<\/strong><\/p>\n<p>Deux ans ont pass\u00e9.<\/p>\n<p>Eliza a repris le chemin de l&rsquo;Universit\u00e9. Malgr\u00e9 la douleur caus\u00e9e par l&rsquo;absence de Liam, celui consid\u00e9r\u00e9, aux yeux de la soci\u00e9t\u00e9, comme son demi fr\u00e8re, elle a su garder la t\u00eate haute.<br \/>\nLorsque ce dernier revient au manoir, elle ne s&rsquo;attend pas \u00e0 ressentir autant de sentiments contradictoires.<\/p>\n<p>Un regard \u00e9chang\u00e9 et tout bascule&#8230;<\/p>\n<p>Malgr\u00e9 le danger qui r\u00f4de toujours, des sombres secrets de famille qui ne demandent qu&rsquo;\u00e0 \u00e9clore, les sentiments sont l\u00e0. Puissants, compliqu\u00e9s&#8230; d\u00e9vastateurs&#8230;<\/p>\n<p><em>Comment r\u00e9sister \u00e0 cette folle attirance, pourtant jug\u00e9e interdite, quand la mort risque de frapper \u00e0 tout moment ?<\/em><\/p>\n<div id=\"richProductInformation_feature_div\" class=\"celwidget\" data-feature-name=\"richProductInformation\" data-csa-c-id=\"b27tmy-282sjt-giqord-oqi624\" data-cel-widget=\"richProductInformation_feature_div\">\n<div id=\"rich_product_information\" class=\"a-section a-spacing-none celwidget\" data-csa-c-id=\"19wyq6-cgerxe-l6z22f-r8purq\" data-cel-widget=\"rich_product_information\"><a href=\"https:\/\/www.amazon.fr\/%C3%80-jamais-plus-cinq-centim%C3%A8tres-ebook\/dp\/B0816T677G\/ref=sr_1_1?__mk_fr_FR=%C3%85M%C3%85%C5%BD%C3%95%C3%91&amp;crid=2Q1HEISJG2KU9&amp;keywords=a+jamais+plus+de+cinq+centimetres&amp;qid=1638978482&amp;sprefix=a+jamais%2Caps%2C167&amp;sr=8-1\"><img loading=\"lazy\" decoding=\"async\" class=\"n3VNCb alignleft\" src=\"https:\/\/logos-world.net\/wp-content\/uploads\/2020\/03\/Amazon-Kindle-Symbol.png\" alt=\"Amazon Kindle Logo, history, meaning, symbol, PNG\" width=\"94\" height=\"53\" data-noaft=\"1\" \/><\/a><a href=\"https:\/\/play.google.com\/store\/books\/details\/Jessica_Hailey_%C3%80_jamais_plus_de_cinq_centim%C3%A8tres_2?id=RiC9DwAAQBAJ&amp;gl=FR\"><img loading=\"lazy\" decoding=\"async\" class=\"alignleft\" src=\"https:\/\/upload.wikimedia.org\/wikipedia\/commons\/3\/3b\/Google_livres.png\" width=\"106\" height=\"40\" \/><\/a><a href=\"https:\/\/www.kobo.com\/fr\/fr\/ebook\/a-jamais-plus-de-cinq-centimetres-2\"><img loading=\"lazy\" decoding=\"async\" class=\"alignleft\" src=\"https:\/\/download.logo.wine\/logo\/Kobo_eReader\/Kobo_eReader-Logo.wine.png\" width=\"90\" height=\"60\" \/><\/a><a href=\"https:\/\/books.apple.com\/fr\/book\/id1487166309\"><img loading=\"lazy\" decoding=\"async\" class=\"alignleft\" src=\"https:\/\/support.apple.com\/content\/dam\/edam\/applecare\/images\/en_US\/social\/thumbnail\/ios11-ibooks-app_2x.png\" width=\"52\" height=\"52\" \/><\/a><\/div>\n<\/div>\n<div data-csa-c-id=\"19wyq6-cgerxe-l6z22f-r8purq\" data-cel-widget=\"rich_product_information\"><\/div>\n","protected":false},"excerpt":{"rendered":"<p>Des retrouvailles inattendues, intenses&#8230; bouleversantes&#8230; Deux ans ont pass\u00e9. Eliza a repris le chemin de l&rsquo;Universit\u00e9. Malgr\u00e9 la douleur caus\u00e9e par l&rsquo;absence de Liam, celui consid\u00e9r\u00e9, aux yeux de la soci\u00e9t\u00e9, comme son demi fr\u00e8re, elle a su garder la t\u00eate haute. Lorsque ce dernier revient au manoir, elle ne s&rsquo;attend pas \u00e0 ressentir autant [&hellip;]<\/p>\n","protected":false},"featured_media":6649,"comment_status":"open","ping_status":"closed","template":"","meta":{"_acf_changed":false,"content-type":""},"product_brand":[],"product_cat":[461],"product_tag":[],"class_list":{"0":"post-6602","1":"product","2":"type-product","3":"status-publish","4":"has-post-thumbnail","6":"product_cat-romance-contemporaine","8":"first","9":"outofstock","10":"sold-individually","11":"taxable","12":"shipping-taxable","13":"purchasable","14":"product-type-variable"},"acf":{"auteur":"Jessica Hailey","date_parution":"20191115","bestseller":true,"librairie":false},"aioseo_notices":[],"_links":{"self":[{"href":"https:\/\/butterfly-editions.com\/index.php\/wp-json\/wp\/v2\/product\/6602","targetHints":{"allow":["GET"]}}],"collection":[{"href":"https:\/\/butterfly-editions.com\/index.php\/wp-json\/wp\/v2\/product"}],"about":[{"href":"https:\/\/butterfly-editions.com\/index.php\/wp-json\/wp\/v2\/types\/product"}],"replies":[{"embeddable":true,"href":"https:\/\/butterfly-editions.com\/index.php\/wp-json\/wp\/v2\/comments?post=6602"}],"wp:featuredmedia":[{"embeddable":true,"href":"https:\/\/butterfly-editions.com\/index.php\/wp-json\/wp\/v2\/media\/6649"}],"wp:attachment":[{"href":"https:\/\/butterfly-editions.com\/index.php\/wp-json\/wp\/v2\/media?parent=6602"}],"wp:term":[{"taxonomy":"product_brand","embeddable":true,"href":"https:\/\/butterfly-editions.com\/index.php\/wp-json\/wp\/v2\/product_brand?post=6602"},{"taxonomy":"product_cat","embeddable":true,"href":"https:\/\/butterfly-editions.com\/index.php\/wp-json\/wp\/v2\/product_cat?post=6602"},{"taxonomy":"product_tag","embeddable":true,"href":"https:\/\/butterfly-editions.com\/index.php\/wp-json\/wp\/v2\/product_tag?post=6602"}],"curies":[{"name":"wp","href":"https:\/\/api.w.org\/{rel}","templated":true}]}}