{"id":6592,"date":"2024-09-01T13:40:14","date_gmt":"2024-09-01T12:40:14","guid":{"rendered":"https:\/\/butterfly-editions.com\/?post_type=product&#038;p=6592"},"modified":"2026-01-28T15:40:48","modified_gmt":"2026-01-28T14:40:48","slug":"supreme-plaisir-2-de-florine-hedal","status":"publish","type":"product","link":"https:\/\/butterfly-editions.com\/index.php\/produit\/supreme-plaisir-2-de-florine-hedal\/","title":{"rendered":"Supr\u00eames interdits T2 &#8211; Supr\u00eame plaisir"},"content":{"rendered":"<p>Une nuit. Il n\u2019aura fallu qu\u2019une nuit pour que tout bascule.<\/p>\n<p>Apr\u00e8s avoir lutt\u00e9 contre leur d\u00e9sir br\u00fblant, Basile et Calista succombent enfin au plaisir supr\u00eame. Malheureusement, leur relation n\u2019a pas perdu son go\u00fbt d\u2019interdit.<\/p>\n<p>Entre peur du jugement familial, jeux inopin\u00e9s et menaces ext\u00e9rieures, comment s\u2019\u00e9panouir ? Le ma\u00eetre-chanteur, corbeau myst\u00e9rieux, n\u2019est jamais loin.<\/p>\n<p>D\u2019autant plus que la d\u00e9couverte d\u2019un lourd secret pourrait bient\u00f4t tout remettre en cause&#8230;<\/p>\n<div id=\"richProductInformation_feature_div\" class=\"celwidget\" data-feature-name=\"richProductInformation\" data-csa-c-id=\"b27tmy-282sjt-giqord-oqi624\" data-cel-widget=\"richProductInformation_feature_div\">\n<div id=\"rich_product_information\" class=\"a-section a-spacing-none celwidget\" data-csa-c-id=\"19wyq6-cgerxe-l6z22f-r8purq\" data-cel-widget=\"rich_product_information\"><a href=\"https:\/\/www.amazon.fr\/Supr%C3%AAme-plaisir-2-Florine-Hedal-ebook\/dp\/B07RQZLPNN\/ref=sr_1_1?__mk_fr_FR=%C3%85M%C3%85%C5%BD%C3%95%C3%91&amp;keywords=supr%C3%AAme+plaisir&amp;qid=1638978259&amp;sr=8-1\"><img loading=\"lazy\" decoding=\"async\" class=\"n3VNCb alignleft\" src=\"https:\/\/logos-world.net\/wp-content\/uploads\/2020\/03\/Amazon-Kindle-Symbol.png\" alt=\"Amazon Kindle Logo, history, meaning, symbol, PNG\" width=\"94\" height=\"53\" data-noaft=\"1\" \/><\/a><a href=\"https:\/\/play.google.com\/store\/books\/details\/Florine_Hedal_Supr%C3%AAme_plaisir_2?id=xoCYDwAAQBAJ&amp;gl=FR\"><img loading=\"lazy\" decoding=\"async\" class=\"alignleft\" src=\"https:\/\/upload.wikimedia.org\/wikipedia\/commons\/3\/3b\/Google_livres.png\" width=\"106\" height=\"40\" \/><\/a><a href=\"https:\/\/www.kobo.com\/fr\/fr\/ebook\/supreme-plaisir-2\"><img loading=\"lazy\" decoding=\"async\" class=\"alignleft\" src=\"https:\/\/download.logo.wine\/logo\/Kobo_eReader\/Kobo_eReader-Logo.wine.png\" width=\"90\" height=\"60\" \/><\/a><a href=\"https:\/\/books.apple.com\/fr\/book\/id1463763259\"><img loading=\"lazy\" decoding=\"async\" class=\"alignleft\" src=\"https:\/\/support.apple.com\/content\/dam\/edam\/applecare\/images\/en_US\/social\/thumbnail\/ios11-ibooks-app_2x.png\" width=\"52\" height=\"52\" \/><\/a><\/div>\n<\/div>\n<div data-csa-c-id=\"19wyq6-cgerxe-l6z22f-r8purq\" data-cel-widget=\"rich_product_information\"><\/div>\n","protected":false},"excerpt":{"rendered":"<p>Une nuit. Il n\u2019aura fallu qu\u2019une nuit pour que tout bascule. Apr\u00e8s avoir lutt\u00e9 contre leur d\u00e9sir br\u00fblant, Basile et Calista succombent enfin au plaisir supr\u00eame. Malheureusement, leur relation n\u2019a pas perdu son go\u00fbt d\u2019interdit. Entre peur du jugement familial, jeux inopin\u00e9s et menaces ext\u00e9rieures, comment s\u2019\u00e9panouir ? Le ma\u00eetre-chanteur, corbeau myst\u00e9rieux, n\u2019est jamais loin. [&hellip;]<\/p>\n","protected":false},"featured_media":6648,"comment_status":"open","ping_status":"closed","template":"","meta":{"_acf_changed":false,"content-type":""},"product_brand":[],"product_cat":[461],"product_tag":[],"class_list":{"0":"post-6592","1":"product","2":"type-product","3":"status-publish","4":"has-post-thumbnail","6":"product_cat-romance-contemporaine","8":"first","9":"outofstock","10":"sold-individually","11":"taxable","12":"shipping-taxable","13":"purchasable","14":"product-type-variable"},"acf":{"auteur":"Florine Hedal","date_parution":"20190522","bestseller":false,"librairie":false},"aioseo_notices":[],"_links":{"self":[{"href":"https:\/\/butterfly-editions.com\/index.php\/wp-json\/wp\/v2\/product\/6592","targetHints":{"allow":["GET"]}}],"collection":[{"href":"https:\/\/butterfly-editions.com\/index.php\/wp-json\/wp\/v2\/product"}],"about":[{"href":"https:\/\/butterfly-editions.com\/index.php\/wp-json\/wp\/v2\/types\/product"}],"replies":[{"embeddable":true,"href":"https:\/\/butterfly-editions.com\/index.php\/wp-json\/wp\/v2\/comments?post=6592"}],"wp:featuredmedia":[{"embeddable":true,"href":"https:\/\/butterfly-editions.com\/index.php\/wp-json\/wp\/v2\/media\/6648"}],"wp:attachment":[{"href":"https:\/\/butterfly-editions.com\/index.php\/wp-json\/wp\/v2\/media?parent=6592"}],"wp:term":[{"taxonomy":"product_brand","embeddable":true,"href":"https:\/\/butterfly-editions.com\/index.php\/wp-json\/wp\/v2\/product_brand?post=6592"},{"taxonomy":"product_cat","embeddable":true,"href":"https:\/\/butterfly-editions.com\/index.php\/wp-json\/wp\/v2\/product_cat?post=6592"},{"taxonomy":"product_tag","embeddable":true,"href":"https:\/\/butterfly-editions.com\/index.php\/wp-json\/wp\/v2\/product_tag?post=6592"}],"curies":[{"name":"wp","href":"https:\/\/api.w.org\/{rel}","templated":true}]}}