{"id":6588,"date":"2024-09-01T13:40:13","date_gmt":"2024-09-01T12:40:13","guid":{"rendered":"https:\/\/butterfly-editions.com\/?post_type=product&#038;p=6588"},"modified":"2026-01-29T10:11:14","modified_gmt":"2026-01-29T09:11:14","slug":"try-with-love-de-sarina-cassint","status":"publish","type":"product","link":"https:\/\/butterfly-editions.com\/index.php\/produit\/try-with-love-de-sarina-cassint\/","title":{"rendered":"Try With Love"},"content":{"rendered":"<p><strong>Une \u00e9tudiante rebelle et s\u00e9ductrice.<\/strong><\/p>\n<p><strong>Un ing\u00e9nieur c\u00e9libataire et sexy.<\/strong><br \/>\n<strong>Deux oppos\u00e9s qui s&rsquo;attirent inexorablement&#8230;<\/strong><\/p>\n<p>Quand Ga\u00ebtan rencontre Na\u00efs en bo\u00eete de nuit, il reconna\u00eet imm\u00e9diatement l&rsquo;\u00e9tudiante rebelle qui a parasit\u00e9 sa journ\u00e9e de travail. Elle a beau l&rsquo;agacer, le d\u00e9fier&#8230; il ne peut s&#8217;emp\u00eacher de la d\u00e9sirer.<br \/>\nUne nuit&#8230; deal ?<br \/>\nSi affinit\u00e9s&#8230; sexfriends ?<br \/>\nPourtant, lorsque leurs pass\u00e9s douloureux se rappellent \u00e0 eux, ils vont devoir apprendre \u00e0 s&rsquo;\u00e9pauler. \u00c0 se d\u00e9couvrir. \u00c0 se prot\u00e9ger mutuellement.<\/p>\n<p><em>Et si le v\u00e9ritable amour se cachait l\u00e0 o\u00f9 l&rsquo;on s&rsquo;y attend le moins ?<\/em><\/p>\n<p>&#8212;&#8212;<\/p>\n<p><em>\u00ab\u00a0Ouais, je n\u2019ai pas r\u00eav\u00e9. Il y a bien un num\u00e9ro de portable inscrit sur ma peau. Un pr\u00e9nom l\u2019accompagne. Je penche la t\u00eate, car les lettres partent un peu dans tous les sens. N.A.I.S.<\/em><\/p>\n<p><em>Na\u00efs !<\/em><\/p>\n<p><em>Un sourire satisfait fleurit sur mes l\u00e8vres. \u00c7a, c\u2019est une sacr\u00e9e bonne nouvelle. Parce que des souvenirs de nos baisers me reviennent. Faut que je l\u2019appelle.<\/em><\/p>\n<p><em>Je veux go\u00fbter bien plus que sa bouche et sa peau douce.\u00a0\u00bb<\/em><\/p>\n<div id=\"richProductInformation_feature_div\" class=\"celwidget\" data-feature-name=\"richProductInformation\" data-csa-c-id=\"b27tmy-282sjt-giqord-oqi624\" data-cel-widget=\"richProductInformation_feature_div\"><\/div>\n<div data-csa-c-id=\"19wyq6-cgerxe-l6z22f-r8purq\" data-cel-widget=\"rich_product_information\"><\/div>\n","protected":false},"excerpt":{"rendered":"<p>Une \u00e9tudiante rebelle et s\u00e9ductrice. Un ing\u00e9nieur c\u00e9libataire et sexy. Deux oppos\u00e9s qui s&rsquo;attirent inexorablement&#8230; Quand Ga\u00ebtan rencontre Na\u00efs en bo\u00eete de nuit, il reconna\u00eet imm\u00e9diatement l&rsquo;\u00e9tudiante rebelle qui a parasit\u00e9 sa journ\u00e9e de travail. Elle a beau l&rsquo;agacer, le d\u00e9fier&#8230; il ne peut s&#8217;emp\u00eacher de la d\u00e9sirer. Une nuit&#8230; deal ? Si affinit\u00e9s&#8230; sexfriends [&hellip;]<\/p>\n","protected":false},"featured_media":6693,"comment_status":"open","ping_status":"closed","template":"","meta":{"_acf_changed":false,"content-type":""},"product_brand":[],"product_cat":[461],"product_tag":[],"class_list":{"0":"post-6588","1":"product","2":"type-product","3":"status-publish","4":"has-post-thumbnail","6":"product_cat-romance-contemporaine","8":"first","9":"instock","10":"sold-individually","11":"taxable","12":"shipping-taxable","13":"purchasable","14":"product-type-variable"},"acf":{"auteur":"Sarina Cassint","date_parution":"20210219","bestseller":false,"librairie":false},"aioseo_notices":[],"_links":{"self":[{"href":"https:\/\/butterfly-editions.com\/index.php\/wp-json\/wp\/v2\/product\/6588","targetHints":{"allow":["GET"]}}],"collection":[{"href":"https:\/\/butterfly-editions.com\/index.php\/wp-json\/wp\/v2\/product"}],"about":[{"href":"https:\/\/butterfly-editions.com\/index.php\/wp-json\/wp\/v2\/types\/product"}],"replies":[{"embeddable":true,"href":"https:\/\/butterfly-editions.com\/index.php\/wp-json\/wp\/v2\/comments?post=6588"}],"wp:featuredmedia":[{"embeddable":true,"href":"https:\/\/butterfly-editions.com\/index.php\/wp-json\/wp\/v2\/media\/6693"}],"wp:attachment":[{"href":"https:\/\/butterfly-editions.com\/index.php\/wp-json\/wp\/v2\/media?parent=6588"}],"wp:term":[{"taxonomy":"product_brand","embeddable":true,"href":"https:\/\/butterfly-editions.com\/index.php\/wp-json\/wp\/v2\/product_brand?post=6588"},{"taxonomy":"product_cat","embeddable":true,"href":"https:\/\/butterfly-editions.com\/index.php\/wp-json\/wp\/v2\/product_cat?post=6588"},{"taxonomy":"product_tag","embeddable":true,"href":"https:\/\/butterfly-editions.com\/index.php\/wp-json\/wp\/v2\/product_tag?post=6588"}],"curies":[{"name":"wp","href":"https:\/\/api.w.org\/{rel}","templated":true}]}}