{"id":6587,"date":"2024-09-01T13:40:13","date_gmt":"2024-09-01T12:40:13","guid":{"rendered":"https:\/\/butterfly-editions.com\/?post_type=product&#038;p=6587"},"modified":"2026-01-29T10:21:35","modified_gmt":"2026-01-29T09:21:35","slug":"together-again-de-sarina-cassint","status":"publish","type":"product","link":"https:\/\/butterfly-editions.com\/index.php\/produit\/together-again-de-sarina-cassint\/","title":{"rendered":"Together again"},"content":{"rendered":"<p><strong>Revoir son premier amour&#8230; la pire des tortures !<\/strong><\/p>\n<p>Jamais Lou ne pensait recroiser la route de Dan, son premier crush, sa premi\u00e8re fois, surtout quatre ans apr\u00e8s le bac !<br \/>\nSes chagrins et drames v\u00e9cus au lyc\u00e9e \u00e9taient enfin loin derri\u00e8re elle, enferm\u00e9s dans une autre vie.<br \/>\nFini l&rsquo;amour pour toujours ! Fini Dan. Les plans d&rsquo;un soir, faciles, sans attaches, lui conviennent d\u00e9sormais parfaitement.<br \/>\nJusqu&rsquo;\u00e0 recroiser son regard&#8230; sa voix chaude&#8230; son corps \u00e9lectrisant&#8230;<br \/>\nTout ressurgit, de ses pires cauchemars au plus fou des d\u00e9sirs.<\/p>\n<p><em>Elle ne se laissera pas guider par ses envies. La raison reprendra le dessus. Du moins, c&rsquo;est ce qu&rsquo;elle imagine&#8230;<\/em><\/p>\n<div id=\"richProductInformation_feature_div\" class=\"celwidget\" data-feature-name=\"richProductInformation\" data-csa-c-id=\"b27tmy-282sjt-giqord-oqi624\" data-cel-widget=\"richProductInformation_feature_div\"><\/div>\n","protected":false},"excerpt":{"rendered":"<p>Revoir son premier amour&#8230; la pire des tortures ! Jamais Lou ne pensait recroiser la route de Dan, son premier crush, sa premi\u00e8re fois, surtout quatre ans apr\u00e8s le bac ! Ses chagrins et drames v\u00e9cus au lyc\u00e9e \u00e9taient enfin loin derri\u00e8re elle, enferm\u00e9s dans une autre vie. Fini l&rsquo;amour pour toujours ! Fini Dan. [&hellip;]<\/p>\n","protected":false},"featured_media":6672,"comment_status":"open","ping_status":"closed","template":"","meta":{"_acf_changed":false,"content-type":""},"product_brand":[],"product_cat":[461],"product_tag":[],"class_list":{"0":"post-6587","1":"product","2":"type-product","3":"status-publish","4":"has-post-thumbnail","6":"product_cat-romance-contemporaine","8":"first","9":"instock","10":"sold-individually","11":"taxable","12":"shipping-taxable","13":"purchasable","14":"product-type-variable"},"acf":{"auteur":"Sarina Cassint","date_parution":"20200316","bestseller":false,"librairie":false},"aioseo_notices":[],"_links":{"self":[{"href":"https:\/\/butterfly-editions.com\/index.php\/wp-json\/wp\/v2\/product\/6587","targetHints":{"allow":["GET"]}}],"collection":[{"href":"https:\/\/butterfly-editions.com\/index.php\/wp-json\/wp\/v2\/product"}],"about":[{"href":"https:\/\/butterfly-editions.com\/index.php\/wp-json\/wp\/v2\/types\/product"}],"replies":[{"embeddable":true,"href":"https:\/\/butterfly-editions.com\/index.php\/wp-json\/wp\/v2\/comments?post=6587"}],"wp:featuredmedia":[{"embeddable":true,"href":"https:\/\/butterfly-editions.com\/index.php\/wp-json\/wp\/v2\/media\/6672"}],"wp:attachment":[{"href":"https:\/\/butterfly-editions.com\/index.php\/wp-json\/wp\/v2\/media?parent=6587"}],"wp:term":[{"taxonomy":"product_brand","embeddable":true,"href":"https:\/\/butterfly-editions.com\/index.php\/wp-json\/wp\/v2\/product_brand?post=6587"},{"taxonomy":"product_cat","embeddable":true,"href":"https:\/\/butterfly-editions.com\/index.php\/wp-json\/wp\/v2\/product_cat?post=6587"},{"taxonomy":"product_tag","embeddable":true,"href":"https:\/\/butterfly-editions.com\/index.php\/wp-json\/wp\/v2\/product_tag?post=6587"}],"curies":[{"name":"wp","href":"https:\/\/api.w.org\/{rel}","templated":true}]}}