{"id":6586,"date":"2024-09-01T13:40:13","date_gmt":"2024-09-01T12:40:13","guid":{"rendered":"https:\/\/butterfly-editions.com\/?post_type=product&#038;p=6586"},"modified":"2026-01-29T10:19:01","modified_gmt":"2026-01-29T09:19:01","slug":"love-target-de-sarina-cassint","status":"publish","type":"product","link":"https:\/\/butterfly-editions.com\/index.php\/produit\/love-target-de-sarina-cassint\/","title":{"rendered":"Love Target"},"content":{"rendered":"<p><strong>Il est d\u00e9cid\u00e9 \u00e0 la trahir.<\/strong><\/p>\n<p><strong>Elle veut l&rsquo;utiliser.<\/strong><\/p>\n<p><strong>Un duel dangereux, pr\u00eat \u00e0 les engloutir.<\/strong><\/p>\n<p>Caroline a toujours eu des relations compliqu\u00e9es. Le d\u00e9sir ? Elle ne conna\u00eet pas&#8230; jusqu&rsquo;\u00e0 ce que Vince, entre dans son lit&#8230; et dans sa soci\u00e9t\u00e9.<br \/>\nVince est aussi beau que meurtri, cherchant \u00e0 assouvir une sombre vengeance sur son amante qu&rsquo;il consid\u00e8re comme la pire des manipulatrices.<br \/>\nQuand il r\u00e9ussit enfin \u00e0 prendre le poste de Caroline, cette derni\u00e8re sait qu&rsquo;elle devrait couper court \u00e0 tout nouveau rapprochement physique. Mais pour retrouver le plaisir ressenti dans ses bras, elle est pr\u00eate \u00e0 beaucoup&#8230;<br \/>\nVince, lui, avait pens\u00e9 \u00e0 tout, sauf \u00e0 un d\u00e9tail&#8230; L&rsquo;attirance in\u00e9puisable qu&rsquo;il ressent dans ses bras&#8230;<\/p>\n<p><em>Et si cette relation aussi puissante que d\u00e9vastatrice les menait tout droit \u00e0 leur perte ?<\/em><\/p>\n<p>&#8212;&#8212;-<\/p>\n<p>Pr\u00e9c\u00e9demment \u00e9dit\u00e9 aux \u00c9ditions Addictives sous le titre \u00ab\u00a0Attractive Target\u00a0\u00bb.<\/p>\n<div id=\"richProductInformation_feature_div\" class=\"celwidget\" data-feature-name=\"richProductInformation\" data-csa-c-id=\"b27tmy-282sjt-giqord-oqi624\" data-cel-widget=\"richProductInformation_feature_div\"><\/div>\n<div data-csa-c-id=\"19wyq6-cgerxe-l6z22f-r8purq\" data-cel-widget=\"rich_product_information\"><\/div>\n","protected":false},"excerpt":{"rendered":"<p>Il est d\u00e9cid\u00e9 \u00e0 la trahir. Elle veut l&rsquo;utiliser. Un duel dangereux, pr\u00eat \u00e0 les engloutir. Caroline a toujours eu des relations compliqu\u00e9es. Le d\u00e9sir ? Elle ne conna\u00eet pas&#8230; jusqu&rsquo;\u00e0 ce que Vince, entre dans son lit&#8230; et dans sa soci\u00e9t\u00e9. Vince est aussi beau que meurtri, cherchant \u00e0 assouvir une sombre vengeance sur [&hellip;]<\/p>\n","protected":false},"featured_media":6675,"comment_status":"open","ping_status":"closed","template":"","meta":{"_acf_changed":false,"content-type":""},"product_brand":[],"product_cat":[461],"product_tag":[],"class_list":{"0":"post-6586","1":"product","2":"type-product","3":"status-publish","4":"has-post-thumbnail","6":"product_cat-romance-contemporaine","8":"first","9":"instock","10":"sold-individually","11":"taxable","12":"shipping-taxable","13":"purchasable","14":"product-type-variable"},"acf":{"auteur":"Sarina Cassint","date_parution":"20210215","bestseller":false,"librairie":false},"aioseo_notices":[],"_links":{"self":[{"href":"https:\/\/butterfly-editions.com\/index.php\/wp-json\/wp\/v2\/product\/6586","targetHints":{"allow":["GET"]}}],"collection":[{"href":"https:\/\/butterfly-editions.com\/index.php\/wp-json\/wp\/v2\/product"}],"about":[{"href":"https:\/\/butterfly-editions.com\/index.php\/wp-json\/wp\/v2\/types\/product"}],"replies":[{"embeddable":true,"href":"https:\/\/butterfly-editions.com\/index.php\/wp-json\/wp\/v2\/comments?post=6586"}],"wp:featuredmedia":[{"embeddable":true,"href":"https:\/\/butterfly-editions.com\/index.php\/wp-json\/wp\/v2\/media\/6675"}],"wp:attachment":[{"href":"https:\/\/butterfly-editions.com\/index.php\/wp-json\/wp\/v2\/media?parent=6586"}],"wp:term":[{"taxonomy":"product_brand","embeddable":true,"href":"https:\/\/butterfly-editions.com\/index.php\/wp-json\/wp\/v2\/product_brand?post=6586"},{"taxonomy":"product_cat","embeddable":true,"href":"https:\/\/butterfly-editions.com\/index.php\/wp-json\/wp\/v2\/product_cat?post=6586"},{"taxonomy":"product_tag","embeddable":true,"href":"https:\/\/butterfly-editions.com\/index.php\/wp-json\/wp\/v2\/product_tag?post=6586"}],"curies":[{"name":"wp","href":"https:\/\/api.w.org\/{rel}","templated":true}]}}