{"id":6584,"date":"2024-09-01T13:40:13","date_gmt":"2024-09-01T12:40:13","guid":{"rendered":"https:\/\/butterfly-editions.com\/?post_type=product&#038;p=6584"},"modified":"2026-01-27T10:49:03","modified_gmt":"2026-01-27T09:49:03","slug":"runnin-to-hell-de-milyi-kind","status":"publish","type":"product","link":"https:\/\/butterfly-editions.com\/index.php\/produit\/runnin-to-hell-de-milyi-kind\/","title":{"rendered":"Sanmdi&rsquo;s Angers T4 &#8211; Runnin&rsquo; To Hell"},"content":{"rendered":"<p>\u00c0 d\u00e9couvert. Qui a dit qu&rsquo;\u00eatre le rejeton du menteur des Sanmdi&rsquo;s Angers se r\u00e9v\u00e8lerait simple ? Certainement pas Ja\u00e9 Mayfair. De retour \u00e0 la Baraque apr\u00e8s en avoir \u00e9t\u00e9 banni, le fils de Madmadsen accumule les frasques. Tout est bon pour le plus insolent d&rsquo;entre eux. Au point d&rsquo;\u00eatre \u00e0 une balle de se faire flinguer par son propre boss.<\/p>\n<p>Planqu\u00e9e. Depuis l&rsquo;enfance, Moon Woo a v\u00e9cu \u00e0 l&rsquo;abri, dans la cage dor\u00e9e new yorkaise b\u00e2tie pour elle par son grand-p\u00e8re, un puissant chef de la mafia cor\u00e9enne. \u00c0 la mort de ce dernier, la situation de la jeune femme s&rsquo;envenime de fa\u00e7on dramatique. La voil\u00e0 d\u00e9sormais dans l&rsquo;oeil du cyclone qui risque bien de la broyer.<\/p>\n<p>Quand il rencontre Moon, Ja\u00e9 aurait d\u00fb se rappeler l&rsquo;un des principes de son p\u00e8re : ne pas se m\u00ealer des affaires d&rsquo;une inconnue. Dommage pour lui, Ja\u00e9 n&rsquo;\u00e9coute jamais les ordres. Dommage pour elle, Moon a attis\u00e9 les mauvais instincts du biker. Et si la meilleure d\u00e9fense \u00e9tait de plonger au coeur des Enfers ?<\/p>\n<p>\u00ab\u00a0C&rsquo;est ton monde que je vais br\u00fbler. L&rsquo;essence que tu as dans les veines, je vais y mettre le feu jusqu&rsquo;\u00e0 ce que tu flambes. Que tu flambes pour moi.\u00a0\u00bb<\/p>\n<div id=\"richProductInformation_feature_div\" class=\"celwidget\" data-feature-name=\"richProductInformation\" data-csa-c-id=\"b27tmy-282sjt-giqord-oqi624\" data-cel-widget=\"richProductInformation_feature_div\"><\/div>\n<div data-csa-c-id=\"19wyq6-cgerxe-l6z22f-r8purq\" data-cel-widget=\"rich_product_information\"><\/div>\n","protected":false},"excerpt":{"rendered":"<p>\u00c0 d\u00e9couvert. Qui a dit qu&rsquo;\u00eatre le rejeton du menteur des Sanmdi&rsquo;s Angers se r\u00e9v\u00e8lerait simple ? Certainement pas Ja\u00e9 Mayfair. De retour \u00e0 la Baraque apr\u00e8s en avoir \u00e9t\u00e9 banni, le fils de Madmadsen accumule les frasques. Tout est bon pour le plus insolent d&rsquo;entre eux. Au point d&rsquo;\u00eatre \u00e0 une balle de se [&hellip;]<\/p>\n","protected":false},"featured_media":6705,"comment_status":"open","ping_status":"closed","template":"","meta":{"_acf_changed":false,"content-type":""},"product_brand":[],"product_cat":[466],"product_tag":[470,490,491,497],"class_list":{"0":"post-6584","1":"product","2":"type-product","3":"status-publish","4":"has-post-thumbnail","6":"product_cat-romance-sombre","7":"product_tag-bikers","8":"product_tag-passion","9":"product_tag-spicy","10":"product_tag-suspense","12":"first","13":"instock","14":"taxable","15":"shipping-taxable","16":"purchasable","17":"product-type-variable"},"acf":{"auteur":"Milyi Kind","date_parution":"20210430","bestseller":false,"librairie":false},"aioseo_notices":[],"_links":{"self":[{"href":"https:\/\/butterfly-editions.com\/index.php\/wp-json\/wp\/v2\/product\/6584","targetHints":{"allow":["GET"]}}],"collection":[{"href":"https:\/\/butterfly-editions.com\/index.php\/wp-json\/wp\/v2\/product"}],"about":[{"href":"https:\/\/butterfly-editions.com\/index.php\/wp-json\/wp\/v2\/types\/product"}],"replies":[{"embeddable":true,"href":"https:\/\/butterfly-editions.com\/index.php\/wp-json\/wp\/v2\/comments?post=6584"}],"wp:featuredmedia":[{"embeddable":true,"href":"https:\/\/butterfly-editions.com\/index.php\/wp-json\/wp\/v2\/media\/6705"}],"wp:attachment":[{"href":"https:\/\/butterfly-editions.com\/index.php\/wp-json\/wp\/v2\/media?parent=6584"}],"wp:term":[{"taxonomy":"product_brand","embeddable":true,"href":"https:\/\/butterfly-editions.com\/index.php\/wp-json\/wp\/v2\/product_brand?post=6584"},{"taxonomy":"product_cat","embeddable":true,"href":"https:\/\/butterfly-editions.com\/index.php\/wp-json\/wp\/v2\/product_cat?post=6584"},{"taxonomy":"product_tag","embeddable":true,"href":"https:\/\/butterfly-editions.com\/index.php\/wp-json\/wp\/v2\/product_tag?post=6584"}],"curies":[{"name":"wp","href":"https:\/\/api.w.org\/{rel}","templated":true}]}}