{"id":6583,"date":"2024-09-01T13:40:13","date_gmt":"2024-09-01T12:40:13","guid":{"rendered":"https:\/\/butterfly-editions.com\/?post_type=product&#038;p=6583"},"modified":"2026-01-27T10:54:07","modified_gmt":"2026-01-27T09:54:07","slug":"play-with-jagger-sanmdis-angers-3-de-milyi-kind","status":"publish","type":"product","link":"https:\/\/butterfly-editions.com\/index.php\/produit\/play-with-jagger-sanmdis-angers-3-de-milyi-kind\/","title":{"rendered":"Sanmdi&rsquo;s Angers T3 &#8211; Play with Jagger"},"content":{"rendered":"<p>Le jeu. Pour Jagger, il est une seconde nature. Une gueule d&rsquo;ange d\u00e9chu, un charme insolent, le biker est en r\u00e9alit\u00e9 une salet\u00e9 de Crotale. Avec lui, impossible de pr\u00e9voir quand ses crocs se planteront dans la jugulaire de ses adversaires. Jusqu&rsquo;\u00e0 elle. Maze. La seule qui ait r\u00e9ussi \u00e0 truquer ses propres r\u00e8gles. La survie. Pour Ism\u00e9rie, elle est inscrite dans son ADN, la poussant sans arr\u00eat \u00e0 opter pour les pires choix possibles. De mauvaises d\u00e9cisions qui la forceront \u00e0 devenir Maze. Qui la conduiront tout droit \u00e0 lui. Jagger, le vice-pr\u00e9sident du Club des Sanmdi&rsquo;s Angers. Oblig\u00e9e de r\u00e9int\u00e9grer la Baraque alors que celle-ci part en lambeaux, Maze doit se plier aux exigences du Tricheur, d\u00e9termin\u00e9 \u00e0 transformer sa vie en Enfer. \u00ab\u00a0C&rsquo;est comme de jouer avec un feu qui non seulement d\u00e9vore, mais paralyse et pour finir, rend dingue. Je ne suis plus s\u00fbre d&rsquo;o\u00f9 je termine et o\u00f9 lui commence.\u00a0\u00bb Entre eux deux, la partie s&rsquo;\u00e9tire, se triche, s&#8217;embrase&#8230; jusqu&rsquo;\u00e0 la douleur.<\/p>\n<hr \/>\n<p>\u00ab\u00a0Je me suis une fois de plus laiss\u00e9 s\u00e9duire par cette plume qui m&rsquo;a litt\u00e9ralement conquise. Cette histoire m&rsquo;a convaincue sans la moindre h\u00e9sitation. Milyi a cette capacit\u00e9 de te faire douter et de te laisser dans l&rsquo;incertitude jusqu&rsquo;\u00e0 la fin. C&rsquo;est enivrant, d\u00e9vastateur mais tellement addictif dont elle seule a le secret.\u00a0\u00bb cclevasion<\/p>\n<div id=\"richProductInformation_feature_div\" class=\"celwidget\" data-feature-name=\"richProductInformation\" data-csa-c-id=\"b27tmy-282sjt-giqord-oqi624\" data-cel-widget=\"richProductInformation_feature_div\"><\/div>\n<div data-csa-c-id=\"19wyq6-cgerxe-l6z22f-r8purq\" data-cel-widget=\"rich_product_information\"><\/div>\n","protected":false},"excerpt":{"rendered":"<p>Le jeu. Pour Jagger, il est une seconde nature. Une gueule d&rsquo;ange d\u00e9chu, un charme insolent, le biker est en r\u00e9alit\u00e9 une salet\u00e9 de Crotale. Avec lui, impossible de pr\u00e9voir quand ses crocs se planteront dans la jugulaire de ses adversaires. Jusqu&rsquo;\u00e0 elle. Maze. La seule qui ait r\u00e9ussi \u00e0 truquer ses propres r\u00e8gles. La [&hellip;]<\/p>\n","protected":false},"featured_media":6645,"comment_status":"open","ping_status":"closed","template":"","meta":{"_acf_changed":false,"content-type":""},"product_brand":[],"product_cat":[466],"product_tag":[470,490,474,491,497],"class_list":{"0":"post-6583","1":"product","2":"type-product","3":"status-publish","4":"has-post-thumbnail","6":"product_cat-romance-sombre","7":"product_tag-bikers","8":"product_tag-passion","9":"product_tag-secrets","10":"product_tag-spicy","11":"product_tag-suspense","13":"first","14":"outofstock","15":"sold-individually","16":"taxable","17":"shipping-taxable","18":"purchasable","19":"product-type-variable"},"acf":{"auteur":"Milyi Kind","date_parution":"20191009","bestseller":false,"librairie":false},"aioseo_notices":[],"_links":{"self":[{"href":"https:\/\/butterfly-editions.com\/index.php\/wp-json\/wp\/v2\/product\/6583","targetHints":{"allow":["GET"]}}],"collection":[{"href":"https:\/\/butterfly-editions.com\/index.php\/wp-json\/wp\/v2\/product"}],"about":[{"href":"https:\/\/butterfly-editions.com\/index.php\/wp-json\/wp\/v2\/types\/product"}],"replies":[{"embeddable":true,"href":"https:\/\/butterfly-editions.com\/index.php\/wp-json\/wp\/v2\/comments?post=6583"}],"wp:featuredmedia":[{"embeddable":true,"href":"https:\/\/butterfly-editions.com\/index.php\/wp-json\/wp\/v2\/media\/6645"}],"wp:attachment":[{"href":"https:\/\/butterfly-editions.com\/index.php\/wp-json\/wp\/v2\/media?parent=6583"}],"wp:term":[{"taxonomy":"product_brand","embeddable":true,"href":"https:\/\/butterfly-editions.com\/index.php\/wp-json\/wp\/v2\/product_brand?post=6583"},{"taxonomy":"product_cat","embeddable":true,"href":"https:\/\/butterfly-editions.com\/index.php\/wp-json\/wp\/v2\/product_cat?post=6583"},{"taxonomy":"product_tag","embeddable":true,"href":"https:\/\/butterfly-editions.com\/index.php\/wp-json\/wp\/v2\/product_tag?post=6583"}],"curies":[{"name":"wp","href":"https:\/\/api.w.org\/{rel}","templated":true}]}}