{"id":6582,"date":"2024-09-01T13:40:13","date_gmt":"2024-09-01T12:40:13","guid":{"rendered":"https:\/\/butterfly-editions.com\/?post_type=product&#038;p=6582"},"modified":"2026-01-27T10:57:49","modified_gmt":"2026-01-27T09:57:49","slug":"voodoo-nights-sanmdis-angers-2-de-milyi-kind","status":"publish","type":"product","link":"https:\/\/butterfly-editions.com\/index.php\/produit\/voodoo-nights-sanmdis-angers-2-de-milyi-kind\/","title":{"rendered":"Sanmdi&rsquo;s Angers T2 &#8211; Voodoo Nights"},"content":{"rendered":"<p>Blondie. Pour Keegan, fils a\u00een\u00e9 du pr\u00e9sident des Sanmdi&rsquo;s Angers, il n&rsquo;y a qu&rsquo;elle. Malgr\u00e9 les sept ans de taule qu&rsquo;il vient de tirer. Malgr\u00e9 leurs dix ann\u00e9es d&rsquo;\u00e9cart. Malgr\u00e9 leurs diff\u00e9rences. Il l&rsquo;a dans la peau. Pour L&rsquo;ex\u00e9cuteur du Club, sa vie n&rsquo;a d&rsquo;\u00e9gale que la mort qu&rsquo;il donne. Sauf lorsqu&rsquo;il s&rsquo;agit d&rsquo;elle.<br \/>\nLes apparences. Pour Adalind, elles repr\u00e9sentent le masque d\u2019\u00e9ternelle ado derri\u00e8re lequel elle se dissimule. Tous, au club, la voient comme la gamine, la p&rsquo;tite frangine espi\u00e8gle et fragile. Sauf le Sauvage. L\u2019imposant biker aux yeux bicolores et \u00e0 la rage viss\u00e9e au ventre tout juste revenu de prison. Lui veut la forcer \u00e0 lever le voile sur les traumatismes de son pass\u00e9 et en affronter les nuances si sombres.<br \/>\nDix ans. Dix putains d&rsquo;ann\u00e9es que le Sauvage d\u00e9sire la jeune Adi. Alors quand Keegan profite d&rsquo;une nuit alcoolis\u00e9e pour se lier \u00e0 Adalind selon un ancien rite vaudou, ni l&rsquo;un ni l&rsquo;autre n&rsquo;imaginent dans quoi ils viennent de s&#8217;embarquer.<br \/>\nEntre les fant\u00f4mes d&rsquo;une autre vie, les rivalit\u00e9s fraternelles et les menaces visant le MC, rien ne va plus pour le guerrier et sa prot\u00e9g\u00e9e.<\/p>\n<p>\u00ab\u00a0Je ne peux pas t&rsquo;essayer. Je t&rsquo;ai dans la peau. \u00c7a n&rsquo;a rien d&rsquo;un choix.\u00a0\u00bb<\/p>\n<p>Parce que pour eux il s&rsquo;agit d&rsquo;aimer. De lutter. Et surtout&#8230; de poss\u00e9der.<\/p>\n<div id=\"richProductInformation_feature_div\" class=\"celwidget\" data-feature-name=\"richProductInformation\" data-csa-c-id=\"b27tmy-282sjt-giqord-oqi624\" data-cel-widget=\"richProductInformation_feature_div\"><\/div>\n","protected":false},"excerpt":{"rendered":"<p>Blondie. Pour Keegan, fils a\u00een\u00e9 du pr\u00e9sident des Sanmdi&rsquo;s Angers, il n&rsquo;y a qu&rsquo;elle. Malgr\u00e9 les sept ans de taule qu&rsquo;il vient de tirer. Malgr\u00e9 leurs dix ann\u00e9es d&rsquo;\u00e9cart. Malgr\u00e9 leurs diff\u00e9rences. Il l&rsquo;a dans la peau. Pour L&rsquo;ex\u00e9cuteur du Club, sa vie n&rsquo;a d&rsquo;\u00e9gale que la mort qu&rsquo;il donne. Sauf lorsqu&rsquo;il s&rsquo;agit d&rsquo;elle. Les [&hellip;]<\/p>\n","protected":false},"featured_media":6631,"comment_status":"open","ping_status":"closed","template":"","meta":{"_acf_changed":false,"content-type":""},"product_brand":[],"product_cat":[466],"product_tag":[470,474,491,497],"class_list":{"0":"post-6582","1":"product","2":"type-product","3":"status-publish","4":"has-post-thumbnail","6":"product_cat-romance-sombre","7":"product_tag-bikers","8":"product_tag-secrets","9":"product_tag-spicy","10":"product_tag-suspense","12":"first","13":"outofstock","14":"sold-individually","15":"taxable","16":"shipping-taxable","17":"purchasable","18":"product-type-variable"},"acf":{"auteur":"Milyi Kind","date_parution":"20190403","bestseller":false,"librairie":false},"aioseo_notices":[],"_links":{"self":[{"href":"https:\/\/butterfly-editions.com\/index.php\/wp-json\/wp\/v2\/product\/6582","targetHints":{"allow":["GET"]}}],"collection":[{"href":"https:\/\/butterfly-editions.com\/index.php\/wp-json\/wp\/v2\/product"}],"about":[{"href":"https:\/\/butterfly-editions.com\/index.php\/wp-json\/wp\/v2\/types\/product"}],"replies":[{"embeddable":true,"href":"https:\/\/butterfly-editions.com\/index.php\/wp-json\/wp\/v2\/comments?post=6582"}],"wp:featuredmedia":[{"embeddable":true,"href":"https:\/\/butterfly-editions.com\/index.php\/wp-json\/wp\/v2\/media\/6631"}],"wp:attachment":[{"href":"https:\/\/butterfly-editions.com\/index.php\/wp-json\/wp\/v2\/media?parent=6582"}],"wp:term":[{"taxonomy":"product_brand","embeddable":true,"href":"https:\/\/butterfly-editions.com\/index.php\/wp-json\/wp\/v2\/product_brand?post=6582"},{"taxonomy":"product_cat","embeddable":true,"href":"https:\/\/butterfly-editions.com\/index.php\/wp-json\/wp\/v2\/product_cat?post=6582"},{"taxonomy":"product_tag","embeddable":true,"href":"https:\/\/butterfly-editions.com\/index.php\/wp-json\/wp\/v2\/product_tag?post=6582"}],"curies":[{"name":"wp","href":"https:\/\/api.w.org\/{rel}","templated":true}]}}