{"id":6571,"date":"2024-09-01T13:39:50","date_gmt":"2024-09-01T12:39:50","guid":{"rendered":"https:\/\/butterfly-editions.com\/?post_type=product&#038;p=6571"},"modified":"2026-01-29T09:50:54","modified_gmt":"2026-01-29T08:50:54","slug":"a-jamais-plus-de-cinq-cents-metres-1-de-jessica-hailey","status":"publish","type":"product","link":"https:\/\/butterfly-editions.com\/index.php\/produit\/a-jamais-plus-de-cinq-cents-metres-1-de-jessica-hailey\/","title":{"rendered":"\u00c0 jamais plus de T1 &#8211; \u00c0 jamais plus de cinq cents m\u00e8tres"},"content":{"rendered":"<p><strong>Un amour puissant, envo\u00fbtant&#8230; interdit&#8230;<\/strong><\/p>\n<p>Eliza est une \u00e9ternelle optimiste. Malgr\u00e9 le d\u00e9c\u00e8s de son p\u00e8re et le douloureux chagrin qui en a suivi, elle a su garder la t\u00eate haute.<\/p>\n<p>Lorsque sa m\u00e8re lui annonce qu&rsquo;elle a refait sa vie et lui propose d&#8217;emm\u00e9nager chez son compagnon Stefen, un veuf riche et adorable, Eliza y voit, l\u00e0, une occasion en or afin de changer d&rsquo;air et profiter de son ann\u00e9e sabbatique avant son retour \u00e0 l&rsquo;Universit\u00e9.<\/p>\n<p>Une nouvelle vie.<br \/>\nUne nouvelle maison.<br \/>\nUne nouvelle famille.<\/p>\n<p><em>Et surtout, une nouvelle ombre au tableau. Liam, un demi-fr\u00e8re aussi t\u00e9n\u00e9breux qu&rsquo;envo\u00fbtant&#8230; enferm\u00e9 24h\/24 dans cette immense villa, un bracelet \u00e9lectronique \u00e0 la cheville&#8230;<\/em><\/p>\n<hr \/>\n<p>\u00ab\u00a0L\u2019histoire est compl\u00e8te, cr\u00e9dible et intense. J\u2019ai \u00e9t\u00e9 fascin\u00e9e par l\u2019univers dans lequel l\u2019auteure nous plonge. La plume de l\u2019auteure est sublime. Tout est fluide et addictif. Une fois commenc\u00e9, j\u2019ai eu du mal \u00e0 l\u00e2cher ma lecture. Il y a beaucoup de tendresse, de passion, de suspens, de danger mais aussi une belle part de lumi\u00e8re avec Eliza et d\u2019ombres avec Liam. Bref, c\u2019est une histoire que j\u2019ai beaucoup aim\u00e9 !\u00a0\u00bb labibliothequedeceline_cmn<\/p>\n<div id=\"richProductInformation_feature_div\" class=\"celwidget\" data-feature-name=\"richProductInformation\" data-csa-c-id=\"b27tmy-282sjt-giqord-oqi624\" data-cel-widget=\"richProductInformation_feature_div\">\n<div id=\"rich_product_information\" class=\"a-section a-spacing-none celwidget\" data-csa-c-id=\"19wyq6-cgerxe-l6z22f-r8purq\" data-cel-widget=\"rich_product_information\"><a href=\"https:\/\/www.amazon.fr\/jamais-plus-cinq-cents-m%C3%A8tres-ebook\/dp\/B07XY4GDXH\/ref=sr_1_1?__mk_fr_FR=%C3%85M%C3%85%C5%BD%C3%95%C3%91&amp;crid=280Y6LOX1S44J&amp;keywords=a+jamais+plus+de+cinq+cent+metre&amp;qid=1638977984&amp;sprefix=a+jamais+plu+d%2Caps%2C161&amp;sr=8-1\"><img loading=\"lazy\" decoding=\"async\" class=\"n3VNCb alignleft\" src=\"https:\/\/logos-world.net\/wp-content\/uploads\/2020\/03\/Amazon-Kindle-Symbol.png\" alt=\"Amazon Kindle Logo, history, meaning, symbol, PNG\" width=\"94\" height=\"53\" data-noaft=\"1\" \/><\/a><a href=\"https:\/\/play.google.com\/store\/books\/details\/Jessica_Hailey_%C3%80_jamais_plus_de_cinq_cents_m%C3%A8tres?id=fuWvDwAAQBAJ&amp;gl=FR\"><img loading=\"lazy\" decoding=\"async\" class=\"alignleft\" src=\"https:\/\/upload.wikimedia.org\/wikipedia\/commons\/3\/3b\/Google_livres.png\" width=\"106\" height=\"40\" \/><\/a><a href=\"https:\/\/www.kobo.com\/fr\/fr\/ebook\/a-jamais-plus-de-cinq-cents-metres-1\"><img loading=\"lazy\" decoding=\"async\" class=\"alignleft\" src=\"https:\/\/download.logo.wine\/logo\/Kobo_eReader\/Kobo_eReader-Logo.wine.png\" width=\"90\" height=\"60\" \/><\/a><a href=\"https:\/\/books.apple.com\/fr\/book\/id1480210199\"><img loading=\"lazy\" decoding=\"async\" class=\"alignleft\" src=\"https:\/\/support.apple.com\/content\/dam\/edam\/applecare\/images\/en_US\/social\/thumbnail\/ios11-ibooks-app_2x.png\" width=\"52\" height=\"52\" \/><\/a><\/div>\n<\/div>\n<div data-csa-c-id=\"19wyq6-cgerxe-l6z22f-r8purq\" data-cel-widget=\"rich_product_information\"><\/div>\n","protected":false},"excerpt":{"rendered":"<p>Un amour puissant, envo\u00fbtant&#8230; interdit&#8230; Eliza est une \u00e9ternelle optimiste. Malgr\u00e9 le d\u00e9c\u00e8s de son p\u00e8re et le douloureux chagrin qui en a suivi, elle a su garder la t\u00eate haute. Lorsque sa m\u00e8re lui annonce qu&rsquo;elle a refait sa vie et lui propose d&#8217;emm\u00e9nager chez son compagnon Stefen, un veuf riche et adorable, Eliza [&hellip;]<\/p>\n","protected":false},"featured_media":6650,"comment_status":"open","ping_status":"closed","template":"","meta":{"_acf_changed":false,"content-type":""},"product_brand":[],"product_cat":[461],"product_tag":[],"class_list":{"0":"post-6571","1":"product","2":"type-product","3":"status-publish","4":"has-post-thumbnail","6":"product_cat-romance-contemporaine","8":"first","9":"instock","10":"sold-individually","11":"taxable","12":"shipping-taxable","13":"purchasable","14":"product-type-variable"},"acf":{"auteur":"Jessica Hailey","date_parution":"20190925","bestseller":true,"librairie":false},"aioseo_notices":[],"_links":{"self":[{"href":"https:\/\/butterfly-editions.com\/index.php\/wp-json\/wp\/v2\/product\/6571","targetHints":{"allow":["GET"]}}],"collection":[{"href":"https:\/\/butterfly-editions.com\/index.php\/wp-json\/wp\/v2\/product"}],"about":[{"href":"https:\/\/butterfly-editions.com\/index.php\/wp-json\/wp\/v2\/types\/product"}],"replies":[{"embeddable":true,"href":"https:\/\/butterfly-editions.com\/index.php\/wp-json\/wp\/v2\/comments?post=6571"}],"wp:featuredmedia":[{"embeddable":true,"href":"https:\/\/butterfly-editions.com\/index.php\/wp-json\/wp\/v2\/media\/6650"}],"wp:attachment":[{"href":"https:\/\/butterfly-editions.com\/index.php\/wp-json\/wp\/v2\/media?parent=6571"}],"wp:term":[{"taxonomy":"product_brand","embeddable":true,"href":"https:\/\/butterfly-editions.com\/index.php\/wp-json\/wp\/v2\/product_brand?post=6571"},{"taxonomy":"product_cat","embeddable":true,"href":"https:\/\/butterfly-editions.com\/index.php\/wp-json\/wp\/v2\/product_cat?post=6571"},{"taxonomy":"product_tag","embeddable":true,"href":"https:\/\/butterfly-editions.com\/index.php\/wp-json\/wp\/v2\/product_tag?post=6571"}],"curies":[{"name":"wp","href":"https:\/\/api.w.org\/{rel}","templated":true}]}}