{"id":6570,"date":"2024-09-01T13:39:50","date_gmt":"2024-09-01T12:39:50","guid":{"rendered":"https:\/\/butterfly-editions.com\/?post_type=product&#038;p=6570"},"modified":"2026-01-29T11:02:19","modified_gmt":"2026-01-29T10:02:19","slug":"mon-infernale-stepsister-de-hedgye-canyon","status":"publish","type":"product","link":"https:\/\/butterfly-editions.com\/index.php\/produit\/mon-infernale-stepsister-de-hedgye-canyon\/","title":{"rendered":"Mon infernale stepsister"},"content":{"rendered":"<p><strong>Elle le veut. Elle n&rsquo;en a pas le droit. Elle fera tout pour l&rsquo;avoir.<\/strong><\/p>\n<p>Cl\u00e9ment est discret, pos\u00e9, il jongle entre ses \u00e9tudes de m\u00e9decine et ses amis. Sa vie se retrouve chamboul\u00e9e quand la nouvelle compagne de son p\u00e8re emm\u00e9nage chez lui, accompagn\u00e9e de sa fille.<\/p>\n<p>Capucine est son exact oppos\u00e9 : charmeuse, pleine vie, elle aime attirer l&rsquo;attention sur elle. Au premier regard, elle le d\u00e9sire. Malheureusement, le jeune homme ne semble pas r\u00e9ceptif et surtout pas pr\u00eat \u00e0 braver l&rsquo;interdit.<\/p>\n<p><em>Mais la jeune femme n&rsquo;a pas l&rsquo;habitude d&rsquo;essuyer des refus \u2013 notamment des hommes. Elle le veut et sera pr\u00eate \u00e0 tout pour le conqu\u00e9rir. M\u00eame \u00e0 se mettre en danger quand son pire cauchemar refait surface&#8230;<\/em><\/p>\n<div id=\"richProductInformation_feature_div\" class=\"celwidget\" data-feature-name=\"richProductInformation\" data-csa-c-id=\"b27tmy-282sjt-giqord-oqi624\" data-cel-widget=\"richProductInformation_feature_div\"><\/div>\n<div data-csa-c-id=\"19wyq6-cgerxe-l6z22f-r8purq\" data-cel-widget=\"rich_product_information\"><\/div>\n","protected":false},"excerpt":{"rendered":"<p>Elle le veut. Elle n&rsquo;en a pas le droit. Elle fera tout pour l&rsquo;avoir. Cl\u00e9ment est discret, pos\u00e9, il jongle entre ses \u00e9tudes de m\u00e9decine et ses amis. Sa vie se retrouve chamboul\u00e9e quand la nouvelle compagne de son p\u00e8re emm\u00e9nage chez lui, accompagn\u00e9e de sa fille. Capucine est son exact oppos\u00e9 : charmeuse, pleine [&hellip;]<\/p>\n","protected":false},"featured_media":6659,"comment_status":"open","ping_status":"closed","template":"","meta":{"_acf_changed":false,"content-type":""},"product_brand":[],"product_cat":[461],"product_tag":[],"class_list":{"0":"post-6570","1":"product","2":"type-product","3":"status-publish","4":"has-post-thumbnail","6":"product_cat-romance-contemporaine","8":"first","9":"instock","10":"sold-individually","11":"taxable","12":"shipping-taxable","13":"purchasable","14":"product-type-variable"},"acf":{"auteur":"Hedgye Canyon","date_parution":"20200709","bestseller":false,"librairie":false},"aioseo_notices":[],"_links":{"self":[{"href":"https:\/\/butterfly-editions.com\/index.php\/wp-json\/wp\/v2\/product\/6570","targetHints":{"allow":["GET"]}}],"collection":[{"href":"https:\/\/butterfly-editions.com\/index.php\/wp-json\/wp\/v2\/product"}],"about":[{"href":"https:\/\/butterfly-editions.com\/index.php\/wp-json\/wp\/v2\/types\/product"}],"replies":[{"embeddable":true,"href":"https:\/\/butterfly-editions.com\/index.php\/wp-json\/wp\/v2\/comments?post=6570"}],"wp:featuredmedia":[{"embeddable":true,"href":"https:\/\/butterfly-editions.com\/index.php\/wp-json\/wp\/v2\/media\/6659"}],"wp:attachment":[{"href":"https:\/\/butterfly-editions.com\/index.php\/wp-json\/wp\/v2\/media?parent=6570"}],"wp:term":[{"taxonomy":"product_brand","embeddable":true,"href":"https:\/\/butterfly-editions.com\/index.php\/wp-json\/wp\/v2\/product_brand?post=6570"},{"taxonomy":"product_cat","embeddable":true,"href":"https:\/\/butterfly-editions.com\/index.php\/wp-json\/wp\/v2\/product_cat?post=6570"},{"taxonomy":"product_tag","embeddable":true,"href":"https:\/\/butterfly-editions.com\/index.php\/wp-json\/wp\/v2\/product_tag?post=6570"}],"curies":[{"name":"wp","href":"https:\/\/api.w.org\/{rel}","templated":true}]}}