{"id":6569,"date":"2024-09-01T13:39:50","date_gmt":"2024-09-01T12:39:50","guid":{"rendered":"https:\/\/butterfly-editions.com\/?post_type=product&#038;p=6569"},"modified":"2026-01-29T11:52:04","modified_gmt":"2026-01-29T10:52:04","slug":"immoral-stepbrother-de-lila-collins","status":"publish","type":"product","link":"https:\/\/butterfly-editions.com\/index.php\/produit\/immoral-stepbrother-de-lila-collins\/","title":{"rendered":"Immoral Stepbrother"},"content":{"rendered":"<p><strong>Arrogant, sexy&#8230; et irr\u00e9sistible&#8230;<\/strong><\/p>\n<p>Leah n&rsquo;a qu&rsquo;une seule envie : jeter aux oubliettes son ex-petit ami toxique, Jake. Pour \u00e7a, elle \u00e9tablit le plan parfait : \u00e9changer sa place avec sa soeur jumelle, Ana, copie conforme, et retourner vivre chez sa m\u00e8re.<br \/>\nJayden est \u00e9corch\u00e9 vif, rock star en devenir, mais surtout&#8230; impr\u00e9visible. Pour d\u00e9crocher le contrat du si\u00e8cle, il n&rsquo;a d&rsquo;autre choix que d&rsquo;\u00e9tablir un deal avec sa nouvelle demi-soeur, Ana, qu&rsquo;il d\u00e9teste.<\/p>\n<p><em>Quand les yeux de Leah croisent ceux de son demi-fr\u00e8re pour la premi\u00e8re fois, tout se complique&#8230; Le plus interdit des d\u00e9sirs na\u00eet. Celui qui, quand on y go\u00fbte, n&rsquo;offre aucun retour en arri\u00e8re possible&#8230;<\/em><\/p>\n<p>&#8212;&#8212;<\/p>\n<p><em>\u00ab\u00a0Toujours aucune trace de Connard arrogant. J\u2019ai beau chercher, je ne vois pas. Je. Ne. Le. Vois. Pas.<\/em><\/p>\n<p><em>\u2014 T\u2019as vraiment d\u00e9cid\u00e9 de me faire chier jusqu\u2019au bout, aujourd\u2019hui.<\/em><\/p>\n<p><em>Cette voix. Grave. Rauque. Puissante. Enivrante.<\/em><\/p>\n<p><em>Je me retourne, les jambes en coton. Que m\u2019arrive-t-il ? Je ne&#8230;<\/em><\/p>\n<p><em>\u2014 J\u2019ai gar\u00e9 le carrosse de ta m\u00e8re en double-file. Je te pr\u00e9viens, si j\u2019ai \u00e9cop\u00e9 d\u2019une prune, elle est pour toi !<\/em><\/p>\n<p><em>Arr\u00eat.<\/em><\/p>\n<p><em>Jambes en coton.<\/em><\/p>\n<p><em>\u00c9nervement au maximum.<\/em><\/p>\n<p><em>Vue qui se brouille devant l\u2019in\u00e9vitable.<\/em><\/p>\n<p><em>Connard arrogant est le canon sexy du hall d\u2019arriv\u00e9e. Comment se fait-il qu\u2019Ana m\u2019ait cach\u00e9 un truc pareil ?\u00a0\u00bb<\/em><\/p>\n<div id=\"richProductInformation_feature_div\" class=\"celwidget\" data-feature-name=\"richProductInformation\" data-csa-c-id=\"b27tmy-282sjt-giqord-oqi624\" data-cel-widget=\"richProductInformation_feature_div\"><\/div>\n<div data-csa-c-id=\"19wyq6-cgerxe-l6z22f-r8purq\" data-cel-widget=\"rich_product_information\"><\/div>\n","protected":false},"excerpt":{"rendered":"<p>Arrogant, sexy&#8230; et irr\u00e9sistible&#8230; Leah n&rsquo;a qu&rsquo;une seule envie : jeter aux oubliettes son ex-petit ami toxique, Jake. Pour \u00e7a, elle \u00e9tablit le plan parfait : \u00e9changer sa place avec sa soeur jumelle, Ana, copie conforme, et retourner vivre chez sa m\u00e8re. Jayden est \u00e9corch\u00e9 vif, rock star en devenir, mais surtout&#8230; impr\u00e9visible. Pour d\u00e9crocher [&hellip;]<\/p>\n","protected":false},"featured_media":6678,"comment_status":"open","ping_status":"closed","template":"","meta":{"_acf_changed":false,"content-type":""},"product_brand":[],"product_cat":[461],"product_tag":[],"class_list":{"0":"post-6569","1":"product","2":"type-product","3":"status-publish","4":"has-post-thumbnail","6":"product_cat-romance-contemporaine","8":"first","9":"instock","10":"sold-individually","11":"taxable","12":"shipping-taxable","13":"purchasable","14":"product-type-variable"},"acf":{"auteur":"Lila Collins","date_parution":"20200930","bestseller":true,"librairie":false},"aioseo_notices":[],"_links":{"self":[{"href":"https:\/\/butterfly-editions.com\/index.php\/wp-json\/wp\/v2\/product\/6569","targetHints":{"allow":["GET"]}}],"collection":[{"href":"https:\/\/butterfly-editions.com\/index.php\/wp-json\/wp\/v2\/product"}],"about":[{"href":"https:\/\/butterfly-editions.com\/index.php\/wp-json\/wp\/v2\/types\/product"}],"replies":[{"embeddable":true,"href":"https:\/\/butterfly-editions.com\/index.php\/wp-json\/wp\/v2\/comments?post=6569"}],"wp:featuredmedia":[{"embeddable":true,"href":"https:\/\/butterfly-editions.com\/index.php\/wp-json\/wp\/v2\/media\/6678"}],"wp:attachment":[{"href":"https:\/\/butterfly-editions.com\/index.php\/wp-json\/wp\/v2\/media?parent=6569"}],"wp:term":[{"taxonomy":"product_brand","embeddable":true,"href":"https:\/\/butterfly-editions.com\/index.php\/wp-json\/wp\/v2\/product_brand?post=6569"},{"taxonomy":"product_cat","embeddable":true,"href":"https:\/\/butterfly-editions.com\/index.php\/wp-json\/wp\/v2\/product_cat?post=6569"},{"taxonomy":"product_tag","embeddable":true,"href":"https:\/\/butterfly-editions.com\/index.php\/wp-json\/wp\/v2\/product_tag?post=6569"}],"curies":[{"name":"wp","href":"https:\/\/api.w.org\/{rel}","templated":true}]}}