{"id":6568,"date":"2024-09-01T13:39:50","date_gmt":"2024-09-01T12:39:50","guid":{"rendered":"https:\/\/butterfly-editions.com\/?post_type=product&#038;p=6568"},"modified":"2026-01-27T13:13:41","modified_gmt":"2026-01-27T12:13:41","slug":"rocking-hearts-de-jm-pery","status":"publish","type":"product","link":"https:\/\/butterfly-editions.com\/index.php\/produit\/rocking-hearts-de-jm-pery\/","title":{"rendered":"Rocking Hearts"},"content":{"rendered":"<p><strong>Deux hommes.<\/strong><\/p>\n<p><strong>Deux femmes.<\/strong><\/p>\n<p><strong>Quelles possibilit\u00e9s ?<\/strong><\/p>\n<p>Quand Wendy et Damien rencontrent Laure et Jonathan, deux amis fusionnels, leurs destins respectifs vont prendre un tournant totalement inattendu&#8230;<br \/>\nEntre amiti\u00e9, haine, d\u00e9sir, passion et amour, les fronti\u00e8res sont tr\u00e8s minces, voire parfois quasiment inexistantes.<\/p>\n<p><em>Quatre vies, qui vont \u00eatre chamboul\u00e9es \u00e0 tout jamais&#8230;<\/em><\/p>\n<p>&#8212;&#8212;&#8212;-<\/p>\n<p><em>Ce livre comprend deux tomes :<\/em><br \/>\n<em>&#8211; Livre 1 : r\u00e9\u00e9dition revue et retravaill\u00e9e.<\/em><br \/>\n<em>&#8211; Livre 2 : roman in\u00e9dit !<\/em><\/p>\n<div id=\"richProductInformation_feature_div\" class=\"celwidget\" data-feature-name=\"richProductInformation\" data-csa-c-id=\"b27tmy-282sjt-giqord-oqi624\" data-cel-widget=\"richProductInformation_feature_div\">\n<div id=\"rich_product_information\" class=\"a-section a-spacing-none celwidget\" data-csa-c-id=\"19wyq6-cgerxe-l6z22f-r8purq\" data-cel-widget=\"rich_product_information\"><a href=\"https:\/\/www.amazon.fr\/Rocking-Hearts-Jm-Pery-ebook\/dp\/B08BS5B8MZ\/ref=sr_1_1?__mk_fr_FR=%C3%85M%C3%85%C5%BD%C3%95%C3%91&amp;keywords=rocking+hearts&amp;qid=1638978541&amp;sr=8-1\"><img loading=\"lazy\" decoding=\"async\" class=\"n3VNCb alignleft\" src=\"https:\/\/logos-world.net\/wp-content\/uploads\/2020\/03\/Amazon-Kindle-Symbol.png\" alt=\"Amazon Kindle Logo, history, meaning, symbol, PNG\" width=\"94\" height=\"53\" data-noaft=\"1\" \/><\/a><a href=\"https:\/\/play.google.com\/store\/books\/details\/Jm_Pery_Rocking_Hearts?id=YAbtDwAAQBAJ\"><img loading=\"lazy\" decoding=\"async\" class=\"alignleft\" src=\"https:\/\/upload.wikimedia.org\/wikipedia\/commons\/3\/3b\/Google_livres.png\" alt=\"\" width=\"106\" height=\"40\" \/><\/a><a href=\"https:\/\/www.kobo.com\/fr\/fr\/ebook\/rocking-hearts-3\"><img loading=\"lazy\" decoding=\"async\" class=\"alignleft\" src=\"https:\/\/download.logo.wine\/logo\/Kobo_eReader\/Kobo_eReader-Logo.wine.png\" alt=\"\" width=\"90\" height=\"60\" \/><\/a><a href=\"https:\/\/books.apple.com\/fr\/book\/rocking-hearts\/id1520205087\"><img loading=\"lazy\" decoding=\"async\" class=\"alignleft\" src=\"https:\/\/support.apple.com\/content\/dam\/edam\/applecare\/images\/en_US\/social\/thumbnail\/ios11-ibooks-app_2x.png\" alt=\"\" width=\"52\" height=\"52\" \/><\/a><\/div>\n<\/div>\n<div data-csa-c-id=\"19wyq6-cgerxe-l6z22f-r8purq\" data-cel-widget=\"rich_product_information\"><\/div>\n<div data-csa-c-id=\"19wyq6-cgerxe-l6z22f-r8purq\" data-cel-widget=\"rich_product_information\"><\/div>\n","protected":false},"excerpt":{"rendered":"<p>Deux hommes. Deux femmes. Quelles possibilit\u00e9s ? Quand Wendy et Damien rencontrent Laure et Jonathan, deux amis fusionnels, leurs destins respectifs vont prendre un tournant totalement inattendu&#8230; Entre amiti\u00e9, haine, d\u00e9sir, passion et amour, les fronti\u00e8res sont tr\u00e8s minces, voire parfois quasiment inexistantes. Quatre vies, qui vont \u00eatre chamboul\u00e9es \u00e0 tout jamais&#8230; &#8212;&#8212;&#8212;- Ce livre [&hellip;]<\/p>\n","protected":false},"featured_media":6664,"comment_status":"open","ping_status":"closed","template":"","meta":{"_acf_changed":false,"content-type":""},"product_brand":[],"product_cat":[461],"product_tag":[512,490,491],"class_list":{"0":"post-6568","1":"product","2":"type-product","3":"status-publish","4":"has-post-thumbnail","6":"product_cat-romance-contemporaine","7":"product_tag-erotisme","8":"product_tag-passion","9":"product_tag-spicy","11":"first","12":"instock","13":"sold-individually","14":"taxable","15":"shipping-taxable","16":"purchasable","17":"product-type-variable"},"acf":{"auteur":"JM Pery","date_parution":"20200629","bestseller":false,"librairie":false},"aioseo_notices":[],"_links":{"self":[{"href":"https:\/\/butterfly-editions.com\/index.php\/wp-json\/wp\/v2\/product\/6568","targetHints":{"allow":["GET"]}}],"collection":[{"href":"https:\/\/butterfly-editions.com\/index.php\/wp-json\/wp\/v2\/product"}],"about":[{"href":"https:\/\/butterfly-editions.com\/index.php\/wp-json\/wp\/v2\/types\/product"}],"replies":[{"embeddable":true,"href":"https:\/\/butterfly-editions.com\/index.php\/wp-json\/wp\/v2\/comments?post=6568"}],"wp:featuredmedia":[{"embeddable":true,"href":"https:\/\/butterfly-editions.com\/index.php\/wp-json\/wp\/v2\/media\/6664"}],"wp:attachment":[{"href":"https:\/\/butterfly-editions.com\/index.php\/wp-json\/wp\/v2\/media?parent=6568"}],"wp:term":[{"taxonomy":"product_brand","embeddable":true,"href":"https:\/\/butterfly-editions.com\/index.php\/wp-json\/wp\/v2\/product_brand?post=6568"},{"taxonomy":"product_cat","embeddable":true,"href":"https:\/\/butterfly-editions.com\/index.php\/wp-json\/wp\/v2\/product_cat?post=6568"},{"taxonomy":"product_tag","embeddable":true,"href":"https:\/\/butterfly-editions.com\/index.php\/wp-json\/wp\/v2\/product_tag?post=6568"}],"curies":[{"name":"wp","href":"https:\/\/api.w.org\/{rel}","templated":true}]}}