{"id":6559,"date":"2024-09-01T13:39:28","date_gmt":"2024-09-01T12:39:28","guid":{"rendered":"https:\/\/butterfly-editions.com\/?post_type=product&#038;p=6559"},"modified":"2026-01-28T14:57:36","modified_gmt":"2026-01-28T13:57:36","slug":"alter-ego-tome-1-de-caprice-lp","status":"publish","type":"product","link":"https:\/\/butterfly-editions.com\/index.php\/produit\/alter-ego-tome-1-de-caprice-lp\/","title":{"rendered":"Alter Ego T1"},"content":{"rendered":"<p><strong>Il est fait pour la lumi\u00e8re, elle est adepte des t\u00e9n\u00e8bres.<\/strong><\/p>\n<p>Si pour Jalen, alias Biggy J, sa rencontre avec Caly sonne comme une \u00e9vidence et marque le d\u00e9but de la plus belle aventure de sa vie. Pour cette derni\u00e8re, par contre, elle n\u2019augure que bouleversements et souffrances. Car il est fait pour vivre sous les feux des projecteurs alors qu\u2019elle ne recherche que discr\u00e9tion et oubli.<br \/>\nLeur histoire aurait pu s\u2019arr\u00eater l\u00e0. Pourtant, elle devient tr\u00e8s vite son yin, et lui, son yang.<br \/>\nMalheureusement pour eux, les ombres mena\u00e7antes du pass\u00e9 r\u00f4dent&#8230; Caly a beau vouloir le cacher \u00e0 Jalen, les non-dits qui parasitent son \u00e2me sont sur le point de la rattraper.<\/p>\n<p><em>Et si elle n\u2019\u00e9tait pas celle qu\u2019elle pr\u00e9tend&#8230;<\/em><\/p>\n<p>\u00ab \u2014 Tu n\u2019imagines pas le foutoir qu\u2019est ma vie, Jalen &#8230;<br \/>\n\u2014 T\u2019inqui\u00e8te, babe, quelle que soit l\u2019\u00e9tendue de tes emmerdes, j\u2019te couvre ! \u00bb<\/p>\n<div id=\"richProductInformation_feature_div\" class=\"celwidget\" data-feature-name=\"richProductInformation\" data-csa-c-id=\"b27tmy-282sjt-giqord-oqi624\" data-cel-widget=\"richProductInformation_feature_div\">\n<div id=\"rich_product_information\" class=\"a-section a-spacing-none celwidget\" data-csa-c-id=\"19wyq6-cgerxe-l6z22f-r8purq\" data-cel-widget=\"rich_product_information\"><a href=\"https:\/\/www.amazon.fr\/Alter-ego-1-Red-Romance-ebook\/dp\/B07L16D55H\/ref=sr_1_1?__mk_fr_FR=%C3%85M%C3%85%C5%BD%C3%95%C3%91&amp;keywords=Alter+ego+caprice&amp;qid=1638975746&amp;sr=8-1\"><img loading=\"lazy\" decoding=\"async\" class=\"n3VNCb alignleft\" src=\"https:\/\/logos-world.net\/wp-content\/uploads\/2020\/03\/Amazon-Kindle-Symbol.png\" alt=\"Amazon Kindle Logo, history, meaning, symbol, PNG\" width=\"94\" height=\"53\" data-noaft=\"1\" \/><\/a><a href=\"https:\/\/play.google.com\/store\/books\/details\/Caprice_Lp_Alter_ego?id=58h8DwAAQBAJ&amp;gl=FR\"><img loading=\"lazy\" decoding=\"async\" class=\"alignleft\" src=\"https:\/\/upload.wikimedia.org\/wikipedia\/commons\/3\/3b\/Google_livres.png\" width=\"106\" height=\"40\" \/><\/a><a href=\"https:\/\/www.kobo.com\/fr\/fr\/ebook\/alter-ego-44\"><img loading=\"lazy\" decoding=\"async\" class=\"alignleft\" src=\"https:\/\/download.logo.wine\/logo\/Kobo_eReader\/Kobo_eReader-Logo.wine.png\" width=\"90\" height=\"60\" \/><\/a><a href=\"https:\/\/books.apple.com\/fr\/book\/id1445179237\"><img loading=\"lazy\" decoding=\"async\" class=\"alignleft\" src=\"https:\/\/support.apple.com\/content\/dam\/edam\/applecare\/images\/en_US\/social\/thumbnail\/ios11-ibooks-app_2x.png\" width=\"52\" height=\"52\" \/><\/a><\/div>\n<\/div>\n<div data-csa-c-id=\"19wyq6-cgerxe-l6z22f-r8purq\" data-cel-widget=\"rich_product_information\"><\/div>\n","protected":false},"excerpt":{"rendered":"<p>Il est fait pour la lumi\u00e8re, elle est adepte des t\u00e9n\u00e8bres. Si pour Jalen, alias Biggy J, sa rencontre avec Caly sonne comme une \u00e9vidence et marque le d\u00e9but de la plus belle aventure de sa vie. Pour cette derni\u00e8re, par contre, elle n\u2019augure que bouleversements et souffrances. Car il est fait pour vivre sous [&hellip;]<\/p>\n","protected":false},"featured_media":6614,"comment_status":"open","ping_status":"closed","template":"","meta":{"_acf_changed":false,"content-type":""},"product_brand":[],"product_cat":[461],"product_tag":[],"class_list":{"0":"post-6559","1":"product","2":"type-product","3":"status-publish","4":"has-post-thumbnail","6":"product_cat-romance-contemporaine","8":"first","9":"outofstock","10":"sold-individually","11":"taxable","12":"shipping-taxable","13":"purchasable","14":"product-type-variable"},"acf":{"auteur":"Caprice L. P.","date_parution":"20181226","bestseller":false,"librairie":false},"aioseo_notices":[],"_links":{"self":[{"href":"https:\/\/butterfly-editions.com\/index.php\/wp-json\/wp\/v2\/product\/6559","targetHints":{"allow":["GET"]}}],"collection":[{"href":"https:\/\/butterfly-editions.com\/index.php\/wp-json\/wp\/v2\/product"}],"about":[{"href":"https:\/\/butterfly-editions.com\/index.php\/wp-json\/wp\/v2\/types\/product"}],"replies":[{"embeddable":true,"href":"https:\/\/butterfly-editions.com\/index.php\/wp-json\/wp\/v2\/comments?post=6559"}],"wp:featuredmedia":[{"embeddable":true,"href":"https:\/\/butterfly-editions.com\/index.php\/wp-json\/wp\/v2\/media\/6614"}],"wp:attachment":[{"href":"https:\/\/butterfly-editions.com\/index.php\/wp-json\/wp\/v2\/media?parent=6559"}],"wp:term":[{"taxonomy":"product_brand","embeddable":true,"href":"https:\/\/butterfly-editions.com\/index.php\/wp-json\/wp\/v2\/product_brand?post=6559"},{"taxonomy":"product_cat","embeddable":true,"href":"https:\/\/butterfly-editions.com\/index.php\/wp-json\/wp\/v2\/product_cat?post=6559"},{"taxonomy":"product_tag","embeddable":true,"href":"https:\/\/butterfly-editions.com\/index.php\/wp-json\/wp\/v2\/product_tag?post=6559"}],"curies":[{"name":"wp","href":"https:\/\/api.w.org\/{rel}","templated":true}]}}