{"id":6558,"date":"2024-09-01T13:39:28","date_gmt":"2024-09-01T12:39:28","guid":{"rendered":"https:\/\/butterfly-editions.com\/?post_type=product&#038;p=6558"},"modified":"2026-01-27T16:38:40","modified_gmt":"2026-01-27T15:38:40","slug":"reckless-love-de-diane-hart","status":"publish","type":"product","link":"https:\/\/butterfly-editions.com\/index.php\/produit\/reckless-love-de-diane-hart\/","title":{"rendered":"Reckless Love"},"content":{"rendered":"<p>Install\u00e9 \u00e0 New York depuis la fin de ses \u00e9tudes, Jack O&rsquo;Shea cumule les succ\u00e8s. Fortune, pouvoir, femmes, tout lui r\u00e9ussit. \u00c0 la t\u00eate d&rsquo;un fonds d&rsquo;investissement, il m\u00e8ne son existence d&rsquo;une main de ma\u00eetre mais surtout de fer. Pour ce s\u00e9ducteur t\u00e9n\u00e9breux et inaccessible, la vie ne doit rien laisser au hasard. Le hasard g\u00e9n\u00e8re de l&rsquo;impr\u00e9vu et Jack d\u00e9teste les impr\u00e9vus&#8230; du moins jusqu&rsquo;\u00e0 ce qu&rsquo;il pose les yeux sur la meilleure amie de sa s\u0153ur. \u00c0 vingt-cinq ans, Lauren Williams a tout pour elle. Ravissante, brillante et ind\u00e9pendante, elle sait ce qu&rsquo;elle veut et o\u00f9 elle va. Alors que la plupart des femmes la jalousent, les hommes, eux, la d\u00e9sirent. Lorsqu&rsquo;elle d\u00e9croche un job aux \u00c9tats-Unis, la jeune femme est aux anges. Pour cette carri\u00e9riste ambitieuse, c&rsquo;est le d\u00e9but d&rsquo;une nouvelle vie. Enfin \u00e7a, c&rsquo;\u00e9tait sans compter sur l&rsquo;arrogant, mais n\u00e9anmoins irr\u00e9sistible fr\u00e8re de sa plus vieille amie. Entre eux, l\u2019attraction est inattendue, d\u00e9vorante et pourtant, impossible. Elle est sensuelle, insaisissable et d\u00e9sinvolte or repr\u00e9sente tout ce qu&rsquo;il a toujours fui. Il est s\u00e9duisant, \u00e9nigmatique et fait resurgir en elle les sensations d\u00e9fendues d&rsquo;un pass\u00e9 compliqu\u00e9. D\u00e9chir\u00e9s par le poids de leur histoire respective et le d\u00e9sir d\u00e9vastateur qui les consume, Jack et Lauren parviendront-ils \u00e0 l\u00e2cher prise ? Et surtout, en assumeront-ils les cons\u00e9quences ?<\/p>\n<hr \/>\n<p>\u00ab\u00a0Une magnifique histoire entre amour, passion et d\u00e9chirure. J&rsquo;ai \u00e9t\u00e9 s\u00e9duite par ce roman.\u00a0\u00bb karol_et_ses_lectures<\/p>\n<div id=\"richProductInformation_feature_div\" class=\"celwidget\" data-feature-name=\"richProductInformation\" data-csa-c-id=\"b27tmy-282sjt-giqord-oqi624\" data-cel-widget=\"richProductInformation_feature_div\"><\/div>\n","protected":false},"excerpt":{"rendered":"<p>Install\u00e9 \u00e0 New York depuis la fin de ses \u00e9tudes, Jack O&rsquo;Shea cumule les succ\u00e8s. Fortune, pouvoir, femmes, tout lui r\u00e9ussit. \u00c0 la t\u00eate d&rsquo;un fonds d&rsquo;investissement, il m\u00e8ne son existence d&rsquo;une main de ma\u00eetre mais surtout de fer. Pour ce s\u00e9ducteur t\u00e9n\u00e9breux et inaccessible, la vie ne doit rien laisser au hasard. Le hasard [&hellip;]<\/p>\n","protected":false},"featured_media":6613,"comment_status":"open","ping_status":"closed","template":"","meta":{"_acf_changed":false,"content-type":""},"product_brand":[],"product_cat":[461],"product_tag":[],"class_list":{"0":"post-6558","1":"product","2":"type-product","3":"status-publish","4":"has-post-thumbnail","6":"product_cat-romance-contemporaine","8":"first","9":"outofstock","10":"sold-individually","11":"taxable","12":"shipping-taxable","13":"purchasable","14":"product-type-variable"},"acf":{"auteur":"Diane Hart","date_parution":"20190130","bestseller":true,"librairie":false},"aioseo_notices":[],"_links":{"self":[{"href":"https:\/\/butterfly-editions.com\/index.php\/wp-json\/wp\/v2\/product\/6558","targetHints":{"allow":["GET"]}}],"collection":[{"href":"https:\/\/butterfly-editions.com\/index.php\/wp-json\/wp\/v2\/product"}],"about":[{"href":"https:\/\/butterfly-editions.com\/index.php\/wp-json\/wp\/v2\/types\/product"}],"replies":[{"embeddable":true,"href":"https:\/\/butterfly-editions.com\/index.php\/wp-json\/wp\/v2\/comments?post=6558"}],"wp:featuredmedia":[{"embeddable":true,"href":"https:\/\/butterfly-editions.com\/index.php\/wp-json\/wp\/v2\/media\/6613"}],"wp:attachment":[{"href":"https:\/\/butterfly-editions.com\/index.php\/wp-json\/wp\/v2\/media?parent=6558"}],"wp:term":[{"taxonomy":"product_brand","embeddable":true,"href":"https:\/\/butterfly-editions.com\/index.php\/wp-json\/wp\/v2\/product_brand?post=6558"},{"taxonomy":"product_cat","embeddable":true,"href":"https:\/\/butterfly-editions.com\/index.php\/wp-json\/wp\/v2\/product_cat?post=6558"},{"taxonomy":"product_tag","embeddable":true,"href":"https:\/\/butterfly-editions.com\/index.php\/wp-json\/wp\/v2\/product_tag?post=6558"}],"curies":[{"name":"wp","href":"https:\/\/api.w.org\/{rel}","templated":true}]}}