{"id":6557,"date":"2024-09-01T17:40:28","date_gmt":"2024-09-01T16:40:28","guid":{"rendered":"https:\/\/butterfly-editions.com\/?post_type=product&#038;p=6557"},"modified":"2026-01-28T17:05:34","modified_gmt":"2026-01-28T16:05:34","slug":"bad-boss-2-resilience-de-christy-allan","status":"publish","type":"product","link":"https:\/\/butterfly-editions.com\/index.php\/produit\/bad-boss-2-resilience-de-christy-allan\/","title":{"rendered":"Bad Boss T2 &#8211; R\u00e9silience"},"content":{"rendered":"<p><strong>\u00c9douard s&rsquo;\u00e9tait astreint \u00e0 une seule r\u00e8gle : se venger. Puis, tout a vol\u00e9 en \u00e9clats&#8230;<\/strong><\/p>\n<p>L&rsquo;existence d&rsquo;\u00c9douard \u00e9tait jusqu&rsquo;alors rythm\u00e9e par son besoin de vengeance. Pour cela, il \u00e9tait pr\u00eat \u00e0 beaucoup, quitte \u00e0 tout d\u00e9truire sur son passage.<br \/>\nMais Estelle est arriv\u00e9e. Le lien inattendu qui les unit d\u00e9sormais le pousse dans ses retranchements les plus profonds, les plus douloureux.<\/p>\n<p><em>Et si pour se reconstruire, il devait accepter&#8230; l&rsquo;inacceptable ?<\/em><\/p>\n<div id=\"richProductInformation_feature_div\" class=\"celwidget\" data-feature-name=\"richProductInformation\" data-csa-c-id=\"b27tmy-282sjt-giqord-oqi624\" data-cel-widget=\"richProductInformation_feature_div\"><\/div>\n<div data-csa-c-id=\"19wyq6-cgerxe-l6z22f-r8purq\" data-cel-widget=\"rich_product_information\"><\/div>\n","protected":false},"excerpt":{"rendered":"<p>\u00c9douard s&rsquo;\u00e9tait astreint \u00e0 une seule r\u00e8gle : se venger. Puis, tout a vol\u00e9 en \u00e9clats&#8230; L&rsquo;existence d&rsquo;\u00c9douard \u00e9tait jusqu&rsquo;alors rythm\u00e9e par son besoin de vengeance. Pour cela, il \u00e9tait pr\u00eat \u00e0 beaucoup, quitte \u00e0 tout d\u00e9truire sur son passage. Mais Estelle est arriv\u00e9e. Le lien inattendu qui les unit d\u00e9sormais le pousse dans ses [&hellip;]<\/p>\n","protected":false},"featured_media":6668,"comment_status":"open","ping_status":"closed","template":"","meta":{"_acf_changed":false,"content-type":""},"product_brand":[],"product_cat":[461],"product_tag":[],"class_list":{"0":"post-6557","1":"product","2":"type-product","3":"status-publish","4":"has-post-thumbnail","6":"product_cat-romance-contemporaine","8":"first","9":"outofstock","10":"sold-individually","11":"taxable","12":"shipping-taxable","13":"purchasable","14":"product-type-variable"},"acf":{"auteur":"Christy Allan","date_parution":"20200622","bestseller":true,"librairie":false},"aioseo_notices":[],"_links":{"self":[{"href":"https:\/\/butterfly-editions.com\/index.php\/wp-json\/wp\/v2\/product\/6557","targetHints":{"allow":["GET"]}}],"collection":[{"href":"https:\/\/butterfly-editions.com\/index.php\/wp-json\/wp\/v2\/product"}],"about":[{"href":"https:\/\/butterfly-editions.com\/index.php\/wp-json\/wp\/v2\/types\/product"}],"replies":[{"embeddable":true,"href":"https:\/\/butterfly-editions.com\/index.php\/wp-json\/wp\/v2\/comments?post=6557"}],"wp:featuredmedia":[{"embeddable":true,"href":"https:\/\/butterfly-editions.com\/index.php\/wp-json\/wp\/v2\/media\/6668"}],"wp:attachment":[{"href":"https:\/\/butterfly-editions.com\/index.php\/wp-json\/wp\/v2\/media?parent=6557"}],"wp:term":[{"taxonomy":"product_brand","embeddable":true,"href":"https:\/\/butterfly-editions.com\/index.php\/wp-json\/wp\/v2\/product_brand?post=6557"},{"taxonomy":"product_cat","embeddable":true,"href":"https:\/\/butterfly-editions.com\/index.php\/wp-json\/wp\/v2\/product_cat?post=6557"},{"taxonomy":"product_tag","embeddable":true,"href":"https:\/\/butterfly-editions.com\/index.php\/wp-json\/wp\/v2\/product_tag?post=6557"}],"curies":[{"name":"wp","href":"https:\/\/api.w.org\/{rel}","templated":true}]}}