{"id":6556,"date":"2024-09-01T13:39:28","date_gmt":"2024-09-01T12:39:28","guid":{"rendered":"https:\/\/butterfly-editions.com\/?post_type=product&#038;p=6556"},"modified":"2026-01-27T13:32:39","modified_gmt":"2026-01-27T12:32:39","slug":"forget-the-reason-de-sweetie-ly","status":"publish","type":"product","link":"https:\/\/butterfly-editions.com\/index.php\/produit\/forget-the-reason-de-sweetie-ly\/","title":{"rendered":"Forget the reason"},"content":{"rendered":"<p><strong>Quand interdit rime avec amour, que toute raison est appel\u00e9e \u00e0 tomber dans l&rsquo;oubli, le bonheur peut-il triompher ?<\/strong><\/p>\n<p>Capucine est une jeune fille introvertie. Peu s\u00fbre d&rsquo;elle et de son physique, elle subit une relation toxique avec un petit ami qui l&rsquo;utilise, la manipule et la terrorise. Ne voyant que les c\u00f4t\u00e9s sombres de sa vie, celle-ci retrouve des couleurs le jour de la rentr\u00e9e dans son nouveau lyc\u00e9e quand elle croise le regard de Nathan. Beau, t\u00e9n\u00e9breux, ce dernier peine \u00e0 remonter la pente apr\u00e8s une histoire doublement douloureuse.<br \/>\nLors de cette rencontre, tout bascule. Mais chaque bonheur a un prix. Et le leur sera lourd \u00e0 payer. Car leur romance est bien plus qu&rsquo;une simple histoire d&rsquo;amour. Nathan et Capucine repr\u00e9sentent&#8230; l&rsquo;interdit.<\/p>\n<div id=\"richProductInformation_feature_div\" class=\"celwidget\" data-feature-name=\"richProductInformation\" data-csa-c-id=\"b27tmy-282sjt-giqord-oqi624\" data-cel-widget=\"richProductInformation_feature_div\"><\/div>\n","protected":false},"excerpt":{"rendered":"<p>Quand interdit rime avec amour, que toute raison est appel\u00e9e \u00e0 tomber dans l&rsquo;oubli, le bonheur peut-il triompher ? Capucine est une jeune fille introvertie. Peu s\u00fbre d&rsquo;elle et de son physique, elle subit une relation toxique avec un petit ami qui l&rsquo;utilise, la manipule et la terrorise. Ne voyant que les c\u00f4t\u00e9s sombres de [&hellip;]<\/p>\n","protected":false},"featured_media":6617,"comment_status":"open","ping_status":"closed","template":"","meta":{"_acf_changed":false,"content-type":""},"product_brand":[],"product_cat":[461],"product_tag":[487,490,491],"class_list":{"0":"post-6556","1":"product","2":"type-product","3":"status-publish","4":"has-post-thumbnail","6":"product_cat-romance-contemporaine","7":"product_tag-amour-interdit","8":"product_tag-passion","9":"product_tag-spicy","11":"first","12":"instock","13":"sold-individually","14":"taxable","15":"shipping-taxable","16":"purchasable","17":"product-type-variable"},"acf":{"auteur":"Sweetie Ly","date_parution":"20190123","bestseller":false,"librairie":false},"aioseo_notices":[],"_links":{"self":[{"href":"https:\/\/butterfly-editions.com\/index.php\/wp-json\/wp\/v2\/product\/6556","targetHints":{"allow":["GET"]}}],"collection":[{"href":"https:\/\/butterfly-editions.com\/index.php\/wp-json\/wp\/v2\/product"}],"about":[{"href":"https:\/\/butterfly-editions.com\/index.php\/wp-json\/wp\/v2\/types\/product"}],"replies":[{"embeddable":true,"href":"https:\/\/butterfly-editions.com\/index.php\/wp-json\/wp\/v2\/comments?post=6556"}],"wp:featuredmedia":[{"embeddable":true,"href":"https:\/\/butterfly-editions.com\/index.php\/wp-json\/wp\/v2\/media\/6617"}],"wp:attachment":[{"href":"https:\/\/butterfly-editions.com\/index.php\/wp-json\/wp\/v2\/media?parent=6556"}],"wp:term":[{"taxonomy":"product_brand","embeddable":true,"href":"https:\/\/butterfly-editions.com\/index.php\/wp-json\/wp\/v2\/product_brand?post=6556"},{"taxonomy":"product_cat","embeddable":true,"href":"https:\/\/butterfly-editions.com\/index.php\/wp-json\/wp\/v2\/product_cat?post=6556"},{"taxonomy":"product_tag","embeddable":true,"href":"https:\/\/butterfly-editions.com\/index.php\/wp-json\/wp\/v2\/product_tag?post=6556"}],"curies":[{"name":"wp","href":"https:\/\/api.w.org\/{rel}","templated":true}]}}