{"id":6555,"date":"2024-09-01T13:39:28","date_gmt":"2024-09-01T12:39:28","guid":{"rendered":"https:\/\/butterfly-editions.com\/?post_type=product&#038;p=6555"},"modified":"2026-01-28T12:20:37","modified_gmt":"2026-01-28T11:20:37","slug":"la-violette-de-aline-broteau","status":"publish","type":"product","link":"https:\/\/butterfly-editions.com\/index.php\/produit\/la-violette-de-aline-broteau\/","title":{"rendered":"La violette"},"content":{"rendered":"<p>Agathe. Voil\u00e0 le seul pr\u00e9nom qui hante Lucas, depuis leur rencontre \u00e9lectrique au petit bar o\u00f9 il travaille. Peu importe les risques, peu importe le prix, il le sait, elle finira par succomber.<br \/>\nVengeance. Voil\u00e0 la seule id\u00e9e qui occupe les pens\u00e9es d&rsquo;Agathe, cette jeune \u00e9tudiante, venue d\u00e9masquer le responsable de l&rsquo;accident qui a boulevers\u00e9 sa vie. Peu importe les moyens, peu importe le temps qu&rsquo;il faudra, elle le sait, sa d\u00e9termination finira par payer.<\/p>\n<p>Rien ni personne ne s&rsquo;immiscera dans sa qu\u00eate. Pas m\u00eame l&rsquo;inconnu qui rend leurs \u00e9changes sensuels en de v\u00e9ritables bouff\u00e9es d&rsquo;oxyg\u00e8ne.<br \/>\nQuand celui qui vous fait r\u00eaver s\u2019av\u00e8re \u00eatre \u00e9galement celui qui a transform\u00e9 votre vie en un pur cauchemar, jusqu\u2019o\u00f9 \u00eates-vous pr\u00eate \u00e0 aller pour parvenir \u00e0 vos fins ?<\/p>\n<div id=\"richProductInformation_feature_div\" class=\"celwidget\" data-feature-name=\"richProductInformation\" data-csa-c-id=\"b27tmy-282sjt-giqord-oqi624\" data-cel-widget=\"richProductInformation_feature_div\"><\/div>\n<div data-csa-c-id=\"19wyq6-cgerxe-l6z22f-r8purq\" data-cel-widget=\"rich_product_information\"><\/div>\n","protected":false},"excerpt":{"rendered":"<p>Agathe. Voil\u00e0 le seul pr\u00e9nom qui hante Lucas, depuis leur rencontre \u00e9lectrique au petit bar o\u00f9 il travaille. Peu importe les risques, peu importe le prix, il le sait, elle finira par succomber. Vengeance. Voil\u00e0 la seule id\u00e9e qui occupe les pens\u00e9es d&rsquo;Agathe, cette jeune \u00e9tudiante, venue d\u00e9masquer le responsable de l&rsquo;accident qui a boulevers\u00e9 [&hellip;]<\/p>\n","protected":false},"featured_media":6599,"comment_status":"open","ping_status":"closed","template":"","meta":{"_acf_changed":false,"content-type":""},"product_brand":[],"product_cat":[461],"product_tag":[],"class_list":{"0":"post-6555","1":"product","2":"type-product","3":"status-publish","4":"has-post-thumbnail","6":"product_cat-romance-contemporaine","8":"first","9":"outofstock","10":"sold-individually","11":"taxable","12":"shipping-taxable","13":"purchasable","14":"product-type-variable"},"acf":{"auteur":"Aline Broteau","date_parution":"20180629","bestseller":false,"librairie":false},"aioseo_notices":[],"_links":{"self":[{"href":"https:\/\/butterfly-editions.com\/index.php\/wp-json\/wp\/v2\/product\/6555","targetHints":{"allow":["GET"]}}],"collection":[{"href":"https:\/\/butterfly-editions.com\/index.php\/wp-json\/wp\/v2\/product"}],"about":[{"href":"https:\/\/butterfly-editions.com\/index.php\/wp-json\/wp\/v2\/types\/product"}],"replies":[{"embeddable":true,"href":"https:\/\/butterfly-editions.com\/index.php\/wp-json\/wp\/v2\/comments?post=6555"}],"wp:featuredmedia":[{"embeddable":true,"href":"https:\/\/butterfly-editions.com\/index.php\/wp-json\/wp\/v2\/media\/6599"}],"wp:attachment":[{"href":"https:\/\/butterfly-editions.com\/index.php\/wp-json\/wp\/v2\/media?parent=6555"}],"wp:term":[{"taxonomy":"product_brand","embeddable":true,"href":"https:\/\/butterfly-editions.com\/index.php\/wp-json\/wp\/v2\/product_brand?post=6555"},{"taxonomy":"product_cat","embeddable":true,"href":"https:\/\/butterfly-editions.com\/index.php\/wp-json\/wp\/v2\/product_cat?post=6555"},{"taxonomy":"product_tag","embeddable":true,"href":"https:\/\/butterfly-editions.com\/index.php\/wp-json\/wp\/v2\/product_tag?post=6555"}],"curies":[{"name":"wp","href":"https:\/\/api.w.org\/{rel}","templated":true}]}}