{"id":6554,"date":"2024-09-01T13:39:28","date_gmt":"2024-09-01T12:39:28","guid":{"rendered":"https:\/\/butterfly-editions.com\/?post_type=product&#038;p=6554"},"modified":"2026-01-28T14:17:31","modified_gmt":"2026-01-28T13:17:31","slug":"the-sound-of-your-heart-the-senses-livre-2-de-marie-sorel","status":"publish","type":"product","link":"https:\/\/butterfly-editions.com\/index.php\/produit\/the-sound-of-your-heart-the-senses-livre-2-de-marie-sorel\/","title":{"rendered":"The senses T2 &#8211; The sound of your heart"},"content":{"rendered":"<p>\u00ab\u00a0Dans le premier tome de la s\u00e9rie Senses, The taste of your lips, Allan et Sofia ont aiguis\u00e9 vos papilles. \u00c9coutez maintenant l\u2019histoire poignante de leur amie B\u00e9a&#8230;\u00a0\u00bb<\/p>\n<p>Difficile de se reconstruire apr\u00e8s une rupture douloureuse. Abandonn\u00e9e par son amour de jeunesse, B\u00e9atrice ne vit plus que pour le fruit de cette relation : Ben, un adorable petit gar\u00e7on.<\/p>\n<p>Et si Jay faisait un retour fracassant dans le quotidien de la jeune femme ? Il suffit d\u2019un contrat, d\u2019une tourn\u00e9e pour que le musicien soit confront\u00e9 \u00e0 ses erreurs pass\u00e9es.<\/p>\n<p>Il ne sera pas le seul \u00e0 lutter contre ses d\u00e9mons&#8230; Et si la vie ne tenait qu\u2019\u00e0 un battement de coeur ?<\/p>\n<div id=\"richProductInformation_feature_div\" class=\"celwidget\" data-feature-name=\"richProductInformation\" data-csa-c-id=\"b27tmy-282sjt-giqord-oqi624\" data-cel-widget=\"richProductInformation_feature_div\"><\/div>\n<div data-csa-c-id=\"19wyq6-cgerxe-l6z22f-r8purq\" data-cel-widget=\"rich_product_information\"><\/div>\n","protected":false},"excerpt":{"rendered":"<p>\u00ab\u00a0Dans le premier tome de la s\u00e9rie Senses, The taste of your lips, Allan et Sofia ont aiguis\u00e9 vos papilles. \u00c9coutez maintenant l\u2019histoire poignante de leur amie B\u00e9a&#8230;\u00a0\u00bb Difficile de se reconstruire apr\u00e8s une rupture douloureuse. Abandonn\u00e9e par son amour de jeunesse, B\u00e9atrice ne vit plus que pour le fruit de cette relation : Ben, [&hellip;]<\/p>\n","protected":false},"featured_media":6644,"comment_status":"open","ping_status":"closed","template":"","meta":{"_acf_changed":false,"content-type":""},"product_brand":[],"product_cat":[461],"product_tag":[],"class_list":{"0":"post-6554","1":"product","2":"type-product","3":"status-publish","4":"has-post-thumbnail","6":"product_cat-romance-contemporaine","8":"first","9":"outofstock","10":"sold-individually","11":"taxable","12":"shipping-taxable","13":"purchasable","14":"product-type-variable"},"acf":{"auteur":"Marie Sorel","date_parution":"20190805","bestseller":false,"librairie":false},"aioseo_notices":[],"_links":{"self":[{"href":"https:\/\/butterfly-editions.com\/index.php\/wp-json\/wp\/v2\/product\/6554","targetHints":{"allow":["GET"]}}],"collection":[{"href":"https:\/\/butterfly-editions.com\/index.php\/wp-json\/wp\/v2\/product"}],"about":[{"href":"https:\/\/butterfly-editions.com\/index.php\/wp-json\/wp\/v2\/types\/product"}],"replies":[{"embeddable":true,"href":"https:\/\/butterfly-editions.com\/index.php\/wp-json\/wp\/v2\/comments?post=6554"}],"wp:featuredmedia":[{"embeddable":true,"href":"https:\/\/butterfly-editions.com\/index.php\/wp-json\/wp\/v2\/media\/6644"}],"wp:attachment":[{"href":"https:\/\/butterfly-editions.com\/index.php\/wp-json\/wp\/v2\/media?parent=6554"}],"wp:term":[{"taxonomy":"product_brand","embeddable":true,"href":"https:\/\/butterfly-editions.com\/index.php\/wp-json\/wp\/v2\/product_brand?post=6554"},{"taxonomy":"product_cat","embeddable":true,"href":"https:\/\/butterfly-editions.com\/index.php\/wp-json\/wp\/v2\/product_cat?post=6554"},{"taxonomy":"product_tag","embeddable":true,"href":"https:\/\/butterfly-editions.com\/index.php\/wp-json\/wp\/v2\/product_tag?post=6554"}],"curies":[{"name":"wp","href":"https:\/\/api.w.org\/{rel}","templated":true}]}}