{"id":6553,"date":"2024-09-01T13:39:27","date_gmt":"2024-09-01T12:39:27","guid":{"rendered":"https:\/\/butterfly-editions.com\/?post_type=product&#038;p=6553"},"modified":"2026-01-28T14:15:30","modified_gmt":"2026-01-28T13:15:30","slug":"the-taste-of-your-lips-the-senses-livre-1-de-marie-sorel","status":"publish","type":"product","link":"https:\/\/butterfly-editions.com\/index.php\/produit\/the-taste-of-your-lips-the-senses-livre-1-de-marie-sorel\/","title":{"rendered":"The senses T1 &#8211; The taste of your lips"},"content":{"rendered":"<p>Sofia est une femme forte et d\u00e9termin\u00e9e, droite sur ses talons aiguilles, qui r\u00e9git son quotidien comme elle l\u2019entend. Les hommes ? De fabuleux desserts. \u00ab Pas de promesse, pas d\u2019attache. \u00bb Voil\u00e0 le mantra qui guide ses pas depuis quinze ans.<\/p>\n<p>Allan, chef \u00e9toil\u00e9, dirige sa vie comme ses cuisines : d\u2019une main de ma\u00eetre. Autoritaire, particuli\u00e8rement attirant, il est surtout celui qui, par le pass\u00e9, a d\u00e9truit Sofia.<\/p>\n<p>Et pourtant. Un concours de circonstances \u2013 le destin ? \u2013 va bient\u00f4t les r\u00e9unir. Lui, l\u2019homme bless\u00e9. Elle, hant\u00e9e par le souvenir de ce fruit d\u00e9fendu dans lequel elle n\u2019avait pas h\u00e9sit\u00e9 \u00e0 croquer \u00e0 pleines dents.<\/p>\n<p>Il est l\u2019acidit\u00e9 ; elle, le sucre. Un m\u00e9lange d\u00e9tonnant pour les papilles.<br \/>\nLa gourmandise ? D\u00e9cid\u00e9ment un bien vilain d\u00e9faut&#8230;<\/p>\n<p>Mais attention, un secret pourrait tout bouleverser&#8230; Il est enfin temps de passer \u00e0 table.<\/p>\n<p>***<\/p>\n<p><em>Ce livre a pr\u00e9c\u00e9demment \u00e9t\u00e9 commercialis\u00e9 sous le titre \u00c0 table.<\/em><\/p>\n<div id=\"richProductInformation_feature_div\" class=\"celwidget\" data-feature-name=\"richProductInformation\" data-csa-c-id=\"b27tmy-282sjt-giqord-oqi624\" data-cel-widget=\"richProductInformation_feature_div\"><\/div>\n","protected":false},"excerpt":{"rendered":"<p>Sofia est une femme forte et d\u00e9termin\u00e9e, droite sur ses talons aiguilles, qui r\u00e9git son quotidien comme elle l\u2019entend. Les hommes ? De fabuleux desserts. \u00ab Pas de promesse, pas d\u2019attache. \u00bb Voil\u00e0 le mantra qui guide ses pas depuis quinze ans. Allan, chef \u00e9toil\u00e9, dirige sa vie comme ses cuisines : d\u2019une main de [&hellip;]<\/p>\n","protected":false},"featured_media":6598,"comment_status":"open","ping_status":"closed","template":"","meta":{"_acf_changed":false,"content-type":""},"product_brand":[],"product_cat":[461],"product_tag":[],"class_list":{"0":"post-6553","1":"product","2":"type-product","3":"status-publish","4":"has-post-thumbnail","6":"product_cat-romance-contemporaine","8":"first","9":"outofstock","10":"sold-individually","11":"taxable","12":"shipping-taxable","13":"purchasable","14":"product-type-variable"},"acf":{"auteur":"Marie Sorel","date_parution":"20190703","bestseller":false,"librairie":false},"aioseo_notices":[],"_links":{"self":[{"href":"https:\/\/butterfly-editions.com\/index.php\/wp-json\/wp\/v2\/product\/6553","targetHints":{"allow":["GET"]}}],"collection":[{"href":"https:\/\/butterfly-editions.com\/index.php\/wp-json\/wp\/v2\/product"}],"about":[{"href":"https:\/\/butterfly-editions.com\/index.php\/wp-json\/wp\/v2\/types\/product"}],"replies":[{"embeddable":true,"href":"https:\/\/butterfly-editions.com\/index.php\/wp-json\/wp\/v2\/comments?post=6553"}],"wp:featuredmedia":[{"embeddable":true,"href":"https:\/\/butterfly-editions.com\/index.php\/wp-json\/wp\/v2\/media\/6598"}],"wp:attachment":[{"href":"https:\/\/butterfly-editions.com\/index.php\/wp-json\/wp\/v2\/media?parent=6553"}],"wp:term":[{"taxonomy":"product_brand","embeddable":true,"href":"https:\/\/butterfly-editions.com\/index.php\/wp-json\/wp\/v2\/product_brand?post=6553"},{"taxonomy":"product_cat","embeddable":true,"href":"https:\/\/butterfly-editions.com\/index.php\/wp-json\/wp\/v2\/product_cat?post=6553"},{"taxonomy":"product_tag","embeddable":true,"href":"https:\/\/butterfly-editions.com\/index.php\/wp-json\/wp\/v2\/product_tag?post=6553"}],"curies":[{"name":"wp","href":"https:\/\/api.w.org\/{rel}","templated":true}]}}