{"id":6543,"date":"2024-09-01T13:39:05","date_gmt":"2024-09-01T12:39:05","guid":{"rendered":"https:\/\/butterfly-editions.com\/?post_type=product&#038;p=6543"},"modified":"2026-01-28T14:20:53","modified_gmt":"2026-01-28T13:20:53","slug":"julie-cherche-marie-de-dominique-castel","status":"publish","type":"product","link":"https:\/\/butterfly-editions.com\/index.php\/produit\/julie-cherche-marie-de-dominique-castel\/","title":{"rendered":"Julie cherche Marie"},"content":{"rendered":"<p>Et si un \u00e9v\u00e9nement des plus banals pouvait changer \u00e0 jamais le cours de notre existence ? Au printemps 1960, Julie, une femme d\u2019une trentaine d\u2019ann\u00e9es, assiste \u00e0 un concert d\u2019orgue. Avec surprise, elle constate que l&rsquo;organiste ressemble \u00e9trangement \u00e0 sa cousine Marie, disparue sous un bombardement en 1943, dont on n\u2019a jamais retrouv\u00e9 le corps&#8230; De prime abord, il semble impossible que Marie, modeste \u00e9l\u00e8ve dans une \u00e9cole de couture, soit cette musicienne, au g\u00e9nie internationalement reconnu. \u00c0 moins que&#8230;<\/p>\n<div id=\"richProductInformation_feature_div\" class=\"celwidget\" data-feature-name=\"richProductInformation\" data-csa-c-id=\"b27tmy-282sjt-giqord-oqi624\" data-cel-widget=\"richProductInformation_feature_div\"><\/div>\n","protected":false},"excerpt":{"rendered":"<p>Et si un \u00e9v\u00e9nement des plus banals pouvait changer \u00e0 jamais le cours de notre existence ? Au printemps 1960, Julie, une femme d\u2019une trentaine d\u2019ann\u00e9es, assiste \u00e0 un concert d\u2019orgue. Avec surprise, elle constate que l&rsquo;organiste ressemble \u00e9trangement \u00e0 sa cousine Marie, disparue sous un bombardement en 1943, dont on n\u2019a jamais retrouv\u00e9 le [&hellip;]<\/p>\n","protected":false},"featured_media":6611,"comment_status":"open","ping_status":"closed","template":"","meta":{"_acf_changed":false,"content-type":""},"product_brand":[],"product_cat":[59],"product_tag":[],"class_list":{"0":"post-6543","1":"product","2":"type-product","3":"status-publish","4":"has-post-thumbnail","6":"product_cat-non-classe","8":"first","9":"instock","10":"sold-individually","11":"taxable","12":"shipping-taxable","13":"purchasable","14":"product-type-variable"},"acf":{"auteur":"Dominique Castel","date_parution":"20181105","bestseller":false,"librairie":false},"aioseo_notices":[],"_links":{"self":[{"href":"https:\/\/butterfly-editions.com\/index.php\/wp-json\/wp\/v2\/product\/6543","targetHints":{"allow":["GET"]}}],"collection":[{"href":"https:\/\/butterfly-editions.com\/index.php\/wp-json\/wp\/v2\/product"}],"about":[{"href":"https:\/\/butterfly-editions.com\/index.php\/wp-json\/wp\/v2\/types\/product"}],"replies":[{"embeddable":true,"href":"https:\/\/butterfly-editions.com\/index.php\/wp-json\/wp\/v2\/comments?post=6543"}],"wp:featuredmedia":[{"embeddable":true,"href":"https:\/\/butterfly-editions.com\/index.php\/wp-json\/wp\/v2\/media\/6611"}],"wp:attachment":[{"href":"https:\/\/butterfly-editions.com\/index.php\/wp-json\/wp\/v2\/media?parent=6543"}],"wp:term":[{"taxonomy":"product_brand","embeddable":true,"href":"https:\/\/butterfly-editions.com\/index.php\/wp-json\/wp\/v2\/product_brand?post=6543"},{"taxonomy":"product_cat","embeddable":true,"href":"https:\/\/butterfly-editions.com\/index.php\/wp-json\/wp\/v2\/product_cat?post=6543"},{"taxonomy":"product_tag","embeddable":true,"href":"https:\/\/butterfly-editions.com\/index.php\/wp-json\/wp\/v2\/product_tag?post=6543"}],"curies":[{"name":"wp","href":"https:\/\/api.w.org\/{rel}","templated":true}]}}