{"id":6542,"date":"2024-09-01T13:39:05","date_gmt":"2024-09-01T12:39:05","guid":{"rendered":"https:\/\/butterfly-editions.com\/?post_type=product&#038;p=6542"},"modified":"2026-01-28T15:35:27","modified_gmt":"2026-01-28T14:35:27","slug":"une-comedie-medicale-de-gilles-bojan","status":"publish","type":"product","link":"https:\/\/butterfly-editions.com\/index.php\/produit\/une-comedie-medicale-de-gilles-bojan\/","title":{"rendered":"Une com\u00e9die m\u00e9dicale"},"content":{"rendered":"<p>Bien install\u00e9 dans une vie de banlieusard p\u00e9p\u00e8re, Gaspard Hisquemie r\u00e9partit l\u2019essentiel de son temps entre la Radio De France, les parties de tennis avec son ami Daguet et une vie de famille relativement paisible. Toujours sous le charme de Myrose, la belle cr\u00e9ole r\u00e9unionnaise devenue sa femme, il repense souvent \u00e0 leurs ann\u00e9es tropicales et au bonheur intense de ces vir\u00e9es \u00e0 deux sur les routes ensoleill\u00e9es de l\u2019\u00eele.<\/p>\n<p>Mais entre coup droit d\u00e9sesp\u00e9r\u00e9 et genou r\u00e9calcitrant, il suffit parfois d\u2019un rien pour d\u00e9r\u00e9gler l\u2019extraordinaire machine du corps humain&#8230; Lorsque la roulette m\u00e9dicale tourne mal et que l\u2019hypocondrie s\u2019en m\u00eale, c\u2019est tout un destin qui bascule.<\/p>\n<p>V\u00e9ritable loser des salles d\u2019attentes, Hisquemie perd peu \u00e0 peu la confiance qu\u2019il accordait aux valeurs du serment d\u2019Hippocrate<\/p>\n","protected":false},"excerpt":{"rendered":"<p>Bien install\u00e9 dans une vie de banlieusard p\u00e9p\u00e8re, Gaspard Hisquemie r\u00e9partit l\u2019essentiel de son temps entre la Radio De France, les parties de tennis avec son ami Daguet et une vie de famille relativement paisible. Toujours sous le charme de Myrose, la belle cr\u00e9ole r\u00e9unionnaise devenue sa femme, il repense souvent \u00e0 leurs ann\u00e9es tropicales [&hellip;]<\/p>\n","protected":false},"featured_media":6597,"comment_status":"open","ping_status":"closed","template":"","meta":{"_acf_changed":false,"content-type":""},"product_brand":[],"product_cat":[460],"product_tag":[],"class_list":{"0":"post-6542","1":"product","2":"type-product","3":"status-publish","4":"has-post-thumbnail","6":"product_cat-rom-com","8":"first","9":"instock","10":"sold-individually","11":"taxable","12":"shipping-taxable","13":"purchasable","14":"product-type-variable"},"acf":{"auteur":"Gilles Bojan","date_parution":"20190116","bestseller":false,"librairie":false},"aioseo_notices":[],"_links":{"self":[{"href":"https:\/\/butterfly-editions.com\/index.php\/wp-json\/wp\/v2\/product\/6542","targetHints":{"allow":["GET"]}}],"collection":[{"href":"https:\/\/butterfly-editions.com\/index.php\/wp-json\/wp\/v2\/product"}],"about":[{"href":"https:\/\/butterfly-editions.com\/index.php\/wp-json\/wp\/v2\/types\/product"}],"replies":[{"embeddable":true,"href":"https:\/\/butterfly-editions.com\/index.php\/wp-json\/wp\/v2\/comments?post=6542"}],"wp:featuredmedia":[{"embeddable":true,"href":"https:\/\/butterfly-editions.com\/index.php\/wp-json\/wp\/v2\/media\/6597"}],"wp:attachment":[{"href":"https:\/\/butterfly-editions.com\/index.php\/wp-json\/wp\/v2\/media?parent=6542"}],"wp:term":[{"taxonomy":"product_brand","embeddable":true,"href":"https:\/\/butterfly-editions.com\/index.php\/wp-json\/wp\/v2\/product_brand?post=6542"},{"taxonomy":"product_cat","embeddable":true,"href":"https:\/\/butterfly-editions.com\/index.php\/wp-json\/wp\/v2\/product_cat?post=6542"},{"taxonomy":"product_tag","embeddable":true,"href":"https:\/\/butterfly-editions.com\/index.php\/wp-json\/wp\/v2\/product_tag?post=6542"}],"curies":[{"name":"wp","href":"https:\/\/api.w.org\/{rel}","templated":true}]}}