{"id":6541,"date":"2024-09-01T13:39:05","date_gmt":"2024-09-01T12:39:05","guid":{"rendered":"https:\/\/butterfly-editions.com\/?post_type=product&#038;p=6541"},"modified":"2024-09-01T13:44:09","modified_gmt":"2024-09-01T12:44:09","slug":"the-pact-de-clara-rose","status":"publish","type":"product","link":"https:\/\/butterfly-editions.com\/index.php\/produit\/the-pact-de-clara-rose\/","title":{"rendered":"The Pact de Clara Rose"},"content":{"rendered":"<p>En un regard, leurs vies changeront \u00e0 tout jamais.<\/p>\n<p>Jasper est basketteur. Issu d&rsquo;un milieu social d\u00e9favoris\u00e9, il obtient une bourse pour int\u00e9grer une universit\u00e9 prestigieuse, gr\u00e2ce \u00e0 d&rsquo;excellents r\u00e9sultats scolaires,. Craquant, sexy, intelligent, il aime profiter de la vie.<\/p>\n<p>Mia se pr\u00e9pare jour apr\u00e8s jour, entra\u00eenement apr\u00e8s entra\u00eenement, pour int\u00e9grer l&rsquo;\u00e9quipe nationale de gymnastique. Son objectif ? Participer aux prochains Jeux Olympiques.<\/p>\n<p>Peu apr\u00e8s la rentr\u00e9e, ils sont contraints de devoir travailler sur un projet scolaire commun. Rapidement, ils se cherchent, se plaisent, se d\u00e9sirent. Jasper lutte de toutes ses forces contre cette attirance. Il ne peut pas&#8230; Mais surtout, il ne doit pas&#8230;<\/p>\n<p>Pour Mia, Jasper sera-t-il pr\u00eat \u00e0 risquer de tout perdre ?<\/p>\n<p><em>Pr\u00e9c\u00e9demment \u00e9dit\u00e9 en auto-\u00e9dition.<\/em><\/p>\n<hr \/>\n<p>\u00ab\u00a0C&rsquo;est une lecture addictive, prenante et tellement captivante. J&rsquo;ai clairement pass\u00e9 un super moment durant ma lecture et j&rsquo;ai h\u00e2te de d\u00e9couvrir le prochain tome.\u00a0\u00bb karol_et_ses_lectures<\/p>\n<div id=\"richProductInformation_feature_div\" class=\"celwidget\" data-feature-name=\"richProductInformation\" data-csa-c-id=\"b27tmy-282sjt-giqord-oqi624\" data-cel-widget=\"richProductInformation_feature_div\">\n<div id=\"rich_product_information\" class=\"a-section a-spacing-none celwidget\" data-csa-c-id=\"19wyq6-cgerxe-l6z22f-r8purq\" data-cel-widget=\"rich_product_information\"><a href=\"https:\/\/www.amazon.fr\/Pact-Sexy-Campus-1-ebook\/dp\/B09DYX5JSJ\/ref=sr_1_1?__mk_fr_FR=%C3%85M%C3%85%C5%BD%C3%95%C3%91&amp;keywords=the+pact&amp;qid=1638970616&amp;sr=8-1\"><img loading=\"lazy\" decoding=\"async\" class=\"n3VNCb alignleft\" src=\"https:\/\/logos-world.net\/wp-content\/uploads\/2020\/03\/Amazon-Kindle-Symbol.png\" alt=\"Amazon Kindle Logo, history, meaning, symbol, PNG\" width=\"94\" height=\"53\" data-noaft=\"1\" \/><\/a><a href=\"https:\/\/play.google.com\/store\/books\/details\/Clara_Rose_The_Pact?id=T_8_EAAAQBAJ\"><img loading=\"lazy\" decoding=\"async\" class=\"alignleft\" src=\"https:\/\/upload.wikimedia.org\/wikipedia\/commons\/3\/3b\/Google_livres.png\" alt=\"\" width=\"106\" height=\"40\" \/><\/a><a href=\"https:\/\/www.kobo.com\/fr\/fr\/ebook\/the-pact-84\"><img loading=\"lazy\" decoding=\"async\" class=\"alignleft\" src=\"https:\/\/download.logo.wine\/logo\/Kobo_eReader\/Kobo_eReader-Logo.wine.png\" alt=\"\" width=\"90\" height=\"60\" \/><\/a><a href=\"https:\/\/books.apple.com\/fr\/book\/the-pact\/id1583570108\"><img loading=\"lazy\" decoding=\"async\" class=\"alignleft\" src=\"https:\/\/support.apple.com\/content\/dam\/edam\/applecare\/images\/en_US\/social\/thumbnail\/ios11-ibooks-app_2x.png\" alt=\"\" width=\"52\" height=\"52\" \/><\/a><\/div>\n<\/div>\n<div data-csa-c-id=\"19wyq6-cgerxe-l6z22f-r8purq\" data-cel-widget=\"rich_product_information\"><\/div>\n","protected":false},"excerpt":{"rendered":"<p>En un regard, leurs vies changeront \u00e0 tout jamais. Jasper est basketteur. Issu d&rsquo;un milieu social d\u00e9favoris\u00e9, il obtient une bourse pour int\u00e9grer une universit\u00e9 prestigieuse, gr\u00e2ce \u00e0 d&rsquo;excellents r\u00e9sultats scolaires,. Craquant, sexy, intelligent, il aime profiter de la vie. Mia se pr\u00e9pare jour apr\u00e8s jour, entra\u00eenement apr\u00e8s entra\u00eenement, pour int\u00e9grer l&rsquo;\u00e9quipe nationale de gymnastique. [&hellip;]<\/p>\n","protected":false},"featured_media":6724,"comment_status":"open","ping_status":"closed","template":"","meta":{"_acf_changed":false,"content-type":""},"product_brand":[],"product_cat":[59],"product_tag":[],"class_list":{"0":"post-6541","1":"product","2":"type-product","3":"status-publish","4":"has-post-thumbnail","6":"product_cat-non-classe","8":"first","9":"instock","10":"taxable","11":"shipping-taxable","12":"purchasable","13":"product-type-simple"},"acf":{"auteur":"","date_parution":null,"bestseller":false,"librairie":false},"aioseo_notices":[],"_links":{"self":[{"href":"https:\/\/butterfly-editions.com\/index.php\/wp-json\/wp\/v2\/product\/6541","targetHints":{"allow":["GET"]}}],"collection":[{"href":"https:\/\/butterfly-editions.com\/index.php\/wp-json\/wp\/v2\/product"}],"about":[{"href":"https:\/\/butterfly-editions.com\/index.php\/wp-json\/wp\/v2\/types\/product"}],"replies":[{"embeddable":true,"href":"https:\/\/butterfly-editions.com\/index.php\/wp-json\/wp\/v2\/comments?post=6541"}],"wp:featuredmedia":[{"embeddable":true,"href":"https:\/\/butterfly-editions.com\/index.php\/wp-json\/wp\/v2\/media\/6724"}],"wp:attachment":[{"href":"https:\/\/butterfly-editions.com\/index.php\/wp-json\/wp\/v2\/media?parent=6541"}],"wp:term":[{"taxonomy":"product_brand","embeddable":true,"href":"https:\/\/butterfly-editions.com\/index.php\/wp-json\/wp\/v2\/product_brand?post=6541"},{"taxonomy":"product_cat","embeddable":true,"href":"https:\/\/butterfly-editions.com\/index.php\/wp-json\/wp\/v2\/product_cat?post=6541"},{"taxonomy":"product_tag","embeddable":true,"href":"https:\/\/butterfly-editions.com\/index.php\/wp-json\/wp\/v2\/product_tag?post=6541"}],"curies":[{"name":"wp","href":"https:\/\/api.w.org\/{rel}","templated":true}]}}