{"id":6540,"date":"2022-09-01T13:39:05","date_gmt":"2022-09-01T12:39:05","guid":{"rendered":"https:\/\/butterfly-editions.com\/?post_type=product&#038;p=6540"},"modified":"2026-01-26T22:56:36","modified_gmt":"2026-01-26T21:56:36","slug":"digital-love-de-juliette-mey","status":"publish","type":"product","link":"https:\/\/butterfly-editions.com\/index.php\/produit\/digital-love-de-juliette-mey\/","title":{"rendered":"Digital Love"},"content":{"rendered":"<p><strong>Un sportif bad boy. Une jeune femme inexp\u00e9riment\u00e9e. Et si r\u00e9sister au coup de foudre \u00e9tait le pire des poisons ?<\/strong><\/p>\n<p>Le jour de son vingt-cinqui\u00e8me anniversaire, Cam\u00e9lia retrouve le v\u0153u qu&rsquo;elle avait formul\u00e9 durant son adolescence, se promettant de le r\u00e9aliser.<br \/>\nAussi introvertie que r\u00e9serv\u00e9e, elle a pourtant pr\u00e9f\u00e9r\u00e9 garder ses r\u00eaves secrets. Surtout ce hockeyeur, dont elle est amoureuse depuis trop longtemps maintenant.<\/p>\n<p>Ma\u00ebl, sportif mondialement reconnu n&rsquo;a plus rien \u00e0 prouver. Les victoires ? Il les cumule. Les femmes ? Il les attire comme des aimants.<br \/>\nMalgr\u00e9 tout&#8230; une chose essentielle lui manque&#8230; La fille de ses r\u00eaves&#8230; Celle avec qui il ne cesse de tout g\u00e2cher..<\/p>\n<p>Las de les voir malheureux, leurs amis, Louise et Elias, d\u00e9cident de prendre les choses en mains en les for\u00e7ant \u00e0 communiquer&#8230; d&rsquo;une fa\u00e7on tout \u00e0 fait particuli\u00e8re&#8230; Quelques mots \u00e9chang\u00e9s, deux photos partag\u00e9es et leur vie pourrait prendre un tournant totalement inattendu.<\/p>\n<p><em>Une histoire d&rsquo;amour entre deux tortur\u00e9s de la vie dont les secrets enfouis risquent de les \u00e9loigner \u00e0 tout jamais.<\/em><br \/>\n<em>Ou pas&#8230;<\/em><\/p>\n<p>***<\/p>\n<p>Histoire qui appartient \u00e0 l&rsquo;univers Love BOX (3 one shots qui se suivent dans le temps, mais qui peuvent se lire ind\u00e9pendamment) :<\/p>\n<p>&#8211; Love Box (parution avril 2017) : Histoire de Sam et Sara<\/p>\n<p>&#8211; Dark Kiss (parution f\u00e9vrier 2018) : Histoire d&rsquo;Elias et de Louise<\/p>\n<p>&#8211; Digital Love (parution novembre 2018) : Histoire de Ma\u00ebl et Cam\u00e9lia<\/p>\n<div id=\"richProductInformation_feature_div\" class=\"celwidget\" data-feature-name=\"richProductInformation\" data-csa-c-id=\"b27tmy-282sjt-giqord-oqi624\" data-cel-widget=\"richProductInformation_feature_div\">\n<div id=\"rich_product_information\" class=\"a-section a-spacing-none celwidget\" data-csa-c-id=\"19wyq6-cgerxe-l6z22f-r8purq\" data-cel-widget=\"rich_product_information\"><\/div>\n<\/div>\n","protected":false},"excerpt":{"rendered":"<p>Un sportif bad boy. Une jeune femme inexp\u00e9riment\u00e9e. Et si r\u00e9sister au coup de foudre \u00e9tait le pire des poisons ? Le jour de son vingt-cinqui\u00e8me anniversaire, Cam\u00e9lia retrouve le v\u0153u qu&rsquo;elle avait formul\u00e9 durant son adolescence, se promettant de le r\u00e9aliser. Aussi introvertie que r\u00e9serv\u00e9e, elle a pourtant pr\u00e9f\u00e9r\u00e9 garder ses r\u00eaves secrets. Surtout [&hellip;]<\/p>\n","protected":false},"featured_media":6596,"comment_status":"open","ping_status":"closed","template":"","meta":{"_acf_changed":false,"content-type":""},"product_brand":[],"product_cat":[461],"product_tag":[493,490,474,497],"class_list":{"0":"post-6540","1":"product","2":"type-product","3":"status-publish","4":"has-post-thumbnail","6":"product_cat-romance-contemporaine","7":"product_tag-bad-boy","8":"product_tag-passion","9":"product_tag-secrets","10":"product_tag-suspense","12":"first","13":"instock","14":"sold-individually","15":"taxable","16":"shipping-taxable","17":"purchasable","18":"product-type-variable"},"acf":{"auteur":"Juliette Mey","date_parution":"20181115","bestseller":false,"librairie":false},"aioseo_notices":[],"_links":{"self":[{"href":"https:\/\/butterfly-editions.com\/index.php\/wp-json\/wp\/v2\/product\/6540","targetHints":{"allow":["GET"]}}],"collection":[{"href":"https:\/\/butterfly-editions.com\/index.php\/wp-json\/wp\/v2\/product"}],"about":[{"href":"https:\/\/butterfly-editions.com\/index.php\/wp-json\/wp\/v2\/types\/product"}],"replies":[{"embeddable":true,"href":"https:\/\/butterfly-editions.com\/index.php\/wp-json\/wp\/v2\/comments?post=6540"}],"wp:featuredmedia":[{"embeddable":true,"href":"https:\/\/butterfly-editions.com\/index.php\/wp-json\/wp\/v2\/media\/6596"}],"wp:attachment":[{"href":"https:\/\/butterfly-editions.com\/index.php\/wp-json\/wp\/v2\/media?parent=6540"}],"wp:term":[{"taxonomy":"product_brand","embeddable":true,"href":"https:\/\/butterfly-editions.com\/index.php\/wp-json\/wp\/v2\/product_brand?post=6540"},{"taxonomy":"product_cat","embeddable":true,"href":"https:\/\/butterfly-editions.com\/index.php\/wp-json\/wp\/v2\/product_cat?post=6540"},{"taxonomy":"product_tag","embeddable":true,"href":"https:\/\/butterfly-editions.com\/index.php\/wp-json\/wp\/v2\/product_tag?post=6540"}],"curies":[{"name":"wp","href":"https:\/\/api.w.org\/{rel}","templated":true}]}}