{"id":6539,"date":"2024-09-01T13:39:05","date_gmt":"2024-09-01T12:39:05","guid":{"rendered":"https:\/\/butterfly-editions.com\/?post_type=product&#038;p=6539"},"modified":"2026-01-27T15:12:51","modified_gmt":"2026-01-27T14:12:51","slug":"lets-play-baby-de-vanessa-degardin","status":"publish","type":"product","link":"https:\/\/butterfly-editions.com\/index.php\/produit\/lets-play-baby-de-vanessa-degardin\/","title":{"rendered":"Les fr\u00e8res Priest T2 &#8211; Let&rsquo;s Play, Baby !"},"content":{"rendered":"<p><strong>Il r\u00e8gne en ma\u00eetre sur le campus. Son tr\u00f4ne, il n&rsquo;est pas pr\u00e8s de le l\u00e2cher&#8230; surtout pour une fille.<\/strong><\/p>\n<p>Aksel est beau, sexy, irr\u00e9sistible. Capitaine de l&rsquo;\u00e9quipe de foot, il est habitu\u00e9 \u00e0 obtenir tout ce qu&rsquo;il d\u00e9sire. Absolument&#8230; tout.<br \/>\nSybille, nouvelle \u00e9l\u00e8ve et footballeuse accomplie, rejoint la promotion d&rsquo;Aksel. Magnifique, secr\u00e8te, elle attire tr\u00e8s vite tous les regards. Malgr\u00e9 tout, elle compte bien tenir sa promesse : ne plus jamais succomber \u00e0 un footballeur. J-A-M-A-I-S.<br \/>\n\u00c7a tombe bien, Aksel a promis \u00e0 son entra\u00eeneur de ne pas approcher de trop pr\u00e8s celle qui devient rapidement son fruit d\u00e9fendu. D&rsquo;autant plus quand elle d\u00e9cide de monter une \u00e9quipe concurrente dont elle devient&#8230; la capitaine.<\/p>\n<p><em>Elle l&rsquo;agace autant qu&rsquo;elle l&rsquo;attire.\u00a0Il l&rsquo;insupporte autant qu&rsquo;il l&rsquo;obs\u00e8de.\u00a0<\/em><em>La partie ne fait que commencer, tous les coups sont permis.<\/em><\/p>\n<hr \/>\n<p>\u00ab\u00a0L\u2019auteure nous offre une histoire dynamique et \u00e9mouvante qui comporte des personnages profonds, tr\u00e8s travaill\u00e9s, avec un pass\u00e9 dramatique qui nous bouleverse. J&rsquo;ai tout aim\u00e9 dans cette lecture, j\u2019ai aim\u00e9 les th\u00e9matiques, l\u2019intrigue, les personnages et l\u2019\u00e9criture. C\u2019est une histoire enivrante dont on ne se lasse pas, j\u2019ai envie de la lire \u00e0 nouveau !\u00a0\u00bb lea.bouquine<\/p>\n","protected":false},"excerpt":{"rendered":"<p>Il r\u00e8gne en ma\u00eetre sur le campus. Son tr\u00f4ne, il n&rsquo;est pas pr\u00e8s de le l\u00e2cher&#8230; surtout pour une fille. Aksel est beau, sexy, irr\u00e9sistible. Capitaine de l&rsquo;\u00e9quipe de foot, il est habitu\u00e9 \u00e0 obtenir tout ce qu&rsquo;il d\u00e9sire. Absolument&#8230; tout. Sybille, nouvelle \u00e9l\u00e8ve et footballeuse accomplie, rejoint la promotion d&rsquo;Aksel. Magnifique, secr\u00e8te, elle attire [&hellip;]<\/p>\n","protected":false},"featured_media":6680,"comment_status":"open","ping_status":"closed","template":"","meta":{"_acf_changed":false,"content-type":""},"product_brand":[],"product_cat":[461],"product_tag":[495,493,540],"class_list":{"0":"post-6539","1":"product","2":"type-product","3":"status-publish","4":"has-post-thumbnail","6":"product_cat-romance-contemporaine","7":"product_tag-bad","8":"product_tag-bad-boy","9":"product_tag-campus","11":"first","12":"instock","13":"sold-individually","14":"taxable","15":"shipping-taxable","16":"purchasable","17":"product-type-variable"},"acf":{"auteur":"Vanessa Degardin","date_parution":"20201211","bestseller":true,"librairie":false},"aioseo_notices":[],"_links":{"self":[{"href":"https:\/\/butterfly-editions.com\/index.php\/wp-json\/wp\/v2\/product\/6539","targetHints":{"allow":["GET"]}}],"collection":[{"href":"https:\/\/butterfly-editions.com\/index.php\/wp-json\/wp\/v2\/product"}],"about":[{"href":"https:\/\/butterfly-editions.com\/index.php\/wp-json\/wp\/v2\/types\/product"}],"replies":[{"embeddable":true,"href":"https:\/\/butterfly-editions.com\/index.php\/wp-json\/wp\/v2\/comments?post=6539"}],"wp:featuredmedia":[{"embeddable":true,"href":"https:\/\/butterfly-editions.com\/index.php\/wp-json\/wp\/v2\/media\/6680"}],"wp:attachment":[{"href":"https:\/\/butterfly-editions.com\/index.php\/wp-json\/wp\/v2\/media?parent=6539"}],"wp:term":[{"taxonomy":"product_brand","embeddable":true,"href":"https:\/\/butterfly-editions.com\/index.php\/wp-json\/wp\/v2\/product_brand?post=6539"},{"taxonomy":"product_cat","embeddable":true,"href":"https:\/\/butterfly-editions.com\/index.php\/wp-json\/wp\/v2\/product_cat?post=6539"},{"taxonomy":"product_tag","embeddable":true,"href":"https:\/\/butterfly-editions.com\/index.php\/wp-json\/wp\/v2\/product_tag?post=6539"}],"curies":[{"name":"wp","href":"https:\/\/api.w.org\/{rel}","templated":true}]}}