{"id":6538,"date":"2024-09-01T13:39:04","date_gmt":"2024-09-01T12:39:04","guid":{"rendered":"https:\/\/butterfly-editions.com\/?post_type=product&#038;p=6538"},"modified":"2024-09-01T13:43:51","modified_gmt":"2024-09-01T12:43:51","slug":"sea-sex-love-de-cecile-k-myers","status":"publish","type":"product","link":"https:\/\/butterfly-editions.com\/index.php\/produit\/sea-sex-love-de-cecile-k-myers\/","title":{"rendered":"Sea Sex &#038; Love de C\u00e9cile K. Myers"},"content":{"rendered":"<p><strong>Des ann\u00e9es sans la voir&#8230; et une sacr\u00e9e surprise au RDV&#8230;<\/strong><\/p>\n<p>La vie de Max bascule le jour o\u00f9 il apprend qu&rsquo;il a un fils de son amour de jeunesse, Kat. Il n&rsquo;a qu&rsquo;un but, les retrouver co\u00fbte que co\u00fbte.<\/p>\n<p>Un regard et tout vole en \u00e9clats. Son c\u0153ur se fissure, les regrets l&rsquo;envahissent. Il la veut, elle. Il le veut, lui. Son fils.<\/p>\n<p>Ce qu&rsquo;il ne sait pas, c&rsquo;est que, derri\u00e8re sa vie rang\u00e9e, Kat cache de nombreux secrets&#8230;<\/p>\n<p><em>R\u00e9ussiront-ils \u00e0 surmonter le pass\u00e9 pour donner une chance au pr\u00e9sent ? Entre passion, col\u00e8re, d\u00e9sir et ranc\u0153ur, trouveront-ils le pardon ?<\/em><\/p>\n<p>&#8212;&#8212;&#8211;<\/p>\n<p>Anciennement paru sous le titre \u00ab\u00a0Summer Love\u00a0\u00bb.<\/p>\n<div id=\"richProductInformation_feature_div\" class=\"celwidget\" data-feature-name=\"richProductInformation\" data-csa-c-id=\"b27tmy-282sjt-giqord-oqi624\" data-cel-widget=\"richProductInformation_feature_div\">\n<div id=\"rich_product_information\" class=\"a-section a-spacing-none celwidget\" data-csa-c-id=\"19wyq6-cgerxe-l6z22f-r8purq\" data-cel-widget=\"rich_product_information\"><a href=\"https:\/\/www.amazon.fr\/Summer-Love-C%C3%A9cile-K-Myers-ebook\/dp\/B08834RJ34\/ref=sr_1_1?__mk_fr_FR=%C3%85M%C3%85%C5%BD%C3%95%C3%91&amp;keywords=sea+sex+and+love&amp;qid=1638971210&amp;sr=8-1\"><img loading=\"lazy\" decoding=\"async\" class=\"n3VNCb alignleft\" src=\"https:\/\/logos-world.net\/wp-content\/uploads\/2020\/03\/Amazon-Kindle-Symbol.png\" alt=\"Amazon Kindle Logo, history, meaning, symbol, PNG\" width=\"94\" height=\"53\" data-noaft=\"1\" \/><\/a><a href=\"https:\/\/play.google.com\/store\/books\/details\/C%C3%A9cile_K_Myers_Sea_Sex_Love?id=Ml3hDwAAQBAJ\"><img loading=\"lazy\" decoding=\"async\" class=\"alignleft\" src=\"https:\/\/upload.wikimedia.org\/wikipedia\/commons\/3\/3b\/Google_livres.png\" alt=\"\" width=\"106\" height=\"40\" \/><\/a><a href=\"https:\/\/www.kobo.com\/fr\/fr\/ebook\/sea-sex-love\"><img loading=\"lazy\" decoding=\"async\" class=\"alignleft\" src=\"https:\/\/download.logo.wine\/logo\/Kobo_eReader\/Kobo_eReader-Logo.wine.png\" alt=\"\" width=\"90\" height=\"60\" \/><\/a><a href=\"https:\/\/books.apple.com\/fr\/book\/sea-sex-love\/id1511706409\"><img loading=\"lazy\" decoding=\"async\" class=\"alignleft\" src=\"https:\/\/support.apple.com\/content\/dam\/edam\/applecare\/images\/en_US\/social\/thumbnail\/ios11-ibooks-app_2x.png\" alt=\"\" width=\"52\" height=\"52\" \/><\/a><\/div>\n<\/div>\n<div data-csa-c-id=\"19wyq6-cgerxe-l6z22f-r8purq\" data-cel-widget=\"rich_product_information\"><\/div>\n<div data-csa-c-id=\"19wyq6-cgerxe-l6z22f-r8purq\" data-cel-widget=\"rich_product_information\"><\/div>\n","protected":false},"excerpt":{"rendered":"<p>Des ann\u00e9es sans la voir&#8230; et une sacr\u00e9e surprise au RDV&#8230; La vie de Max bascule le jour o\u00f9 il apprend qu&rsquo;il a un fils de son amour de jeunesse, Kat. Il n&rsquo;a qu&rsquo;un but, les retrouver co\u00fbte que co\u00fbte. Un regard et tout vole en \u00e9clats. Son c\u0153ur se fissure, les regrets l&rsquo;envahissent. Il [&hellip;]<\/p>\n","protected":false},"featured_media":6717,"comment_status":"open","ping_status":"closed","template":"","meta":{"_acf_changed":false,"content-type":""},"product_brand":[],"product_cat":[59],"product_tag":[],"class_list":{"0":"post-6538","1":"product","2":"type-product","3":"status-publish","4":"has-post-thumbnail","6":"product_cat-non-classe","8":"first","9":"instock","10":"taxable","11":"shipping-taxable","12":"purchasable","13":"product-type-simple"},"acf":{"auteur":"","date_parution":null,"bestseller":false,"librairie":false},"aioseo_notices":[],"_links":{"self":[{"href":"https:\/\/butterfly-editions.com\/index.php\/wp-json\/wp\/v2\/product\/6538","targetHints":{"allow":["GET"]}}],"collection":[{"href":"https:\/\/butterfly-editions.com\/index.php\/wp-json\/wp\/v2\/product"}],"about":[{"href":"https:\/\/butterfly-editions.com\/index.php\/wp-json\/wp\/v2\/types\/product"}],"replies":[{"embeddable":true,"href":"https:\/\/butterfly-editions.com\/index.php\/wp-json\/wp\/v2\/comments?post=6538"}],"wp:featuredmedia":[{"embeddable":true,"href":"https:\/\/butterfly-editions.com\/index.php\/wp-json\/wp\/v2\/media\/6717"}],"wp:attachment":[{"href":"https:\/\/butterfly-editions.com\/index.php\/wp-json\/wp\/v2\/media?parent=6538"}],"wp:term":[{"taxonomy":"product_brand","embeddable":true,"href":"https:\/\/butterfly-editions.com\/index.php\/wp-json\/wp\/v2\/product_brand?post=6538"},{"taxonomy":"product_cat","embeddable":true,"href":"https:\/\/butterfly-editions.com\/index.php\/wp-json\/wp\/v2\/product_cat?post=6538"},{"taxonomy":"product_tag","embeddable":true,"href":"https:\/\/butterfly-editions.com\/index.php\/wp-json\/wp\/v2\/product_tag?post=6538"}],"curies":[{"name":"wp","href":"https:\/\/api.w.org\/{rel}","templated":true}]}}