{"id":6537,"date":"2024-09-01T13:39:04","date_gmt":"2024-09-01T12:39:04","guid":{"rendered":"https:\/\/butterfly-editions.com\/?post_type=product&#038;p=6537"},"modified":"2024-09-01T13:41:09","modified_gmt":"2024-09-01T12:41:09","slug":"interdiction-de-saimer-de-line-darks","status":"publish","type":"product","link":"https:\/\/butterfly-editions.com\/index.php\/produit\/interdiction-de-saimer-de-line-darks\/","title":{"rendered":"Interdiction de s&rsquo;aimer  de Line Darks"},"content":{"rendered":"<p>Clara vit en Espagne depuis plusieurs ann\u00e9es. Une fois par an, elle part en vir\u00e9e \u00e0 Las Vegas avec ses plus fid\u00e8les amies.<\/p>\n<p>Alors que la date de son mariage approche, Benjamin s&rsquo;envole pour Las Vegas afin de f\u00eater son enterrement de vie de gar\u00e7on en compagnie de ses copains.<\/p>\n<p>Dans la ville o\u00f9 tout est permis, Clara et Benjamin se promettent une nuit. Sans cons\u00e9quence. Sans lendemain. Juste elle et lui.<\/p>\n<p>Malgr\u00e9 la puissance de l&rsquo;alchimie entre eux, elle part sans se retourner. Quant \u00e0 lui, il reprend le cours de sa vie en tentant d&rsquo;oublier ce moment d&rsquo;\u00e9garement.<\/p>\n<p>Mais c&rsquo;est sans compter sur le destin. Leurs chemins se croisent \u00e0 nouveau faisant voler en \u00e9clats toutes leurs certitudes et illusions.<\/p>\n<p>Seront-ils capables de r\u00e9sister \u00e0 la tentation ? Arriveront-ils \u00e0 faire taire leur sentiment naissant ?\u00a0\u00bb<\/p>\n<div id=\"richProductInformation_feature_div\" class=\"celwidget\" data-feature-name=\"richProductInformation\" data-csa-c-id=\"b27tmy-282sjt-giqord-oqi624\" data-cel-widget=\"richProductInformation_feature_div\">\n<div id=\"rich_product_information\" class=\"a-section a-spacing-none celwidget\" data-csa-c-id=\"19wyq6-cgerxe-l6z22f-r8purq\" data-cel-widget=\"rich_product_information\"><a href=\"https:\/\/www.amazon.fr\/Interdiction-saimer-Line-Darks-ebook\/dp\/B083F44VWW\/ref=sr_1_1?__mk_fr_FR=%C3%85M%C3%85%C5%BD%C3%95%C3%91&amp;keywords=interdiction+de+s%27aimer&amp;qid=1638977336&amp;sr=8-1\"><img loading=\"lazy\" decoding=\"async\" class=\"n3VNCb alignleft\" src=\"https:\/\/logos-world.net\/wp-content\/uploads\/2020\/03\/Amazon-Kindle-Symbol.png\" alt=\"Amazon Kindle Logo, history, meaning, symbol, PNG\" width=\"94\" height=\"53\" data-noaft=\"1\" \/><\/a><a href=\"https:\/\/play.google.com\/store\/books\/details\/Line_Darks_Interdiction_de_s_aimer?id=cqDHDwAAQBAJ&amp;gl=FR\"><img loading=\"lazy\" decoding=\"async\" class=\"alignleft\" src=\"https:\/\/upload.wikimedia.org\/wikipedia\/commons\/3\/3b\/Google_livres.png\" width=\"106\" height=\"40\" \/><\/a><a href=\"https:\/\/www.kobo.com\/fr\/fr\/ebook\/interdiction-de-s-aimer\"><img loading=\"lazy\" decoding=\"async\" class=\"alignleft\" src=\"https:\/\/download.logo.wine\/logo\/Kobo_eReader\/Kobo_eReader-Logo.wine.png\" width=\"90\" height=\"60\" \/><\/a><a href=\"https:\/\/books.apple.com\/fr\/book\/id1493422404\"><img loading=\"lazy\" decoding=\"async\" class=\"alignleft\" src=\"https:\/\/support.apple.com\/content\/dam\/edam\/applecare\/images\/en_US\/social\/thumbnail\/ios11-ibooks-app_2x.png\" width=\"52\" height=\"52\" \/><\/a><\/div>\n<\/div>\n<div data-csa-c-id=\"19wyq6-cgerxe-l6z22f-r8purq\" data-cel-widget=\"rich_product_information\"><\/div>\n","protected":false},"excerpt":{"rendered":"<p>Clara vit en Espagne depuis plusieurs ann\u00e9es. Une fois par an, elle part en vir\u00e9e \u00e0 Las Vegas avec ses plus fid\u00e8les amies. Alors que la date de son mariage approche, Benjamin s&rsquo;envole pour Las Vegas afin de f\u00eater son enterrement de vie de gar\u00e7on en compagnie de ses copains. Dans la ville o\u00f9 tout [&hellip;]<\/p>\n","protected":false},"featured_media":6630,"comment_status":"open","ping_status":"closed","template":"","meta":{"_acf_changed":false,"content-type":""},"product_brand":[],"product_cat":[59],"product_tag":[],"class_list":{"0":"post-6537","1":"product","2":"type-product","3":"status-publish","4":"has-post-thumbnail","6":"product_cat-non-classe","8":"first","9":"instock","10":"sold-individually","11":"taxable","12":"shipping-taxable","13":"purchasable","14":"product-type-simple"},"acf":{"auteur":"","date_parution":null,"bestseller":false,"librairie":false},"aioseo_notices":[],"_links":{"self":[{"href":"https:\/\/butterfly-editions.com\/index.php\/wp-json\/wp\/v2\/product\/6537","targetHints":{"allow":["GET"]}}],"collection":[{"href":"https:\/\/butterfly-editions.com\/index.php\/wp-json\/wp\/v2\/product"}],"about":[{"href":"https:\/\/butterfly-editions.com\/index.php\/wp-json\/wp\/v2\/types\/product"}],"replies":[{"embeddable":true,"href":"https:\/\/butterfly-editions.com\/index.php\/wp-json\/wp\/v2\/comments?post=6537"}],"wp:featuredmedia":[{"embeddable":true,"href":"https:\/\/butterfly-editions.com\/index.php\/wp-json\/wp\/v2\/media\/6630"}],"wp:attachment":[{"href":"https:\/\/butterfly-editions.com\/index.php\/wp-json\/wp\/v2\/media?parent=6537"}],"wp:term":[{"taxonomy":"product_brand","embeddable":true,"href":"https:\/\/butterfly-editions.com\/index.php\/wp-json\/wp\/v2\/product_brand?post=6537"},{"taxonomy":"product_cat","embeddable":true,"href":"https:\/\/butterfly-editions.com\/index.php\/wp-json\/wp\/v2\/product_cat?post=6537"},{"taxonomy":"product_tag","embeddable":true,"href":"https:\/\/butterfly-editions.com\/index.php\/wp-json\/wp\/v2\/product_tag?post=6537"}],"curies":[{"name":"wp","href":"https:\/\/api.w.org\/{rel}","templated":true}]}}