{"id":6536,"date":"2024-09-01T13:39:04","date_gmt":"2024-09-01T12:39:04","guid":{"rendered":"https:\/\/butterfly-editions.com\/?post_type=product&#038;p=6536"},"modified":"2026-01-28T14:12:02","modified_gmt":"2026-01-28T13:12:02","slug":"signs-of-love-de-fantine-mild","status":"publish","type":"product","link":"https:\/\/butterfly-editions.com\/index.php\/produit\/signs-of-love-de-fantine-mild\/","title":{"rendered":"Signs of Love"},"content":{"rendered":"<p><strong>Il est sourd, elle est timide. Ils vont devoir cohabiter.<\/strong><\/p>\n<p>Evan est sourd de naissance. Bad boy, il cache de nombreuses f\u00ealures qui le poussent \u00e0 rester en retrait du monde qui l&rsquo;entoure.<\/p>\n<p>Ava \u00e9tudie la langue des signes. Pour son m\u00e9moire de fin d&rsquo;\u00e9tudes, son chemin la m\u00e8ne \u00e0 Evan qui accepte qu&rsquo;elle le suive dans son quotidien.<br \/>\nBien vite, leur collaboration les pousse \u00e0 cohabiter sous le m\u00eame toit. Mais rapidement, celui qui devait rester un simple sujet d&rsquo;\u00e9tudes devient bien plus dans le coeur d&rsquo;Ava&#8230; Evan, quant \u00e0 lui, ne cache rien de l&rsquo;attirance qu&rsquo;il \u00e9prouve \u00e0 son \u00e9gard.<\/p>\n<p><em>De simples colocs \u00e0 amants, il n&rsquo;y a qu&rsquo;un pas&#8230; Le franchiront-ils sans se br\u00fbler les ailes ?<\/em><\/p>\n<hr \/>\n<p>\u00ab\u00a0Tr\u00e8s gros coup de coeur pour cette lecture, je l&rsquo;ai trouv\u00e9 tr\u00e8s \u00e9mouvante, elle est superbe, elle nous prend au c\u0153ur&#8230;\u00a0\u00bb audrey.book.love.j<\/p>\n<div id=\"richProductInformation_feature_div\" class=\"celwidget\" data-feature-name=\"richProductInformation\" data-csa-c-id=\"b27tmy-282sjt-giqord-oqi624\" data-cel-widget=\"richProductInformation_feature_div\"><\/div>\n","protected":false},"excerpt":{"rendered":"<p>Il est sourd, elle est timide. Ils vont devoir cohabiter. Evan est sourd de naissance. Bad boy, il cache de nombreuses f\u00ealures qui le poussent \u00e0 rester en retrait du monde qui l&rsquo;entoure. Ava \u00e9tudie la langue des signes. Pour son m\u00e9moire de fin d&rsquo;\u00e9tudes, son chemin la m\u00e8ne \u00e0 Evan qui accepte qu&rsquo;elle le [&hellip;]<\/p>\n","protected":false},"featured_media":6634,"comment_status":"open","ping_status":"closed","template":"","meta":{"_acf_changed":false,"content-type":""},"product_brand":[],"product_cat":[461],"product_tag":[],"class_list":{"0":"post-6536","1":"product","2":"type-product","3":"status-publish","4":"has-post-thumbnail","6":"product_cat-romance-contemporaine","8":"first","9":"outofstock","10":"sold-individually","11":"taxable","12":"shipping-taxable","13":"purchasable","14":"product-type-variable"},"acf":{"auteur":"Fantine Mild","date_parution":"20200410","bestseller":false,"librairie":false},"aioseo_notices":[],"_links":{"self":[{"href":"https:\/\/butterfly-editions.com\/index.php\/wp-json\/wp\/v2\/product\/6536","targetHints":{"allow":["GET"]}}],"collection":[{"href":"https:\/\/butterfly-editions.com\/index.php\/wp-json\/wp\/v2\/product"}],"about":[{"href":"https:\/\/butterfly-editions.com\/index.php\/wp-json\/wp\/v2\/types\/product"}],"replies":[{"embeddable":true,"href":"https:\/\/butterfly-editions.com\/index.php\/wp-json\/wp\/v2\/comments?post=6536"}],"wp:featuredmedia":[{"embeddable":true,"href":"https:\/\/butterfly-editions.com\/index.php\/wp-json\/wp\/v2\/media\/6634"}],"wp:attachment":[{"href":"https:\/\/butterfly-editions.com\/index.php\/wp-json\/wp\/v2\/media?parent=6536"}],"wp:term":[{"taxonomy":"product_brand","embeddable":true,"href":"https:\/\/butterfly-editions.com\/index.php\/wp-json\/wp\/v2\/product_brand?post=6536"},{"taxonomy":"product_cat","embeddable":true,"href":"https:\/\/butterfly-editions.com\/index.php\/wp-json\/wp\/v2\/product_cat?post=6536"},{"taxonomy":"product_tag","embeddable":true,"href":"https:\/\/butterfly-editions.com\/index.php\/wp-json\/wp\/v2\/product_tag?post=6536"}],"curies":[{"name":"wp","href":"https:\/\/api.w.org\/{rel}","templated":true}]}}