{"id":6534,"date":"2024-09-01T13:39:04","date_gmt":"2024-09-01T12:39:04","guid":{"rendered":"https:\/\/butterfly-editions.com\/?post_type=product&#038;p=6534"},"modified":"2026-01-28T14:07:34","modified_gmt":"2026-01-28T13:07:34","slug":"colocs-and-love-de-fantine-mild","status":"publish","type":"product","link":"https:\/\/butterfly-editions.com\/index.php\/produit\/colocs-and-love-de-fantine-mild\/","title":{"rendered":"Colocs and Love"},"content":{"rendered":"<p><strong>Nouveau coloc sexy, nouveau d\u00e9part ? \u00c9tincelles garanties en vue&#8230;<\/strong><\/p>\n<p>La culpabilit\u00e9 de son pass\u00e9 \u00e9touffe tant Elisa Sanders qu&rsquo;elle n&rsquo;arrive \u00e0 faire confiance qu&rsquo;\u00e0 de rares personnes. Ses colocataires repr\u00e9sentent son ancrage dans la r\u00e9alit\u00e9, sa bou\u00e9e de sauvetage.<br \/>\nLorsque Lucas, l&rsquo;un d&rsquo;entre eux, doit d\u00e9m\u00e9nager \u00e0 plusieurs centaines de kilom\u00e8tres, elle se verra contrainte de cohabiter avec son rempla\u00e7ant, Matt.<br \/>\nUn regard sombre, une aura myst\u00e9rieuse, une beaut\u00e9 troublante. Qui se cache derri\u00e8re ce jeune homme aux secrets \u00e9vidents ?<br \/>\nTout les oppose, et pourtant&#8230;<br \/>\nNaviguant entre t\u00e9n\u00e8bres et lumi\u00e8res, Elisa et Matt se ressemblent bien plus qu&rsquo;ils ne sont pr\u00eats \u00e0 l&rsquo;admettre.<br \/>\nParfois, il suffit d&rsquo;accepter une main tendue pour affronter ses pires d\u00e9mons.<\/p>\n<p><em>Le comprendront-ils avant qu&rsquo;il ne soit trop tard ?<\/em><\/p>\n<p>***<\/p>\n<p>Pr\u00e9c\u00e9demment \u00e9dit\u00e9 sous le titre : Se sentir coupable<\/p>\n","protected":false},"excerpt":{"rendered":"<p>Nouveau coloc sexy, nouveau d\u00e9part ? \u00c9tincelles garanties en vue&#8230; La culpabilit\u00e9 de son pass\u00e9 \u00e9touffe tant Elisa Sanders qu&rsquo;elle n&rsquo;arrive \u00e0 faire confiance qu&rsquo;\u00e0 de rares personnes. Ses colocataires repr\u00e9sentent son ancrage dans la r\u00e9alit\u00e9, sa bou\u00e9e de sauvetage. Lorsque Lucas, l&rsquo;un d&rsquo;entre eux, doit d\u00e9m\u00e9nager \u00e0 plusieurs centaines de kilom\u00e8tres, elle se verra [&hellip;]<\/p>\n","protected":false},"featured_media":6581,"comment_status":"open","ping_status":"closed","template":"","meta":{"_acf_changed":false,"content-type":""},"product_brand":[],"product_cat":[461],"product_tag":[],"class_list":{"0":"post-6534","1":"product","2":"type-product","3":"status-publish","4":"has-post-thumbnail","6":"product_cat-romance-contemporaine","8":"first","9":"instock","10":"sold-individually","11":"taxable","12":"shipping-taxable","13":"purchasable","14":"product-type-variable"},"acf":{"auteur":"Fantine Mild","date_parution":"20190720","bestseller":false,"librairie":false},"aioseo_notices":[],"_links":{"self":[{"href":"https:\/\/butterfly-editions.com\/index.php\/wp-json\/wp\/v2\/product\/6534","targetHints":{"allow":["GET"]}}],"collection":[{"href":"https:\/\/butterfly-editions.com\/index.php\/wp-json\/wp\/v2\/product"}],"about":[{"href":"https:\/\/butterfly-editions.com\/index.php\/wp-json\/wp\/v2\/types\/product"}],"replies":[{"embeddable":true,"href":"https:\/\/butterfly-editions.com\/index.php\/wp-json\/wp\/v2\/comments?post=6534"}],"wp:featuredmedia":[{"embeddable":true,"href":"https:\/\/butterfly-editions.com\/index.php\/wp-json\/wp\/v2\/media\/6581"}],"wp:attachment":[{"href":"https:\/\/butterfly-editions.com\/index.php\/wp-json\/wp\/v2\/media?parent=6534"}],"wp:term":[{"taxonomy":"product_brand","embeddable":true,"href":"https:\/\/butterfly-editions.com\/index.php\/wp-json\/wp\/v2\/product_brand?post=6534"},{"taxonomy":"product_cat","embeddable":true,"href":"https:\/\/butterfly-editions.com\/index.php\/wp-json\/wp\/v2\/product_cat?post=6534"},{"taxonomy":"product_tag","embeddable":true,"href":"https:\/\/butterfly-editions.com\/index.php\/wp-json\/wp\/v2\/product_tag?post=6534"}],"curies":[{"name":"wp","href":"https:\/\/api.w.org\/{rel}","templated":true}]}}