{"id":6531,"date":"2024-09-01T13:39:04","date_gmt":"2024-09-01T12:39:04","guid":{"rendered":"https:\/\/butterfly-editions.com\/?post_type=product&#038;p=6531"},"modified":"2026-01-28T16:04:44","modified_gmt":"2026-01-28T15:04:44","slug":"impossible-boss-de-christy-allan","status":"publish","type":"product","link":"https:\/\/butterfly-editions.com\/index.php\/produit\/impossible-boss-de-christy-allan\/","title":{"rendered":"Impossible Boss"},"content":{"rendered":"<p><strong>Sauvage, joueur&#8230; et aga\u00e7ant !<\/strong><\/p>\n<p>Damien, la trentaine, sexy, \u00e0 tomber, g\u00e8re une partie de l&rsquo;entreprise familiale, sp\u00e9cialis\u00e9e dans l&rsquo;h\u00f4tellerie de luxe.<\/p>\n<p>Les femmes ? Un passe-temps amusant qu&rsquo;il se d\u00e9lecte \u00e0 faire fructifier avec autant d&rsquo;intensit\u00e9 que son compte en banque.<\/p>\n<p>B\u00e9n\u00e9dicte, la vingtaine, vient d&rsquo;un milieu modeste. Travailleuse, passionn\u00e9e par l&rsquo;Asie, elle est propuls\u00e9e au rang d&rsquo;interpr\u00e8te pour la cha\u00eene h\u00f4teli\u00e8re qui l&#8217;emploie. Ce boulot ? Elle en r\u00eavait !<\/p>\n<p>Seul b\u00e9mol et pas des moindres ; son nouveau BOSS, Damien. Ce type arrogant avec qui elle a pass\u00e9 une nuit de d\u00e9bauche et qu&rsquo;elle a quitt\u00e9 au petit matin, comme une voleuse.<\/p>\n<p><em>Leurs deux mondes se percutent sans y \u00eatre pr\u00e9par\u00e9s. Attention, les \u00e9tincelles peuvent donner lieu \u00e0 un \u00e9norme brasier&#8230;<\/em><\/p>\n<hr \/>\n<p>\u00ab\u00a0L&rsquo;auteure a une plume magnifique et entra\u00eenante. Elle sait nous amener l\u00e0 o\u00f9 elle veut et nous en faire voir de toutes les couleurs. J&rsquo;ai eu le c\u0153ur qui battait la chamade plus d&rsquo;une fois, entre le stress, l&rsquo;excitation et la peur que Christy Allan nous a fait ressentir.\u00a0\u00bb imperfect.reading<\/p>\n<div id=\"richProductInformation_feature_div\" class=\"celwidget\" data-feature-name=\"richProductInformation\" data-csa-c-id=\"b27tmy-282sjt-giqord-oqi624\" data-cel-widget=\"richProductInformation_feature_div\"><\/div>\n<div data-csa-c-id=\"19wyq6-cgerxe-l6z22f-r8purq\" data-cel-widget=\"rich_product_information\"><\/div>\n","protected":false},"excerpt":{"rendered":"<p>Sauvage, joueur&#8230; et aga\u00e7ant ! Damien, la trentaine, sexy, \u00e0 tomber, g\u00e8re une partie de l&rsquo;entreprise familiale, sp\u00e9cialis\u00e9e dans l&rsquo;h\u00f4tellerie de luxe. Les femmes ? Un passe-temps amusant qu&rsquo;il se d\u00e9lecte \u00e0 faire fructifier avec autant d&rsquo;intensit\u00e9 que son compte en banque. B\u00e9n\u00e9dicte, la vingtaine, vient d&rsquo;un milieu modeste. Travailleuse, passionn\u00e9e par l&rsquo;Asie, elle est [&hellip;]<\/p>\n","protected":false},"featured_media":6704,"comment_status":"open","ping_status":"closed","template":"","meta":{"_acf_changed":false,"content-type":""},"product_brand":[],"product_cat":[461],"product_tag":[],"class_list":{"0":"post-6531","1":"product","2":"type-product","3":"status-publish","4":"has-post-thumbnail","6":"product_cat-romance-contemporaine","8":"first","9":"instock","10":"taxable","11":"shipping-taxable","12":"purchasable","13":"product-type-variable"},"acf":{"auteur":"Christy Allan","date_parution":"20210422","bestseller":true,"librairie":false},"aioseo_notices":[],"_links":{"self":[{"href":"https:\/\/butterfly-editions.com\/index.php\/wp-json\/wp\/v2\/product\/6531","targetHints":{"allow":["GET"]}}],"collection":[{"href":"https:\/\/butterfly-editions.com\/index.php\/wp-json\/wp\/v2\/product"}],"about":[{"href":"https:\/\/butterfly-editions.com\/index.php\/wp-json\/wp\/v2\/types\/product"}],"replies":[{"embeddable":true,"href":"https:\/\/butterfly-editions.com\/index.php\/wp-json\/wp\/v2\/comments?post=6531"}],"wp:featuredmedia":[{"embeddable":true,"href":"https:\/\/butterfly-editions.com\/index.php\/wp-json\/wp\/v2\/media\/6704"}],"wp:attachment":[{"href":"https:\/\/butterfly-editions.com\/index.php\/wp-json\/wp\/v2\/media?parent=6531"}],"wp:term":[{"taxonomy":"product_brand","embeddable":true,"href":"https:\/\/butterfly-editions.com\/index.php\/wp-json\/wp\/v2\/product_brand?post=6531"},{"taxonomy":"product_cat","embeddable":true,"href":"https:\/\/butterfly-editions.com\/index.php\/wp-json\/wp\/v2\/product_cat?post=6531"},{"taxonomy":"product_tag","embeddable":true,"href":"https:\/\/butterfly-editions.com\/index.php\/wp-json\/wp\/v2\/product_tag?post=6531"}],"curies":[{"name":"wp","href":"https:\/\/api.w.org\/{rel}","templated":true}]}}