{"id":6530,"date":"2024-09-01T17:39:04","date_gmt":"2024-09-01T16:39:04","guid":{"rendered":"https:\/\/butterfly-editions.com\/?post_type=product&#038;p=6530"},"modified":"2026-01-28T17:04:38","modified_gmt":"2026-01-28T16:04:38","slug":"bad-boss-1-vengeance-de-christy-allan","status":"publish","type":"product","link":"https:\/\/butterfly-editions.com\/index.php\/produit\/bad-boss-1-vengeance-de-christy-allan\/","title":{"rendered":"Bad Boss T1 &#8211; Vengeance"},"content":{"rendered":"<p><strong>Ils viennent de deux mondes diff\u00e9rents. Il la d\u00e9sire. Il fera tout pour l&rsquo;avoir.<\/strong><\/p>\n<p>\u00c9douard est myst\u00e9rieux et assoiff\u00e9 de vengeance suite \u00e0 un drame qui a boulevers\u00e9 son enfance. Au sein de la grande entreprise de tissus qu&rsquo;il dirige, rien n&rsquo;est laiss\u00e9 au hasard. Sa vie priv\u00e9e se cale sur le m\u00eame sch\u00e9ma, ses lourdes blessures du pass\u00e9 le poussant \u00e0 se comporter en ma\u00eetre absolu face \u00e0 chaque nouvelle conqu\u00eate.<\/p>\n<p>Estelle est une m\u00e8re c\u00e9libataire ind\u00e9pendante. En recherche d&#8217;emploi, elle accepte un travail au sein de la soci\u00e9t\u00e9 d&rsquo;\u00c9douard. Les loisirs ? Tr\u00e8s peu pour elle. L&rsquo;amour ? Encore moins. Son temps libre, elle le partage entre le cabaret o\u00f9 elle produit quelques spectacles afin d&rsquo;arrondir ses fins de mois et son fils, Antoine, petit gar\u00e7on espi\u00e8gle.<\/p>\n<p>Pourtant, le jour o\u00f9 la voiture d&rsquo;\u00c9douard percute le v\u00e9lo d&rsquo;Estelle, plus rien ne sera comme avant&#8230; Ils se d\u00e9fieront, s&rsquo;affronteront, se d\u00e9sireront&#8230;<\/p>\n<p><em>Succomberont-ils \u00e0 cette attirance pr\u00eate \u00e0 tout engloutir sur son passage ?<\/em><\/p>\n<div id=\"richProductInformation_feature_div\" class=\"celwidget\" data-feature-name=\"richProductInformation\" data-csa-c-id=\"b27tmy-282sjt-giqord-oqi624\" data-cel-widget=\"richProductInformation_feature_div\"><\/div>\n<div data-csa-c-id=\"19wyq6-cgerxe-l6z22f-r8purq\" data-cel-widget=\"rich_product_information\"><\/div>\n","protected":false},"excerpt":{"rendered":"<p>Ils viennent de deux mondes diff\u00e9rents. Il la d\u00e9sire. Il fera tout pour l&rsquo;avoir. \u00c9douard est myst\u00e9rieux et assoiff\u00e9 de vengeance suite \u00e0 un drame qui a boulevers\u00e9 son enfance. Au sein de la grande entreprise de tissus qu&rsquo;il dirige, rien n&rsquo;est laiss\u00e9 au hasard. Sa vie priv\u00e9e se cale sur le m\u00eame sch\u00e9ma, ses [&hellip;]<\/p>\n","protected":false},"featured_media":6669,"comment_status":"open","ping_status":"closed","template":"","meta":{"_acf_changed":false,"content-type":""},"product_brand":[],"product_cat":[461],"product_tag":[],"class_list":{"0":"post-6530","1":"product","2":"type-product","3":"status-publish","4":"has-post-thumbnail","6":"product_cat-romance-contemporaine","8":"first","9":"outofstock","10":"sold-individually","11":"taxable","12":"shipping-taxable","13":"purchasable","14":"product-type-variable"},"acf":{"auteur":"Christy Allan","date_parution":"20200615","bestseller":true,"librairie":false},"aioseo_notices":[],"_links":{"self":[{"href":"https:\/\/butterfly-editions.com\/index.php\/wp-json\/wp\/v2\/product\/6530","targetHints":{"allow":["GET"]}}],"collection":[{"href":"https:\/\/butterfly-editions.com\/index.php\/wp-json\/wp\/v2\/product"}],"about":[{"href":"https:\/\/butterfly-editions.com\/index.php\/wp-json\/wp\/v2\/types\/product"}],"replies":[{"embeddable":true,"href":"https:\/\/butterfly-editions.com\/index.php\/wp-json\/wp\/v2\/comments?post=6530"}],"wp:featuredmedia":[{"embeddable":true,"href":"https:\/\/butterfly-editions.com\/index.php\/wp-json\/wp\/v2\/media\/6669"}],"wp:attachment":[{"href":"https:\/\/butterfly-editions.com\/index.php\/wp-json\/wp\/v2\/media?parent=6530"}],"wp:term":[{"taxonomy":"product_brand","embeddable":true,"href":"https:\/\/butterfly-editions.com\/index.php\/wp-json\/wp\/v2\/product_brand?post=6530"},{"taxonomy":"product_cat","embeddable":true,"href":"https:\/\/butterfly-editions.com\/index.php\/wp-json\/wp\/v2\/product_cat?post=6530"},{"taxonomy":"product_tag","embeddable":true,"href":"https:\/\/butterfly-editions.com\/index.php\/wp-json\/wp\/v2\/product_tag?post=6530"}],"curies":[{"name":"wp","href":"https:\/\/api.w.org\/{rel}","templated":true}]}}