{"id":6520,"date":"2024-09-01T13:38:42","date_gmt":"2024-09-01T12:38:42","guid":{"rendered":"https:\/\/butterfly-editions.com\/?post_type=product&#038;p=6520"},"modified":"2026-01-28T10:48:14","modified_gmt":"2026-01-28T09:48:14","slug":"so-sexy-trap-de-ava-krol","status":"publish","type":"product","link":"https:\/\/butterfly-editions.com\/index.php\/produit\/so-sexy-trap-de-ava-krol\/","title":{"rendered":"So Sexy Trap"},"content":{"rendered":"<p>Anna s&rsquo;ennuie. Dans son couple, dans sa vie. Le temps d&rsquo;un week-end, son destin va basculer lorsqu&rsquo;elle rencontre le beau et t\u00e9n\u00e9breux Morgan Svaltanov, riche propri\u00e9taire d&rsquo;un h\u00f4tel de luxe d&rsquo;une station de vacances hupp\u00e9e. L&rsquo;attirance entre eux est imm\u00e9diate. Elle va se laisser s\u00e9duire et entra\u00eener dans une vie tr\u00e9pidante riche en exp\u00e9riences sensuelles.<br \/>\nMalgr\u00e9 l&rsquo;attraction de leur relation, Anna d\u00e9couvre un monde myst\u00e9rieux, d\u00e9routant, dangereux dont elle ne soup\u00e7onnait pas l&rsquo;existence.<br \/>\nEntre complots, secte secr\u00e8te, h\u00f4tels de luxe et destination de r\u00eaves, jusqu&rsquo;o\u00f9 sera-t-elle pr\u00eate \u00e0 aller pour Morgan ?<\/p>\n<div id=\"richProductInformation_feature_div\" class=\"celwidget\" data-feature-name=\"richProductInformation\" data-csa-c-id=\"b27tmy-282sjt-giqord-oqi624\" data-cel-widget=\"richProductInformation_feature_div\"><\/div>\n","protected":false},"excerpt":{"rendered":"<p>Anna s&rsquo;ennuie. Dans son couple, dans sa vie. Le temps d&rsquo;un week-end, son destin va basculer lorsqu&rsquo;elle rencontre le beau et t\u00e9n\u00e9breux Morgan Svaltanov, riche propri\u00e9taire d&rsquo;un h\u00f4tel de luxe d&rsquo;une station de vacances hupp\u00e9e. L&rsquo;attirance entre eux est imm\u00e9diate. Elle va se laisser s\u00e9duire et entra\u00eener dans une vie tr\u00e9pidante riche en exp\u00e9riences sensuelles. [&hellip;]<\/p>\n","protected":false},"featured_media":6627,"comment_status":"open","ping_status":"closed","template":"","meta":{"_acf_changed":false,"content-type":""},"product_brand":[],"product_cat":[461],"product_tag":[],"class_list":{"0":"post-6520","1":"product","2":"type-product","3":"status-publish","4":"has-post-thumbnail","6":"product_cat-romance-contemporaine","8":"first","9":"outofstock","10":"sold-individually","11":"taxable","12":"shipping-taxable","13":"purchasable","14":"product-type-variable"},"acf":{"auteur":"Ava Krol","date_parution":"20190611","bestseller":false,"librairie":false},"aioseo_notices":[],"_links":{"self":[{"href":"https:\/\/butterfly-editions.com\/index.php\/wp-json\/wp\/v2\/product\/6520","targetHints":{"allow":["GET"]}}],"collection":[{"href":"https:\/\/butterfly-editions.com\/index.php\/wp-json\/wp\/v2\/product"}],"about":[{"href":"https:\/\/butterfly-editions.com\/index.php\/wp-json\/wp\/v2\/types\/product"}],"replies":[{"embeddable":true,"href":"https:\/\/butterfly-editions.com\/index.php\/wp-json\/wp\/v2\/comments?post=6520"}],"wp:featuredmedia":[{"embeddable":true,"href":"https:\/\/butterfly-editions.com\/index.php\/wp-json\/wp\/v2\/media\/6627"}],"wp:attachment":[{"href":"https:\/\/butterfly-editions.com\/index.php\/wp-json\/wp\/v2\/media?parent=6520"}],"wp:term":[{"taxonomy":"product_brand","embeddable":true,"href":"https:\/\/butterfly-editions.com\/index.php\/wp-json\/wp\/v2\/product_brand?post=6520"},{"taxonomy":"product_cat","embeddable":true,"href":"https:\/\/butterfly-editions.com\/index.php\/wp-json\/wp\/v2\/product_cat?post=6520"},{"taxonomy":"product_tag","embeddable":true,"href":"https:\/\/butterfly-editions.com\/index.php\/wp-json\/wp\/v2\/product_tag?post=6520"}],"curies":[{"name":"wp","href":"https:\/\/api.w.org\/{rel}","templated":true}]}}