{"id":6519,"date":"2024-09-01T13:38:42","date_gmt":"2024-09-01T12:38:42","guid":{"rendered":"https:\/\/butterfly-editions.com\/?post_type=product&#038;p=6519"},"modified":"2026-01-27T17:11:09","modified_gmt":"2026-01-27T16:11:09","slug":"one-rule-their-rule-de-ava-krol","status":"publish","type":"product","link":"https:\/\/butterfly-editions.com\/index.php\/produit\/one-rule-their-rule-de-ava-krol\/","title":{"rendered":"One rule their rule"},"content":{"rendered":"<p><strong>Vous auriez aim\u00e9 le d\u00e9tester, vous allez d\u00e9tester l\u2019aimer.<\/strong><\/p>\n<p>Analya a tout pour elle. Elle est belle, brillante, id\u00e9aliste, et n\u2019a pour seul objectif que sa carri\u00e8re professionnelle. Tomber amoureuse ne fait pas partie de ses projets. Fra\u00eechement dipl\u00f4m\u00e9e en ing\u00e9nierie financi\u00e8re, elle int\u00e8gre un bureau de consulting et est,aussit\u00f4t, charg\u00e9e du rachat d\u2019une entreprise sur le d\u00e9clin. Quelle ne sera pas sa surprise en d\u00e9couvrant que le futur acheteur n\u2019est autre que Vladimir Saltanov, un homme dont le souvenir la hante.<br \/>\nApr\u00e8s trois mois d\u2019hospitalisation, ce dernier est bien d\u00e9cid\u00e9 \u00e0 se reconstruire, en laissant derri\u00e8re lui ses d\u00e9mons, son pass\u00e9 obscur, ses anciennes relations.<\/p>\n<p><em>Entre Analya et Vladimir, ce sera \u00e0 la vie, \u00e0 l\u2019amour. Une seule r\u00e8gle : la leur.<\/em><\/p>\n<hr \/>\n<p>\u00ab\u00a0Une \u00e9criture fluide, addictive, percutante. Une histoire que j\u2019ai litt\u00e9ralement ador\u00e9e et que je vous conseille fortement.\u00a0\u00bb juliabookine<\/p>\n<div id=\"richProductInformation_feature_div\" class=\"celwidget\" data-feature-name=\"richProductInformation\" data-csa-c-id=\"b27tmy-282sjt-giqord-oqi624\" data-cel-widget=\"richProductInformation_feature_div\"><\/div>\n","protected":false},"excerpt":{"rendered":"<p>Vous auriez aim\u00e9 le d\u00e9tester, vous allez d\u00e9tester l\u2019aimer. Analya a tout pour elle. Elle est belle, brillante, id\u00e9aliste, et n\u2019a pour seul objectif que sa carri\u00e8re professionnelle. Tomber amoureuse ne fait pas partie de ses projets. Fra\u00eechement dipl\u00f4m\u00e9e en ing\u00e9nierie financi\u00e8re, elle int\u00e8gre un bureau de consulting et est,aussit\u00f4t, charg\u00e9e du rachat d\u2019une entreprise [&hellip;]<\/p>\n","protected":false},"featured_media":6628,"comment_status":"open","ping_status":"closed","template":"","meta":{"_acf_changed":false,"content-type":""},"product_brand":[],"product_cat":[461],"product_tag":[],"class_list":{"0":"post-6519","1":"product","2":"type-product","3":"status-publish","4":"has-post-thumbnail","6":"product_cat-romance-contemporaine","8":"first","9":"outofstock","10":"sold-individually","11":"taxable","12":"shipping-taxable","13":"purchasable","14":"product-type-variable"},"acf":{"auteur":"Ava Krol","date_parution":"20190730","bestseller":false,"librairie":false},"aioseo_notices":[],"_links":{"self":[{"href":"https:\/\/butterfly-editions.com\/index.php\/wp-json\/wp\/v2\/product\/6519","targetHints":{"allow":["GET"]}}],"collection":[{"href":"https:\/\/butterfly-editions.com\/index.php\/wp-json\/wp\/v2\/product"}],"about":[{"href":"https:\/\/butterfly-editions.com\/index.php\/wp-json\/wp\/v2\/types\/product"}],"replies":[{"embeddable":true,"href":"https:\/\/butterfly-editions.com\/index.php\/wp-json\/wp\/v2\/comments?post=6519"}],"wp:featuredmedia":[{"embeddable":true,"href":"https:\/\/butterfly-editions.com\/index.php\/wp-json\/wp\/v2\/media\/6628"}],"wp:attachment":[{"href":"https:\/\/butterfly-editions.com\/index.php\/wp-json\/wp\/v2\/media?parent=6519"}],"wp:term":[{"taxonomy":"product_brand","embeddable":true,"href":"https:\/\/butterfly-editions.com\/index.php\/wp-json\/wp\/v2\/product_brand?post=6519"},{"taxonomy":"product_cat","embeddable":true,"href":"https:\/\/butterfly-editions.com\/index.php\/wp-json\/wp\/v2\/product_cat?post=6519"},{"taxonomy":"product_tag","embeddable":true,"href":"https:\/\/butterfly-editions.com\/index.php\/wp-json\/wp\/v2\/product_tag?post=6519"}],"curies":[{"name":"wp","href":"https:\/\/api.w.org\/{rel}","templated":true}]}}