{"id":6518,"date":"2024-09-01T13:00:42","date_gmt":"2024-09-01T12:00:42","guid":{"rendered":"https:\/\/butterfly-editions.com\/?post_type=product&#038;p=6518"},"modified":"2026-01-28T10:48:37","modified_gmt":"2026-01-28T09:48:37","slug":"love-to-death-de-ava-krol","status":"publish","type":"product","link":"https:\/\/butterfly-editions.com\/index.php\/produit\/love-to-death-de-ava-krol\/","title":{"rendered":"Love T1 &#8211; Love to Death"},"content":{"rendered":"<p>\u00c0 dix-huit ans, Mila n\u2019a qu\u2019un seul r\u00eave, qu\u2019une seule obsession, se faire aimer d\u2019Andreas, le fr\u00e8re a\u00een\u00e9 de son meilleur ami Lucas, et d\u2019un jour l\u2019\u00e9pouser.<br \/>\nAndreas, vingt-deux ans, aime la vie et tous ses plaisirs. Il collectionne les aventures comme d\u2019autres les timbres.<\/p>\n<p>Lorsqu\u2019il rentre pour les vacances, les choses s\u2019acc\u00e9l\u00e8rent<\/p>\n<p>Si jusque-l\u00e0, Mila n\u2019a jamais r\u00e9ellement attis\u00e9 son d\u00e9sir, il se rend compte qu\u2019elle l\u2019attire irr\u00e9sistiblement.<\/p>\n<p>Pourtant, il n\u2019a de cesse de lui briser le c\u0153ur.<br \/>\nMila sera-t-elle pr\u00eate \u00e0 tout accepter pour arriver \u00e0 ses fins ?<br \/>\nAndreas pourra-t-il r\u00e9ellement changer ?<br \/>\nEntre d\u00e9ceptions et trahisons, pourront-ils voir leur amour triompher ?<\/p>\n<div id=\"richProductInformation_feature_div\" class=\"celwidget\" data-feature-name=\"richProductInformation\" data-csa-c-id=\"b27tmy-282sjt-giqord-oqi624\" data-cel-widget=\"richProductInformation_feature_div\"><\/div>\n","protected":false},"excerpt":{"rendered":"<p>\u00c0 dix-huit ans, Mila n\u2019a qu\u2019un seul r\u00eave, qu\u2019une seule obsession, se faire aimer d\u2019Andreas, le fr\u00e8re a\u00een\u00e9 de son meilleur ami Lucas, et d\u2019un jour l\u2019\u00e9pouser. Andreas, vingt-deux ans, aime la vie et tous ses plaisirs. Il collectionne les aventures comme d\u2019autres les timbres. Lorsqu\u2019il rentre pour les vacances, les choses s\u2019acc\u00e9l\u00e8rent Si jusque-l\u00e0, [&hellip;]<\/p>\n","protected":false},"featured_media":6683,"comment_status":"open","ping_status":"closed","template":"","meta":{"_acf_changed":false,"content-type":""},"product_brand":[],"product_cat":[461],"product_tag":[],"class_list":{"0":"post-6518","1":"product","2":"type-product","3":"status-publish","4":"has-post-thumbnail","6":"product_cat-romance-contemporaine","8":"first","9":"instock","10":"sold-individually","11":"taxable","12":"shipping-taxable","13":"purchasable","14":"product-type-variable"},"acf":{"auteur":"Ava Krol","date_parution":"20171110","bestseller":false,"librairie":false},"aioseo_notices":[],"_links":{"self":[{"href":"https:\/\/butterfly-editions.com\/index.php\/wp-json\/wp\/v2\/product\/6518","targetHints":{"allow":["GET"]}}],"collection":[{"href":"https:\/\/butterfly-editions.com\/index.php\/wp-json\/wp\/v2\/product"}],"about":[{"href":"https:\/\/butterfly-editions.com\/index.php\/wp-json\/wp\/v2\/types\/product"}],"replies":[{"embeddable":true,"href":"https:\/\/butterfly-editions.com\/index.php\/wp-json\/wp\/v2\/comments?post=6518"}],"wp:featuredmedia":[{"embeddable":true,"href":"https:\/\/butterfly-editions.com\/index.php\/wp-json\/wp\/v2\/media\/6683"}],"wp:attachment":[{"href":"https:\/\/butterfly-editions.com\/index.php\/wp-json\/wp\/v2\/media?parent=6518"}],"wp:term":[{"taxonomy":"product_brand","embeddable":true,"href":"https:\/\/butterfly-editions.com\/index.php\/wp-json\/wp\/v2\/product_brand?post=6518"},{"taxonomy":"product_cat","embeddable":true,"href":"https:\/\/butterfly-editions.com\/index.php\/wp-json\/wp\/v2\/product_cat?post=6518"},{"taxonomy":"product_tag","embeddable":true,"href":"https:\/\/butterfly-editions.com\/index.php\/wp-json\/wp\/v2\/product_tag?post=6518"}],"curies":[{"name":"wp","href":"https:\/\/api.w.org\/{rel}","templated":true}]}}