{"id":6516,"date":"2024-09-01T13:38:42","date_gmt":"2024-09-01T12:38:42","guid":{"rendered":"https:\/\/butterfly-editions.com\/?post_type=product&#038;p=6516"},"modified":"2026-01-27T16:53:35","modified_gmt":"2026-01-27T15:53:35","slug":"love-me-twice-tome-2-de-ava-krol","status":"publish","type":"product","link":"https:\/\/butterfly-editions.com\/index.php\/produit\/love-me-twice-tome-2-de-ava-krol\/","title":{"rendered":"Love T2 &#8211; Love Me Twice"},"content":{"rendered":"<p>Mila poursuit ses \u00e9tudes d\u2019\u0153nologie \u00e0 Dijon, tout en partageant une colocation avec Lucas, son meilleur ami, fr\u00e8re cadet d\u2019Andreas, l\u2019homme qu\u2019elle aime depuis toujours.<br \/>\nCe dernier lui fait la surprise de lui rendre visite, mais entre nos deux amoureux, rien ne va plus.<br \/>\nUne photo, un message font voler en \u00e9clats leur belle entente. De son c\u00f4t\u00e9, Maximilien Molinari r\u00f4de et n\u2019a pas dit son dernier mot.<br \/>\nIl ne renoncera pas \u00e0 son amour pour Mila.<br \/>\nIl la d\u00e9sire, de tout son c\u0153ur, de toute son \u00e2me, m\u00eame s\u2019il doit pour cela la broyer et faire son malheur. Si jusque-l\u00e0 sa relation avec Lucas a toujours \u00e9t\u00e9 sans ambigu\u00eft\u00e9, un r\u00eave fait tout basculer&#8230;Entre la folie de Max, la jalousie d\u2019Andreas et son d\u00e9sir pour Lucas, quel chemin va emprunter Mila ? R\u00e9ussira-t-elle \u00e0 se relever et \u00e0 faire les bons choix ?<\/p>\n<div id=\"richProductInformation_feature_div\" class=\"celwidget\" data-feature-name=\"richProductInformation\" data-csa-c-id=\"b27tmy-282sjt-giqord-oqi624\" data-cel-widget=\"richProductInformation_feature_div\"><\/div>\n<div data-csa-c-id=\"19wyq6-cgerxe-l6z22f-r8purq\" data-cel-widget=\"rich_product_information\"><\/div>\n","protected":false},"excerpt":{"rendered":"<p>Mila poursuit ses \u00e9tudes d\u2019\u0153nologie \u00e0 Dijon, tout en partageant une colocation avec Lucas, son meilleur ami, fr\u00e8re cadet d\u2019Andreas, l\u2019homme qu\u2019elle aime depuis toujours. Ce dernier lui fait la surprise de lui rendre visite, mais entre nos deux amoureux, rien ne va plus. Une photo, un message font voler en \u00e9clats leur belle entente. [&hellip;]<\/p>\n","protected":false},"featured_media":6567,"comment_status":"open","ping_status":"closed","template":"","meta":{"_acf_changed":false,"content-type":""},"product_brand":[],"product_cat":[461],"product_tag":[],"class_list":{"0":"post-6516","1":"product","2":"type-product","3":"status-publish","4":"has-post-thumbnail","6":"product_cat-romance-contemporaine","8":"first","9":"instock","10":"sold-individually","11":"taxable","12":"shipping-taxable","13":"purchasable","14":"product-type-variable"},"acf":{"auteur":"Ava Krol","date_parution":"20180209","bestseller":false,"librairie":false},"aioseo_notices":[],"_links":{"self":[{"href":"https:\/\/butterfly-editions.com\/index.php\/wp-json\/wp\/v2\/product\/6516","targetHints":{"allow":["GET"]}}],"collection":[{"href":"https:\/\/butterfly-editions.com\/index.php\/wp-json\/wp\/v2\/product"}],"about":[{"href":"https:\/\/butterfly-editions.com\/index.php\/wp-json\/wp\/v2\/types\/product"}],"replies":[{"embeddable":true,"href":"https:\/\/butterfly-editions.com\/index.php\/wp-json\/wp\/v2\/comments?post=6516"}],"wp:featuredmedia":[{"embeddable":true,"href":"https:\/\/butterfly-editions.com\/index.php\/wp-json\/wp\/v2\/media\/6567"}],"wp:attachment":[{"href":"https:\/\/butterfly-editions.com\/index.php\/wp-json\/wp\/v2\/media?parent=6516"}],"wp:term":[{"taxonomy":"product_brand","embeddable":true,"href":"https:\/\/butterfly-editions.com\/index.php\/wp-json\/wp\/v2\/product_brand?post=6516"},{"taxonomy":"product_cat","embeddable":true,"href":"https:\/\/butterfly-editions.com\/index.php\/wp-json\/wp\/v2\/product_cat?post=6516"},{"taxonomy":"product_tag","embeddable":true,"href":"https:\/\/butterfly-editions.com\/index.php\/wp-json\/wp\/v2\/product_tag?post=6516"}],"curies":[{"name":"wp","href":"https:\/\/api.w.org\/{rel}","templated":true}]}}