{"id":6514,"date":"2024-09-01T13:38:42","date_gmt":"2024-09-01T12:38:42","guid":{"rendered":"https:\/\/butterfly-editions.com\/?post_type=product&#038;p=6514"},"modified":"2026-01-26T21:44:29","modified_gmt":"2026-01-26T20:44:29","slug":"love-addiction-de-juliette-mey","status":"publish","type":"product","link":"https:\/\/butterfly-editions.com\/index.php\/produit\/love-addiction-de-juliette-mey\/","title":{"rendered":"Love Addiction"},"content":{"rendered":"<p><strong>Entre interdit et passion, lequel de ces deux sentiments l&#8217;emportera sur l&rsquo;autre ?<\/strong><\/p>\n<p>Eden a vingt ans. Son p\u00e8re, Jared, chanteur \u00e0 succ\u00e8s du groupe \u00ab\u00a0Up and down\u00a0\u00bb l&rsquo;a surprot\u00e9g\u00e9e depuis sa naissance. Les gar\u00e7ons ? Elle les a toujours mis au second plan. Les \u00e9tudes ? Sa plus grande fiert\u00e9. Jour apr\u00e8s jour, elle se bat pour tracer son propre chemin afin de gagner son ind\u00e9pendance \u00e0 la sueur de son front et non de son patronyme.<br \/>\nIsaac a bient\u00f4t trente ans. Apr\u00e8s des ann\u00e9es sombres, le voil\u00e0 enfin pr\u00eat \u00e0 reprendre sa vie en main. Gr\u00e2ce \u00e0 son arriv\u00e9e en tant que bassiste dans le groupe surm\u00e9diatis\u00e9 Up and down, il compte bien prouver au monde entier que les deuxi\u00e8mes chances existent. Dor\u00e9navant, il s&rsquo;est fait la promesse solennelle d&rsquo;\u00eatre un gars fiable qui ne commettra plus aucun d\u00e9rapage. Pour cela, il est pr\u00eat \u00e0 tout. M\u00eame \u00e0 signer le plus ind\u00e9cent des contrats.<br \/>\nMais quand sa voiture percute celle de la fille de son nouveau boss, ses certitudes s&rsquo;effondrent. Un regard, et tout bascule. Un effleurement, et plus rien ne sera comme avant.<\/p>\n<p><em>Entre raison et passion, il n&rsquo;y a qu&rsquo;un pas pour franchir la ligne rouge. Celle qui lui est d\u00e9sormais interdite et qui ne tient qu&rsquo;en quatre lettres.<\/em><br \/>\n<em>E.D.E.N.<\/em><\/p>\n<div id=\"richProductInformation_feature_div\" class=\"celwidget\" data-feature-name=\"richProductInformation\" data-csa-c-id=\"b27tmy-282sjt-giqord-oqi624\" data-cel-widget=\"richProductInformation_feature_div\">\n<div id=\"rich_product_information\" class=\"a-section a-spacing-none celwidget\" data-csa-c-id=\"19wyq6-cgerxe-l6z22f-r8purq\" data-cel-widget=\"rich_product_information\"><\/div>\n<\/div>\n","protected":false},"excerpt":{"rendered":"<p>Entre interdit et passion, lequel de ces deux sentiments l&#8217;emportera sur l&rsquo;autre ? Eden a vingt ans. Son p\u00e8re, Jared, chanteur \u00e0 succ\u00e8s du groupe \u00ab\u00a0Up and down\u00a0\u00bb l&rsquo;a surprot\u00e9g\u00e9e depuis sa naissance. Les gar\u00e7ons ? Elle les a toujours mis au second plan. Les \u00e9tudes ? Sa plus grande fiert\u00e9. Jour apr\u00e8s jour, elle [&hellip;]<\/p>\n","protected":false},"featured_media":6646,"comment_status":"open","ping_status":"closed","template":"","meta":{"_acf_changed":false,"content-type":""},"product_brand":[],"product_cat":[461],"product_tag":[490,491,508,497],"class_list":{"0":"post-6514","1":"product","2":"type-product","3":"status-publish","4":"has-post-thumbnail","6":"product_cat-romance-contemporaine","7":"product_tag-passion","8":"product_tag-spicy","9":"product_tag-star","10":"product_tag-suspense","12":"first","13":"instock","14":"sold-individually","15":"taxable","16":"shipping-taxable","17":"purchasable","18":"product-type-variable"},"acf":{"auteur":"Juliette Mey","date_parution":"20191127","bestseller":false,"librairie":false},"aioseo_notices":[],"_links":{"self":[{"href":"https:\/\/butterfly-editions.com\/index.php\/wp-json\/wp\/v2\/product\/6514","targetHints":{"allow":["GET"]}}],"collection":[{"href":"https:\/\/butterfly-editions.com\/index.php\/wp-json\/wp\/v2\/product"}],"about":[{"href":"https:\/\/butterfly-editions.com\/index.php\/wp-json\/wp\/v2\/types\/product"}],"replies":[{"embeddable":true,"href":"https:\/\/butterfly-editions.com\/index.php\/wp-json\/wp\/v2\/comments?post=6514"}],"wp:featuredmedia":[{"embeddable":true,"href":"https:\/\/butterfly-editions.com\/index.php\/wp-json\/wp\/v2\/media\/6646"}],"wp:attachment":[{"href":"https:\/\/butterfly-editions.com\/index.php\/wp-json\/wp\/v2\/media?parent=6514"}],"wp:term":[{"taxonomy":"product_brand","embeddable":true,"href":"https:\/\/butterfly-editions.com\/index.php\/wp-json\/wp\/v2\/product_brand?post=6514"},{"taxonomy":"product_cat","embeddable":true,"href":"https:\/\/butterfly-editions.com\/index.php\/wp-json\/wp\/v2\/product_cat?post=6514"},{"taxonomy":"product_tag","embeddable":true,"href":"https:\/\/butterfly-editions.com\/index.php\/wp-json\/wp\/v2\/product_tag?post=6514"}],"curies":[{"name":"wp","href":"https:\/\/api.w.org\/{rel}","templated":true}]}}