{"id":6513,"date":"2024-09-01T13:38:41","date_gmt":"2024-09-01T12:38:41","guid":{"rendered":"https:\/\/butterfly-editions.com\/?post_type=product&#038;p=6513"},"modified":"2026-01-28T12:17:37","modified_gmt":"2026-01-28T11:17:37","slug":"ella-de-lea-lou","status":"publish","type":"product","link":"https:\/\/butterfly-editions.com\/index.php\/produit\/ella-de-lea-lou\/","title":{"rendered":"Ella"},"content":{"rendered":"<p><strong>Quand tout bascule en quelques secondes, que le simple fait de respirer vous est devenu insupportable, que vous reste-t-il ?<\/strong><\/p>\n<p>Ella d\u00e9cide de fuir et de partir s\u2019installer \u00e0 Londres, afin d\u2019apprendre \u00e0 survivre. Jusque-l\u00e0, le seul moyen qu\u2019elle avait trouv\u00e9 pour se prot\u00e9ger \u00e9tait de ne laisser aucun homme l\u2019approcher, pr\u00e9f\u00e9rant enfouir en elle ses peurs les plus profondes.<br \/>\nEt pourtant, une rencontre inattendue va faire voler en \u00e9clats toutes ses certitudes et baisser, une \u00e0 une, les barri\u00e8res qu\u2019elle avait \u00e9rig\u00e9es autour d\u2019elle depuis tant d\u2019ann\u00e9es.<\/p>\n<p><em>Sera-t-elle pr\u00eate pour autant \u00e0 laisser son pass\u00e9 de c\u00f4t\u00e9 ?<\/em><\/p>\n<div id=\"richProductInformation_feature_div\" class=\"celwidget\" data-feature-name=\"richProductInformation\" data-csa-c-id=\"b27tmy-282sjt-giqord-oqi624\" data-cel-widget=\"richProductInformation_feature_div\"><\/div>\n","protected":false},"excerpt":{"rendered":"<p>Quand tout bascule en quelques secondes, que le simple fait de respirer vous est devenu insupportable, que vous reste-t-il ? Ella d\u00e9cide de fuir et de partir s\u2019installer \u00e0 Londres, afin d\u2019apprendre \u00e0 survivre. Jusque-l\u00e0, le seul moyen qu\u2019elle avait trouv\u00e9 pour se prot\u00e9ger \u00e9tait de ne laisser aucun homme l\u2019approcher, pr\u00e9f\u00e9rant enfouir en elle [&hellip;]<\/p>\n","protected":false},"featured_media":6566,"comment_status":"open","ping_status":"closed","template":"","meta":{"_acf_changed":false,"content-type":""},"product_brand":[],"product_cat":[461],"product_tag":[],"class_list":{"0":"post-6513","1":"product","2":"type-product","3":"status-publish","4":"has-post-thumbnail","6":"product_cat-romance-contemporaine","8":"first","9":"instock","10":"sold-individually","11":"taxable","12":"shipping-taxable","13":"purchasable","14":"product-type-variable"},"acf":{"auteur":"L\u00e9a Lou","date_parution":"20200807","bestseller":false,"librairie":false},"aioseo_notices":[],"_links":{"self":[{"href":"https:\/\/butterfly-editions.com\/index.php\/wp-json\/wp\/v2\/product\/6513","targetHints":{"allow":["GET"]}}],"collection":[{"href":"https:\/\/butterfly-editions.com\/index.php\/wp-json\/wp\/v2\/product"}],"about":[{"href":"https:\/\/butterfly-editions.com\/index.php\/wp-json\/wp\/v2\/types\/product"}],"replies":[{"embeddable":true,"href":"https:\/\/butterfly-editions.com\/index.php\/wp-json\/wp\/v2\/comments?post=6513"}],"wp:featuredmedia":[{"embeddable":true,"href":"https:\/\/butterfly-editions.com\/index.php\/wp-json\/wp\/v2\/media\/6566"}],"wp:attachment":[{"href":"https:\/\/butterfly-editions.com\/index.php\/wp-json\/wp\/v2\/media?parent=6513"}],"wp:term":[{"taxonomy":"product_brand","embeddable":true,"href":"https:\/\/butterfly-editions.com\/index.php\/wp-json\/wp\/v2\/product_brand?post=6513"},{"taxonomy":"product_cat","embeddable":true,"href":"https:\/\/butterfly-editions.com\/index.php\/wp-json\/wp\/v2\/product_cat?post=6513"},{"taxonomy":"product_tag","embeddable":true,"href":"https:\/\/butterfly-editions.com\/index.php\/wp-json\/wp\/v2\/product_tag?post=6513"}],"curies":[{"name":"wp","href":"https:\/\/api.w.org\/{rel}","templated":true}]}}