{"id":6511,"date":"2024-09-01T13:38:41","date_gmt":"2024-09-01T12:38:41","guid":{"rendered":"https:\/\/butterfly-editions.com\/?post_type=product&#038;p=6511"},"modified":"2024-09-01T13:44:17","modified_gmt":"2024-09-01T12:44:17","slug":"promets-moi-de-julie-willame","status":"publish","type":"product","link":"https:\/\/butterfly-editions.com\/index.php\/produit\/promets-moi-de-julie-willame\/","title":{"rendered":"Promets-moi de Julie Willame"},"content":{"rendered":"<p><b>Ensemble, ils vont vivre l\u2019enfer&#8230;<\/b><\/p>\n<p>\u00c0 vingt-trois ans, Claire Stalens m\u00e8ne une vie ordinaire aupr\u00e8s de sa famille et son amie fid\u00e8le, Zo\u00e9. Lorsque sa route croise celle de Samuel Liguisto, tout s\u2019\u00e9croule. Quand elle refuse ses avances, celui-ci la harc\u00e8le de messages et de menaces. Paniqu\u00e9e, cette derni\u00e8re d\u00e9cide de se rendre au commissariat o\u00f9 elle fait la connaissance d\u2019\u00c9milien, l\u2019inspecteur charg\u00e9 de l\u2019enqu\u00eate.<\/p>\n<p>Quelques jours plus tard, Claire dispara\u00eet, enlev\u00e9e et s\u00e9questr\u00e9e par Liguisto. \u00c9milien n\u2019a alors plus qu\u2019un seul objectif : la retrouver, saine et sauve. Cependant, il va, \u00e0 son tour, se retrouver pi\u00e9g\u00e9&#8230;<\/p>\n<p>Confront\u00e9s \u00e0 la folie de leur ravisseur, ils vont devoir se lier l\u2019un \u00e0 l\u2019autre.<\/p>\n<p><i>Arriveront-ils \u00e0 sortir de l\u00e0 vivants et ensemble ?<\/i><\/p>\n<div id=\"richProductInformation_feature_div\" class=\"celwidget\" data-feature-name=\"richProductInformation\" data-csa-c-id=\"b27tmy-282sjt-giqord-oqi624\" data-cel-widget=\"richProductInformation_feature_div\">\n<div id=\"rich_product_information\" class=\"a-section a-spacing-none celwidget\" data-csa-c-id=\"19wyq6-cgerxe-l6z22f-r8purq\" data-cel-widget=\"rich_product_information\"><a href=\"https:\/\/www.amazon.fr\/Promets-moi-Julie-Willame-ebook\/dp\/B08KHGBKWM\/ref=sr_1_1?__mk_fr_FR=%C3%85M%C3%85%C5%BD%C3%95%C3%91&amp;keywords=promets+moi+julie&amp;qid=1638969804&amp;sr=8-1\"><img loading=\"lazy\" decoding=\"async\" class=\"n3VNCb alignleft\" src=\"https:\/\/logos-world.net\/wp-content\/uploads\/2020\/03\/Amazon-Kindle-Symbol.png\" alt=\"Amazon Kindle Logo, history, meaning, symbol, PNG\" width=\"94\" height=\"53\" data-noaft=\"1\" \/><\/a><a href=\"https:\/\/play.google.com\/store\/books\/details\/Julie_Willame_Promets_moi?id=LlgAEAAAQBAJ\"><img loading=\"lazy\" decoding=\"async\" class=\"alignleft\" src=\"https:\/\/upload.wikimedia.org\/wikipedia\/commons\/3\/3b\/Google_livres.png\" alt=\"\" width=\"106\" height=\"40\" \/><\/a><a href=\"https:\/\/www.kobo.com\/fr\/fr\/ebook\/promets-moi-2\"><img loading=\"lazy\" decoding=\"async\" class=\"alignleft\" src=\"https:\/\/download.logo.wine\/logo\/Kobo_eReader\/Kobo_eReader-Logo.wine.png\" alt=\"\" width=\"90\" height=\"60\" \/><\/a><a href=\"https:\/\/books.apple.com\/be\/book\/promets-moi\/id1534113920?l=fr\"><img loading=\"lazy\" decoding=\"async\" class=\"alignleft\" src=\"https:\/\/support.apple.com\/content\/dam\/edam\/applecare\/images\/en_US\/social\/thumbnail\/ios11-ibooks-app_2x.png\" alt=\"\" width=\"52\" height=\"52\" \/><\/a><\/div>\n<\/div>\n<div data-csa-c-id=\"19wyq6-cgerxe-l6z22f-r8purq\" data-cel-widget=\"rich_product_information\"><\/div>\n<div data-csa-c-id=\"19wyq6-cgerxe-l6z22f-r8purq\" data-cel-widget=\"rich_product_information\"><\/div>\n","protected":false},"excerpt":{"rendered":"<p>Ensemble, ils vont vivre l\u2019enfer&#8230; \u00c0 vingt-trois ans, Claire Stalens m\u00e8ne une vie ordinaire aupr\u00e8s de sa famille et son amie fid\u00e8le, Zo\u00e9. Lorsque sa route croise celle de Samuel Liguisto, tout s\u2019\u00e9croule. Quand elle refuse ses avances, celui-ci la harc\u00e8le de messages et de menaces. Paniqu\u00e9e, cette derni\u00e8re d\u00e9cide de se rendre au commissariat [&hellip;]<\/p>\n","protected":false},"featured_media":6734,"comment_status":"open","ping_status":"closed","template":"","meta":{"_acf_changed":false,"content-type":""},"product_brand":[],"product_cat":[59],"product_tag":[],"class_list":{"0":"post-6511","1":"product","2":"type-product","3":"status-publish","4":"has-post-thumbnail","6":"product_cat-non-classe","8":"first","9":"instock","10":"taxable","11":"shipping-taxable","12":"purchasable","13":"product-type-simple"},"acf":{"auteur":"","date_parution":null,"bestseller":false,"librairie":false},"aioseo_notices":[],"_links":{"self":[{"href":"https:\/\/butterfly-editions.com\/index.php\/wp-json\/wp\/v2\/product\/6511","targetHints":{"allow":["GET"]}}],"collection":[{"href":"https:\/\/butterfly-editions.com\/index.php\/wp-json\/wp\/v2\/product"}],"about":[{"href":"https:\/\/butterfly-editions.com\/index.php\/wp-json\/wp\/v2\/types\/product"}],"replies":[{"embeddable":true,"href":"https:\/\/butterfly-editions.com\/index.php\/wp-json\/wp\/v2\/comments?post=6511"}],"wp:featuredmedia":[{"embeddable":true,"href":"https:\/\/butterfly-editions.com\/index.php\/wp-json\/wp\/v2\/media\/6734"}],"wp:attachment":[{"href":"https:\/\/butterfly-editions.com\/index.php\/wp-json\/wp\/v2\/media?parent=6511"}],"wp:term":[{"taxonomy":"product_brand","embeddable":true,"href":"https:\/\/butterfly-editions.com\/index.php\/wp-json\/wp\/v2\/product_brand?post=6511"},{"taxonomy":"product_cat","embeddable":true,"href":"https:\/\/butterfly-editions.com\/index.php\/wp-json\/wp\/v2\/product_cat?post=6511"},{"taxonomy":"product_tag","embeddable":true,"href":"https:\/\/butterfly-editions.com\/index.php\/wp-json\/wp\/v2\/product_tag?post=6511"}],"curies":[{"name":"wp","href":"https:\/\/api.w.org\/{rel}","templated":true}]}}